{"id":801,"date":"2012-06-06T09:27:25","date_gmt":"2012-06-06T08:27:25","guid":{"rendered":"http:\/\/nosolomates.es\/?page_id=801"},"modified":"2012-06-06T09:27:25","modified_gmt":"2012-06-06T08:27:25","slug":"othello","status":"publish","type":"page","link":"https:\/\/nosolomates.es\/?page_id=801","title":{"rendered":"Othello"},"content":{"rendered":"<p><span class=\"bold\">Objetivo:<\/span> Conseguir tener un mayor n\u00famero de fichas de tu color que el contrario al terminar la partida.<\/p>\n<p><center><\/p>\n<div id=\"utilidades\"><iframe loading=\"lazy\" src=\"juegos\/othello.htm\" width=\"520\" height=\"630\" scrolling=\"auto\" frameborder=\"0\"><\/p>\n<p>Texto alternativo para browsers que no aceptan iframes.<\/p>\n<p>    <\/iframe><\/div>\n<p><\/center><\/p>\n<h1>C\u00f3mo se juega:<\/h1>\n<p> Tienes que situar fichas de tu color en las casillas vac\u00edas de manera que dejes en medio una o m\u00e1s fichas del color contrario. Cuando las fichas del contrario quedan comprendidas entre dos de las tuyas (de manera similar al &#8220;salto&#8221; de las damas), pasan a ser de tu color, incluso cuando son en dos direcciones distintas.<br \/>\nEjemplo: Si el jugador blanco coloca una ficha en la posici\u00f3n se\u00f1alada en la figura 1, todas las fichas se\u00f1aladas en la figura 2 pasan a ser de su color, ya que todas han quedado comprendidas entre dos blancas.<\/p>\n<p><center><TABLE border=0><TR><TD align=center><IMG height=130 src=\"juegos\/archivos\/othello4.gif\" width=133><br \/>\n      1<\/TD><TD>&nbsp;&nbsp;<\/TD><br \/>\n    <TD align=center><IMG height=131 src=\"juegos\/archivos\/othello5.gif\" width=132><br \/>\n      2<\/TD><\/TR><\/TABLE><\/center><\/p>\n<p>Es obligatorio &#8220;comer&#8221; piezas en cada jugada, es decir, no se puede colocar la ficha en una posici\u00f3n en la que no cambies de color a ninguna de tu adversario. Si no hay ning\u00fana jugada posible, el turno pasa al otro jugador. Si ninguno de los dos tiene posibilidad de colocar ficha, el juego termina.<br \/>\n<BR><span class=\"bold\">\u00a1A divertirse!<\/span> <BR><BR><\/p>\n<p>NOTA: Este c\u00f3digo es original de Lee <\/FONT>(<A href=\"mailto:lee@lemurcomputing.co.uk\"><FONT size=2>lee@lemurcomputing.co.uk<\/FONT><\/A><FONT size=2>) y est\u00e1 en la web <a href=\"http:\/\/www.lemurcomputing.co.uk\" target=\"_blank\">http:\/\/www.lemurcomputing.co.uk<\/a>. Yo lo encontr\u00e9 y lo traduje de <a href=\"http:\/\/utenti.quipo.it\/base5\/index.htm\" target=\"_blank\">Base Cinque &#8211; Appunti di Matematica ricreativa<\/a>, de Gianfranco Bo, y le he hecho algunas modificaciones.<\/p>\n<div><\/br>&nbsp;<\/div>\n<div class=\"sharedaddy sd-sharing-enabled\"><div class=\"robots-nocontent sd-block sd-social sd-social-official sd-sharing\"><div class=\"sd-content\"><ul><li class=\"share-facebook\"><div class=\"fb-share-button\" data-href=\"https:\/\/nosolomates.es\/?page_id=801\" data-layout=\"button_count\"><\/div><\/li><li class=\"share-twitter\"><a href=\"https:\/\/twitter.com\/share\" class=\"twitter-share-button\" data-url=\"https:\/\/nosolomates.es\/?page_id=801\" data-text=\"Othello\"  >Tweet<\/a><\/li><li class=\"share-linkedin\"><div class=\"linkedin_button\"><script type=\"in\/share\" data-url=\"https:\/\/nosolomates.es\/?page_id=801\" data-counter=\"right\"><\/script><\/div><\/li><li class=\"share-pinterest\"><div class=\"pinterest_button\"><a href=\"https:\/\/www.pinterest.com\/pin\/create\/button\/?url=https%3A%2F%2Fnosolomates.es%2F%3Fpage_id%3D801&#038;media=https%3A%2F%2Fsecure.gravatar.com%2Favatar%2Fc9ba1828908559b850337a4baa073367%3Fs%3D96%26d%3Dmm%26r%3Dg&#038;description=Othello\" data-pin-do=\"buttonPin\" data-pin-config=\"beside\"><img src=\"\/\/assets.pinterest.com\/images\/pidgets\/pinit_fg_en_rect_gray_20.png\" \/><\/a><\/div><\/li><li class=\"share-end\"><\/li><\/ul><\/div><\/div><\/div>","protected":false},"excerpt":{"rendered":"<p>Objetivo: Conseguir tener un mayor n\u00famero de fichas de tu color que el contrario al terminar la partida. Texto alternativo para browsers que no aceptan iframes. C\u00f3mo se juega: Tienes que situar fichas de tu color en las casillas vac\u00edas &hellip; <a href=\"https:\/\/nosolomates.es\/?page_id=801\">Sigue leyendo <span class=\"meta-nav\">&rarr;<\/span><\/a><\/p>\n<div class=\"sharedaddy sd-sharing-enabled\"><div class=\"robots-nocontent sd-block sd-social sd-social-official sd-sharing\"><div class=\"sd-content\"><ul><li class=\"share-facebook\"><div class=\"fb-share-button\" data-href=\"https:\/\/nosolomates.es\/?page_id=801\" data-layout=\"button_count\"><\/div><\/li><li class=\"share-twitter\"><a href=\"https:\/\/twitter.com\/share\" class=\"twitter-share-button\" data-url=\"https:\/\/nosolomates.es\/?page_id=801\" data-text=\"Othello\"  >Tweet<\/a><\/li><li class=\"share-linkedin\"><div class=\"linkedin_button\"><script type=\"in\/share\" data-url=\"https:\/\/nosolomates.es\/?page_id=801\" data-counter=\"right\"><\/script><\/div><\/li><li class=\"share-pinterest\"><div class=\"pinterest_button\"><a href=\"https:\/\/www.pinterest.com\/pin\/create\/button\/?url=https%3A%2F%2Fnosolomates.es%2F%3Fpage_id%3D801&#038;media=https%3A%2F%2Fsecure.gravatar.com%2Favatar%2Fc9ba1828908559b850337a4baa073367%3Fs%3D96%26d%3Dmm%26r%3Dg&#038;description=Othello\" data-pin-do=\"buttonPin\" data-pin-config=\"beside\"><img src=\"\/\/assets.pinterest.com\/images\/pidgets\/pinit_fg_en_rect_gray_20.png\" \/><\/a><\/div><\/li><li class=\"share-end\"><\/li><\/ul><\/div><\/div><\/div>","protected":false},"author":1,"featured_media":0,"parent":569,"menu_order":4,"comment_status":"open","ping_status":"open","template":"","meta":{"jetpack_post_was_ever_published":false,"footnotes":""},"jetpack_shortlink":"https:\/\/wp.me\/P9BfV-cV","jetpack_sharing_enabled":true,"_links":{"self":[{"href":"https:\/\/nosolomates.es\/index.php?rest_route=\/wp\/v2\/pages\/801"}],"collection":[{"href":"https:\/\/nosolomates.es\/index.php?rest_route=\/wp\/v2\/pages"}],"about":[{"href":"https:\/\/nosolomates.es\/index.php?rest_route=\/wp\/v2\/types\/page"}],"author":[{"embeddable":true,"href":"https:\/\/nosolomates.es\/index.php?rest_route=\/wp\/v2\/users\/1"}],"replies":[{"embeddable":true,"href":"https:\/\/nosolomates.es\/index.php?rest_route=%2Fwp%2Fv2%2Fcomments&post=801"}],"version-history":[{"count":1,"href":"https:\/\/nosolomates.es\/index.php?rest_route=\/wp\/v2\/pages\/801\/revisions"}],"predecessor-version":[{"id":802,"href":"https:\/\/nosolomates.es\/index.php?rest_route=\/wp\/v2\/pages\/801\/revisions\/802"}],"up":[{"embeddable":true,"href":"https:\/\/nosolomates.es\/index.php?rest_route=\/wp\/v2\/pages\/569"}],"wp:attachment":[{"href":"https:\/\/nosolomates.es\/index.php?rest_route=%2Fwp%2Fv2%2Fmedia&parent=801"}],"curies":[{"name":"wp","href":"https:\/\/api.w.org\/{rel}","templated":true}]}}