{"id":762,"date":"2012-04-14T13:28:30","date_gmt":"2012-04-14T12:28:30","guid":{"rendered":"http:\/\/nosolomates.es\/?page_id=762"},"modified":"2016-04-08T12:46:45","modified_gmt":"2016-04-08T10:46:45","slug":"la-escitala-espartana","status":"publish","type":"page","link":"https:\/\/nosolomates.es\/?page_id=762","title":{"rendered":"La Esc\u00edtala espartana"},"content":{"rendered":"<p>Herramienta para cifrar y descifrar textos mediante el m\u00e9todo de la esc\u00edtala espartana.<\/p>\n<p><center><\/p>\n<div id=\"utilidades\"><h7><iframe loading=\"lazy\" src=\"web\/cifradoescitala.htm\" width=\"520\" height=\"385\" scrolling=\"auto\" frameborder=\"0\"><\/p>\n<p>Texto alternativo para browsers que no aceptan iframes.<\/p>\n<p>    <\/iframe><\/h7><\/div>\n<p><\/center><br \/>\n<\/p>\n<h1>Explicaci\u00f3n:<\/h1>\n<p><\/p>\n<p>Este m\u00e9todo para cifrar mensajes consiste simplemente en cambiar el orden de las letras que componen el mensaje. Es decir, las letras son las mismas, pero descolocadas. Ni siquiera est\u00e1n descolocadas al azar, sino que hay un orden para hacerlo, por lo que es un m\u00e9todo de cifrado bastante simple que, como dicen los entendidos, solo protege los mensajes de tu hermana peque\u00f1a.<\/p>\n<p>Su uso se remonta al siglo IV antes de Cristo, cuando los espartanos enrollaban una cinta alrededor de una vara (la esc\u00edtala) y escrib\u00edan el texto como se ve en el dibujo. Al desenrrollar la cinta, el mensaje estaba cifrado.<br \/>\n<img decoding=\"async\" src=\"web\/imagenes\/escitala.gif\"><br \/>\nEl texto del dibujo, al desenrrollar la cinta, se leer\u00eda: VLSOBOYLLAOOLGMEDAEETRNEEOS. Para descifrarlo, s\u00f3lo hay que enrrollar la tira  en una vara del mismo di\u00e1metro y recuperar as\u00ed el texto original.<\/p>\n<p>En la pr\u00e1ctica, eso es equivalente a escribir el texto en una tabla en la que elegimos el n\u00famero de columnas. El texto cifrado ser\u00e1 el que se obtenga al leer las letras en vertical. Por ejemplo, vamos a cifrar el texto &#8220;Voy a leer el blog de NoSoloMates&#8221; con una tabla de 7 columnas:<\/p>\n<table>\n<tr>\n<td>\n<table border=\"1\">\n<tr>\n<td>V<\/td>\n<td>O<\/td>\n<td>Y<\/td>\n<td> <\/td>\n<td>A<\/td>\n<td> <\/td>\n<td>L<\/td>\n<\/tr>\n<tr>\n<td>E<\/td>\n<td>E<\/td>\n<td>R<\/td>\n<td> <\/td>\n<td>E<\/td>\n<td>L<\/td>\n<td> <\/td>\n<\/tr>\n<tr>\n<td>B<\/td>\n<td>L<\/td>\n<td>O<\/td>\n<td>G<\/td>\n<td> <\/td>\n<td>D<\/td>\n<td>E<\/td>\n<\/tr>\n<tr>\n<td> <\/td>\n<td>N<\/td>\n<td>O<\/td>\n<td>S<\/td>\n<td>O<\/td>\n<td>L<\/td>\n<td>O<\/td>\n<\/tr>\n<tr>\n<td>M<\/td>\n<td>A<\/td>\n<td>T<\/td>\n<td>E<\/td>\n<td>S<\/td>\n<td>.<\/td>\n<td> <\/td>\n<\/tr>\n<\/table>\n<\/td>\n<td>&nbsp;&nbsp;&nbsp;&nbsp;&nbsp;&nbsp;<\/td>\n<td>\n<p>El texto cifrado ser\u00e1:<\/p>\n<p class=\"bold\">VEB MOELNAYROOT&nbsp;&nbsp;GSEAE OS LDL.L EO<\/p>\n<p>Como v\u00e9is, se pueden mantener los espacios del texto, que tambi\u00e9n quedar\u00e1n descolocados en el texto cifrado.<\/p>\n<\/td>\n<\/table>\n<p>\nOtra opci\u00f3n ser\u00eda eliminarlos, obteniendo una \u00fanica cadena de letras. Por ejemplo, vamos a cifrar el mismo texto con 6 columnas y sin espacios:<\/p>\n<table>\n<tr>\n<td>\n<table border=\"1\">\n<tr>\n<td>V<\/td>\n<td>O<\/td>\n<td>Y<\/td>\n<td>A<\/td>\n<td>L<\/td>\n<td>E<\/td>\n<\/tr>\n<tr>\n<td>E<\/td>\n<td>R<\/td>\n<td>E<\/td>\n<td>L<\/td>\n<td>B<\/td>\n<td>L<\/td>\n<\/tr>\n<tr>\n<td>O<\/td>\n<td>G<\/td>\n<td>D<\/td>\n<td>E<\/td>\n<td>N<\/td>\n<td>O<\/td>\n<\/tr>\n<tr>\n<td>S<\/td>\n<td>O<\/td>\n<td>L<\/td>\n<td>O<\/td>\n<td>M<\/td>\n<td>A<\/td>\n<\/tr>\n<tr>\n<td>T<\/td>\n<td>E<\/td>\n<td>S<\/td>\n<td>.<\/td>\n<td> <\/td>\n<td> <\/td>\n<\/tr>\n<\/table>\n<\/td>\n<td>&nbsp;&nbsp;&nbsp;&nbsp;&nbsp;&nbsp;<\/td>\n<td>\n<p>En este caso, el texto cifrado ser\u00e1:<\/p>\n<p class=\"bold\">VEOSTORGOEYEDLSALEO.LBNMAELOAA<\/p>\n<\/td>\n<\/tr>\n<\/table>\n<p>\nRecuerda que en el caso de quitar los espacios, en vez de escribir todas las letras seguidas, los profesionales lo hacen en bloques de 5 para que sea m\u00e1s &#8220;tratable&#8221;, de modo que el \u00faltimo ejemplo un profesional lo escribir\u00eda como:<br \/>\n<center><\/p>\n<p class=\"bold\">VEOST ORGOE YEDLS ALEO. LBNMA ELOAA<\/p>\n<p><\/center><\/p>\n<div><\/br>&nbsp;<\/div>\n<div class=\"sharedaddy sd-sharing-enabled\"><div class=\"robots-nocontent sd-block sd-social sd-social-official sd-sharing\"><div class=\"sd-content\"><ul><li class=\"share-facebook\"><div class=\"fb-share-button\" data-href=\"https:\/\/nosolomates.es\/?page_id=762\" data-layout=\"button_count\"><\/div><\/li><li class=\"share-twitter\"><a href=\"https:\/\/twitter.com\/share\" class=\"twitter-share-button\" data-url=\"https:\/\/nosolomates.es\/?page_id=762\" data-text=\"La Esc\u00edtala espartana\"  >Tweet<\/a><\/li><li class=\"share-linkedin\"><div class=\"linkedin_button\"><script type=\"in\/share\" data-url=\"https:\/\/nosolomates.es\/?page_id=762\" data-counter=\"right\"><\/script><\/div><\/li><li class=\"share-pinterest\"><div class=\"pinterest_button\"><a href=\"https:\/\/www.pinterest.com\/pin\/create\/button\/?url=https%3A%2F%2Fnosolomates.es%2F%3Fpage_id%3D762&#038;media=https%3A%2F%2Fsecure.gravatar.com%2Favatar%2Fc9ba1828908559b850337a4baa073367%3Fs%3D96%26d%3Dmm%26r%3Dg&#038;description=La%20Esc%C3%ADtala%20espartana\" data-pin-do=\"buttonPin\" data-pin-config=\"beside\"><img src=\"\/\/assets.pinterest.com\/images\/pidgets\/pinit_fg_en_rect_gray_20.png\" \/><\/a><\/div><\/li><li class=\"share-end\"><\/li><\/ul><\/div><\/div><\/div>","protected":false},"excerpt":{"rendered":"<p>Herramienta para cifrar y descifrar textos mediante el m\u00e9todo de la esc\u00edtala espartana. Texto alternativo para browsers que no aceptan iframes. Explicaci\u00f3n: Este m\u00e9todo para cifrar mensajes consiste simplemente en cambiar el orden de las letras que componen el mensaje. &hellip; <a href=\"https:\/\/nosolomates.es\/?page_id=762\">Sigue leyendo <span class=\"meta-nav\">&rarr;<\/span><\/a><\/p>\n<div class=\"sharedaddy sd-sharing-enabled\"><div class=\"robots-nocontent sd-block sd-social sd-social-official sd-sharing\"><div class=\"sd-content\"><ul><li class=\"share-facebook\"><div class=\"fb-share-button\" data-href=\"https:\/\/nosolomates.es\/?page_id=762\" data-layout=\"button_count\"><\/div><\/li><li class=\"share-twitter\"><a href=\"https:\/\/twitter.com\/share\" class=\"twitter-share-button\" data-url=\"https:\/\/nosolomates.es\/?page_id=762\" data-text=\"La Esc\u00edtala espartana\"  >Tweet<\/a><\/li><li class=\"share-linkedin\"><div class=\"linkedin_button\"><script type=\"in\/share\" data-url=\"https:\/\/nosolomates.es\/?page_id=762\" data-counter=\"right\"><\/script><\/div><\/li><li class=\"share-pinterest\"><div class=\"pinterest_button\"><a href=\"https:\/\/www.pinterest.com\/pin\/create\/button\/?url=https%3A%2F%2Fnosolomates.es%2F%3Fpage_id%3D762&#038;media=https%3A%2F%2Fsecure.gravatar.com%2Favatar%2Fc9ba1828908559b850337a4baa073367%3Fs%3D96%26d%3Dmm%26r%3Dg&#038;description=La%20Esc%C3%ADtala%20espartana\" data-pin-do=\"buttonPin\" data-pin-config=\"beside\"><img src=\"\/\/assets.pinterest.com\/images\/pidgets\/pinit_fg_en_rect_gray_20.png\" \/><\/a><\/div><\/li><li class=\"share-end\"><\/li><\/ul><\/div><\/div><\/div>","protected":false},"author":1,"featured_media":0,"parent":754,"menu_order":4,"comment_status":"open","ping_status":"open","template":"","meta":{"jetpack_post_was_ever_published":false,"footnotes":""},"jetpack_shortlink":"https:\/\/wp.me\/P9BfV-ci","jetpack_sharing_enabled":true,"_links":{"self":[{"href":"https:\/\/nosolomates.es\/index.php?rest_route=\/wp\/v2\/pages\/762"}],"collection":[{"href":"https:\/\/nosolomates.es\/index.php?rest_route=\/wp\/v2\/pages"}],"about":[{"href":"https:\/\/nosolomates.es\/index.php?rest_route=\/wp\/v2\/types\/page"}],"author":[{"embeddable":true,"href":"https:\/\/nosolomates.es\/index.php?rest_route=\/wp\/v2\/users\/1"}],"replies":[{"embeddable":true,"href":"https:\/\/nosolomates.es\/index.php?rest_route=%2Fwp%2Fv2%2Fcomments&post=762"}],"version-history":[{"count":2,"href":"https:\/\/nosolomates.es\/index.php?rest_route=\/wp\/v2\/pages\/762\/revisions"}],"predecessor-version":[{"id":1097,"href":"https:\/\/nosolomates.es\/index.php?rest_route=\/wp\/v2\/pages\/762\/revisions\/1097"}],"up":[{"embeddable":true,"href":"https:\/\/nosolomates.es\/index.php?rest_route=\/wp\/v2\/pages\/754"}],"wp:attachment":[{"href":"https:\/\/nosolomates.es\/index.php?rest_route=%2Fwp%2Fv2%2Fmedia&parent=762"}],"curies":[{"name":"wp","href":"https:\/\/api.w.org\/{rel}","templated":true}]}}