{"id":758,"date":"2012-04-14T00:11:21","date_gmt":"2012-04-13T23:11:21","guid":{"rendered":"http:\/\/nosolomates.es\/?page_id=758"},"modified":"2012-04-14T00:11:21","modified_gmt":"2012-04-13T23:11:21","slug":"cifrado-rot-13","status":"publish","type":"page","link":"https:\/\/nosolomates.es\/?page_id=758","title":{"rendered":"Cifrado ROT-13"},"content":{"rendered":"<p>Herramienta para cifrar y descifrar textos mediante el m\u00e9todo ROT-13.<\/p>\n<p><center><\/p>\n<div id=\"utilidades\"><h7><iframe loading=\"lazy\" src=\"web\/cifradorot13.htm\" width=\"520\" height=\"350\" scrolling=\"auto\" frameborder=\"0\"><\/p>\n<p>Texto alternativo para browsers que no aceptan iframes.<\/p>\n<p>    <\/iframe><\/h7><\/div>\n<p><\/center><br \/>\n<\/p>\n<h1>Explicaci\u00f3n:<\/h1>\n<p><\/p>\n<p>El Cifrado ROT-13 es un tipo particular de <a href=\"?page_id=760\" target=\"_blank\">Cifrado C\u00e9sar<\/a>, en el que el desplazamiento de las letras es de 13 posiciones. Tiene importancia porque el alfabeto (el ingl\u00e9s, sin la \u00f1) tiene 26 letras, por lo que al desplazar 13 dos veces, volvemos a la posici\u00f3n inicial. Por ejemplo, la letra A, al cifrarla mediante ROT-13, se convierte en la N y, si ciframos la N, se convierte en la A. Es decir, para descifrar un texto hay que hacer lo mismo que para cifrarlo.<\/p>\n<p>Esto lo convierte en un m\u00e9todo nada seguro, por supuesto, y mucho menos a d\u00eda de hoy, en que est\u00e1 totalmente superado. \u00bfA qu\u00e9 se debe su importancia? Pues precisamente por su sencillez para descifrarlo, aunque suene ir\u00f3nico. Por esa sencillez comenz\u00f3 a usarse en los foros de Usenet para escribir algo que solo se lea si se quiere, como soluciones de problemas y adivinanzas, <i>spoilers<\/i> (en series de TV o pel\u00edculas, adelantar cosas que puedan destrozar a quien no la haya visto, como contar el final de &#8220;El Sexto Sentido&#8221;, por ejemplo) y similares. De este modo, puedes escribir lo que quieras sabiendo que nadie, sin querer, va a sentirse &#8220;herido&#8221; por lo que escribes y, a su vez, sabes que quien quiera leerlo, puede hacerlo bajo su responsabilidad. Es como escribir las soluciones a los pasatiempos al final del libro, para que nadie pueda decir que la vi\u00f3 &#8220;sin querer&#8221;.<\/p>\n<div><\/br>&nbsp;<\/div>\n<div class=\"sharedaddy sd-sharing-enabled\"><div class=\"robots-nocontent sd-block sd-social sd-social-official sd-sharing\"><div class=\"sd-content\"><ul><li class=\"share-facebook\"><div class=\"fb-share-button\" data-href=\"https:\/\/nosolomates.es\/?page_id=758\" data-layout=\"button_count\"><\/div><\/li><li class=\"share-twitter\"><a href=\"https:\/\/twitter.com\/share\" class=\"twitter-share-button\" data-url=\"https:\/\/nosolomates.es\/?page_id=758\" data-text=\"Cifrado ROT-13\"  >Tweet<\/a><\/li><li class=\"share-linkedin\"><div class=\"linkedin_button\"><script type=\"in\/share\" data-url=\"https:\/\/nosolomates.es\/?page_id=758\" data-counter=\"right\"><\/script><\/div><\/li><li class=\"share-pinterest\"><div class=\"pinterest_button\"><a href=\"https:\/\/www.pinterest.com\/pin\/create\/button\/?url=https%3A%2F%2Fnosolomates.es%2F%3Fpage_id%3D758&#038;media=https%3A%2F%2Fsecure.gravatar.com%2Favatar%2Fc9ba1828908559b850337a4baa073367%3Fs%3D96%26d%3Dmm%26r%3Dg&#038;description=Cifrado%20ROT-13\" data-pin-do=\"buttonPin\" data-pin-config=\"beside\"><img src=\"\/\/assets.pinterest.com\/images\/pidgets\/pinit_fg_en_rect_gray_20.png\" \/><\/a><\/div><\/li><li class=\"share-end\"><\/li><\/ul><\/div><\/div><\/div>","protected":false},"excerpt":{"rendered":"<p>Herramienta para cifrar y descifrar textos mediante el m\u00e9todo ROT-13. Texto alternativo para browsers que no aceptan iframes. Explicaci\u00f3n: El Cifrado ROT-13 es un tipo particular de Cifrado C\u00e9sar, en el que el desplazamiento de las letras es de 13 &hellip; <a href=\"https:\/\/nosolomates.es\/?page_id=758\">Sigue leyendo <span class=\"meta-nav\">&rarr;<\/span><\/a><\/p>\n<div class=\"sharedaddy sd-sharing-enabled\"><div class=\"robots-nocontent sd-block sd-social sd-social-official sd-sharing\"><div class=\"sd-content\"><ul><li class=\"share-facebook\"><div class=\"fb-share-button\" data-href=\"https:\/\/nosolomates.es\/?page_id=758\" data-layout=\"button_count\"><\/div><\/li><li class=\"share-twitter\"><a href=\"https:\/\/twitter.com\/share\" class=\"twitter-share-button\" data-url=\"https:\/\/nosolomates.es\/?page_id=758\" data-text=\"Cifrado ROT-13\"  >Tweet<\/a><\/li><li class=\"share-linkedin\"><div class=\"linkedin_button\"><script type=\"in\/share\" data-url=\"https:\/\/nosolomates.es\/?page_id=758\" data-counter=\"right\"><\/script><\/div><\/li><li class=\"share-pinterest\"><div class=\"pinterest_button\"><a href=\"https:\/\/www.pinterest.com\/pin\/create\/button\/?url=https%3A%2F%2Fnosolomates.es%2F%3Fpage_id%3D758&#038;media=https%3A%2F%2Fsecure.gravatar.com%2Favatar%2Fc9ba1828908559b850337a4baa073367%3Fs%3D96%26d%3Dmm%26r%3Dg&#038;description=Cifrado%20ROT-13\" data-pin-do=\"buttonPin\" data-pin-config=\"beside\"><img src=\"\/\/assets.pinterest.com\/images\/pidgets\/pinit_fg_en_rect_gray_20.png\" \/><\/a><\/div><\/li><li class=\"share-end\"><\/li><\/ul><\/div><\/div><\/div>","protected":false},"author":1,"featured_media":0,"parent":754,"menu_order":2,"comment_status":"open","ping_status":"open","template":"","meta":{"jetpack_post_was_ever_published":false,"footnotes":""},"jetpack_shortlink":"https:\/\/wp.me\/P9BfV-ce","jetpack_sharing_enabled":true,"_links":{"self":[{"href":"https:\/\/nosolomates.es\/index.php?rest_route=\/wp\/v2\/pages\/758"}],"collection":[{"href":"https:\/\/nosolomates.es\/index.php?rest_route=\/wp\/v2\/pages"}],"about":[{"href":"https:\/\/nosolomates.es\/index.php?rest_route=\/wp\/v2\/types\/page"}],"author":[{"embeddable":true,"href":"https:\/\/nosolomates.es\/index.php?rest_route=\/wp\/v2\/users\/1"}],"replies":[{"embeddable":true,"href":"https:\/\/nosolomates.es\/index.php?rest_route=%2Fwp%2Fv2%2Fcomments&post=758"}],"version-history":[{"count":1,"href":"https:\/\/nosolomates.es\/index.php?rest_route=\/wp\/v2\/pages\/758\/revisions"}],"predecessor-version":[{"id":759,"href":"https:\/\/nosolomates.es\/index.php?rest_route=\/wp\/v2\/pages\/758\/revisions\/759"}],"up":[{"embeddable":true,"href":"https:\/\/nosolomates.es\/index.php?rest_route=\/wp\/v2\/pages\/754"}],"wp:attachment":[{"href":"https:\/\/nosolomates.es\/index.php?rest_route=%2Fwp%2Fv2%2Fmedia&parent=758"}],"curies":[{"name":"wp","href":"https:\/\/api.w.org\/{rel}","templated":true}]}}