{"id":756,"date":"2012-04-13T23:48:04","date_gmt":"2012-04-13T22:48:04","guid":{"rendered":"http:\/\/nosolomates.es\/?page_id=756"},"modified":"2012-04-13T23:48:04","modified_gmt":"2012-04-13T22:48:04","slug":"el-primer-paso","status":"publish","type":"page","link":"https:\/\/nosolomates.es\/?page_id=756","title":{"rendered":"El primer paso"},"content":{"rendered":"<p>Herramienta para codificar y decodificar un texto en n\u00fameros, asignando a cada letra el valor que ocupa en el abecedario. Escribe el texto en el cuadro de arriba y autom\u00e1ticamente ir\u00e1 apareciendo abajo en texto codificado (Si no aparece, pulsa &#8220;Cifrar&#8221;). Para descifrar un texto escribe los n\u00fameros en el cuadro de abajo separados por espacios.<\/p>\n<p><center><\/p>\n<div id=\"utilidades\"><h7><iframe loading=\"lazy\" src=\"web\/cifradonumeros.htm\" width=\"520\" height=\"350\" scrolling=\"auto\" frameborder=\"0\"><\/p>\n<p>Texto alternativo para browsers que no aceptan iframes.<\/p>\n<p>    <\/iframe><\/h7><\/div>\n<p><\/center><br \/>\n<\/p>\n<h1>Explicaci\u00f3n:<\/h1>\n<p><\/p>\n<p>Codificar un texto con n\u00fameros es uno de los m\u00e9todos m\u00e1s simples de cifrado, en el caso de que se haga corresponder a cada letra con el lugar que ocupa en el abecedario, como es el caso. Su utilidad, por lo tanto, no est\u00e1 en la codificaci\u00f3n en s\u00ed, sino que se usa para luego aplicar un m\u00e9todo de cifrado mejor (C\u00e9sar, RSA&#8230;) <\/p>\n<p>La mayor\u00eda de los m\u00e9todos de cifrado (sobre todo los actuales, pero tambi\u00e9n los anteriores) se basan en las matem\u00e1ticas, esto es, se aplica una funci\u00f3n a cada letra y el resultado de esa funci\u00f3n es la letra codificada. Por ejemplo, el <a href=\"?page_id=758\"  target=\"_blank\">m\u00e9todo ROT-13<\/a>, ser\u00eda aplicar la funci\u00f3n f(x)=&#8221;desplazar 13 posiciones en el abecedario&#8221;. As\u00ed, f(a)=n, ya que si desplazamos la <span class=\"bold\">a<\/span> 13 posiciones llegamos a la <span class=\"bold\">n<\/span>. Del mismo modo, f(b)=o, f(c)=p, etc.<\/p>\n<p>Es f\u00e1cil ver que todo esto se simplifica si asignamos un n\u00famero a cada letra. Si <span class=\"bold\">a=1, b=2, c=3<\/span>, etc, la funci\u00f3n para cifrar con ROT13 es f(x)=x+13, con lo que f(1)=14, que corresponde a la letra n.<\/p>\n<p>Los m\u00e9todos de cifrado modernos, como el RSA, que son m\u00e9todos asim\u00e9tricos (potencias, logaritmos&#8230;) ser\u00edan imposibles de realizar sin antes haber pasado el texto llano (letras) a n\u00fameros, con los que es f\u00e1cil aplicar operaciones matem\u00e1ticas. Una vez hechas las operaciones, se vuelve a transformar el n\u00famero en letras y tenemos el texto cifrado.\n<\/p>\n<div><\/br>&nbsp;<\/div>\n<div class=\"sharedaddy sd-sharing-enabled\"><div class=\"robots-nocontent sd-block sd-social sd-social-official sd-sharing\"><div class=\"sd-content\"><ul><li class=\"share-facebook\"><div class=\"fb-share-button\" data-href=\"https:\/\/nosolomates.es\/?page_id=756\" data-layout=\"button_count\"><\/div><\/li><li class=\"share-twitter\"><a href=\"https:\/\/twitter.com\/share\" class=\"twitter-share-button\" data-url=\"https:\/\/nosolomates.es\/?page_id=756\" data-text=\"El primer paso\"  >Tweet<\/a><\/li><li class=\"share-linkedin\"><div class=\"linkedin_button\"><script type=\"in\/share\" data-url=\"https:\/\/nosolomates.es\/?page_id=756\" data-counter=\"right\"><\/script><\/div><\/li><li class=\"share-pinterest\"><div class=\"pinterest_button\"><a href=\"https:\/\/www.pinterest.com\/pin\/create\/button\/?url=https%3A%2F%2Fnosolomates.es%2F%3Fpage_id%3D756&#038;media=https%3A%2F%2Fsecure.gravatar.com%2Favatar%2Fc9ba1828908559b850337a4baa073367%3Fs%3D96%26d%3Dmm%26r%3Dg&#038;description=El%20primer%20paso\" data-pin-do=\"buttonPin\" data-pin-config=\"beside\"><img src=\"\/\/assets.pinterest.com\/images\/pidgets\/pinit_fg_en_rect_gray_20.png\" \/><\/a><\/div><\/li><li class=\"share-end\"><\/li><\/ul><\/div><\/div><\/div>","protected":false},"excerpt":{"rendered":"<p>Herramienta para codificar y decodificar un texto en n\u00fameros, asignando a cada letra el valor que ocupa en el abecedario. Escribe el texto en el cuadro de arriba y autom\u00e1ticamente ir\u00e1 apareciendo abajo en texto codificado (Si no aparece, pulsa &hellip; <a href=\"https:\/\/nosolomates.es\/?page_id=756\">Sigue leyendo <span class=\"meta-nav\">&rarr;<\/span><\/a><\/p>\n<div class=\"sharedaddy sd-sharing-enabled\"><div class=\"robots-nocontent sd-block sd-social sd-social-official sd-sharing\"><div class=\"sd-content\"><ul><li class=\"share-facebook\"><div class=\"fb-share-button\" data-href=\"https:\/\/nosolomates.es\/?page_id=756\" data-layout=\"button_count\"><\/div><\/li><li class=\"share-twitter\"><a href=\"https:\/\/twitter.com\/share\" class=\"twitter-share-button\" data-url=\"https:\/\/nosolomates.es\/?page_id=756\" data-text=\"El primer paso\"  >Tweet<\/a><\/li><li class=\"share-linkedin\"><div class=\"linkedin_button\"><script type=\"in\/share\" data-url=\"https:\/\/nosolomates.es\/?page_id=756\" data-counter=\"right\"><\/script><\/div><\/li><li class=\"share-pinterest\"><div class=\"pinterest_button\"><a href=\"https:\/\/www.pinterest.com\/pin\/create\/button\/?url=https%3A%2F%2Fnosolomates.es%2F%3Fpage_id%3D756&#038;media=https%3A%2F%2Fsecure.gravatar.com%2Favatar%2Fc9ba1828908559b850337a4baa073367%3Fs%3D96%26d%3Dmm%26r%3Dg&#038;description=El%20primer%20paso\" data-pin-do=\"buttonPin\" data-pin-config=\"beside\"><img src=\"\/\/assets.pinterest.com\/images\/pidgets\/pinit_fg_en_rect_gray_20.png\" \/><\/a><\/div><\/li><li class=\"share-end\"><\/li><\/ul><\/div><\/div><\/div>","protected":false},"author":1,"featured_media":0,"parent":754,"menu_order":1,"comment_status":"open","ping_status":"open","template":"","meta":{"jetpack_post_was_ever_published":false,"footnotes":""},"jetpack_shortlink":"https:\/\/wp.me\/P9BfV-cc","jetpack_sharing_enabled":true,"_links":{"self":[{"href":"https:\/\/nosolomates.es\/index.php?rest_route=\/wp\/v2\/pages\/756"}],"collection":[{"href":"https:\/\/nosolomates.es\/index.php?rest_route=\/wp\/v2\/pages"}],"about":[{"href":"https:\/\/nosolomates.es\/index.php?rest_route=\/wp\/v2\/types\/page"}],"author":[{"embeddable":true,"href":"https:\/\/nosolomates.es\/index.php?rest_route=\/wp\/v2\/users\/1"}],"replies":[{"embeddable":true,"href":"https:\/\/nosolomates.es\/index.php?rest_route=%2Fwp%2Fv2%2Fcomments&post=756"}],"version-history":[{"count":1,"href":"https:\/\/nosolomates.es\/index.php?rest_route=\/wp\/v2\/pages\/756\/revisions"}],"predecessor-version":[{"id":757,"href":"https:\/\/nosolomates.es\/index.php?rest_route=\/wp\/v2\/pages\/756\/revisions\/757"}],"up":[{"embeddable":true,"href":"https:\/\/nosolomates.es\/index.php?rest_route=\/wp\/v2\/pages\/754"}],"wp:attachment":[{"href":"https:\/\/nosolomates.es\/index.php?rest_route=%2Fwp%2Fv2%2Fmedia&parent=756"}],"curies":[{"name":"wp","href":"https:\/\/api.w.org\/{rel}","templated":true}]}}