{"id":748,"date":"2012-04-13T00:01:13","date_gmt":"2012-04-12T23:01:13","guid":{"rendered":"http:\/\/nosolomates.es\/?page_id=748"},"modified":"2012-04-13T00:01:13","modified_gmt":"2012-04-12T23:01:13","slug":"codigo-morse","status":"publish","type":"page","link":"https:\/\/nosolomates.es\/?page_id=748","title":{"rendered":"C\u00f3digo Morse"},"content":{"rendered":"<p>Herramienta para codificar y decodificar un texto en C\u00f3digo Morse. Escribe el texto que quieras en la primera caja y automaticamente ir\u00e1 apareciendo su equivalencia en Morse (si no apareciera autom\u00e1ticamente, pulsa el bot\u00f3n &#8220;De Texto a Morse&#8221;). Si quieres decodificar un texto, haz lo mismo con los cuadros de abajo: escribe el texto en Morse y autom\u00e1ticamente ir\u00e1n apareciendo las letras correspondientes.<\/p>\n<p><center><\/p>\n<div id=\"utilidades\"><h7><iframe loading=\"lazy\" src=\"web\/morse.htm\" width=\"470\" height=\"640\" scrolling=\"auto\" frameborder=\"0\"><\/p>\n<p>Texto alternativo para browsers que no aceptan iframes.<\/p>\n<p>    <\/iframe><\/h7><\/div>\n<p><\/center><br \/>\n<\/p>\n<h1>Explicaci\u00f3n:<\/h1>\n<p><\/p>\n<p>El c\u00f3digo Morse es un sistema de codificaci\u00f3n en el que a cada letra de nuestro alfabeto le corresponde una combinaci\u00f3n de puntos y rayas. As\u00ed, por ejemplo, la letra &#8220;<span class=\"bold\">a<\/span>&#8221; se escribe &#8220;<span class=\"bold\">.-<\/span>&#8220;<\/p>\n<p><\/p>\n<p>Tiene su importancia debido a la facilidad con la que se puede transmitir un mensaje, ya que solo hay que transmitir puntos y rayas. Por ejemplo, se puede utilizar una simple linterna para enviar mensajes a otra persona (o un espejo, si eres muy h\u00e1bil), enviando destellos cortos y largos. El destello corto equivale a un punto y el largo a una raya y de esta forma podemos comunicarnos con se\u00f1ales luminosas.<\/p>\n<p><\/p>\n<p>De igual forma se pueden utilizar se\u00f1ales ac\u00fasticas: un pitido corto es un punto y un pitido largo, una raya. No hace falta transmitir la voz, tan solo un sonido, por lo que podemos comunicarnos, por ejemplo, con el claxon de un coche. De hecho una vez, en medio de un atasco, me pareci\u00f3 que alguien recitaba a Machado.<\/p>\n<p><\/p>\n<p>Al margen de bromas, el c\u00f3digo Morse sigue siendo muy \u00fatil para pedir auxilio, con el famoso &#8220;<span class=\"bold\">&#8230; &#8212; &#8230;<\/span>&#8221; , es decir, SOS.<\/p>\n<div><\/br>&nbsp;<\/div>\n<div class=\"sharedaddy sd-sharing-enabled\"><div class=\"robots-nocontent sd-block sd-social sd-social-official sd-sharing\"><div class=\"sd-content\"><ul><li class=\"share-facebook\"><div class=\"fb-share-button\" data-href=\"https:\/\/nosolomates.es\/?page_id=748\" data-layout=\"button_count\"><\/div><\/li><li class=\"share-twitter\"><a href=\"https:\/\/twitter.com\/share\" class=\"twitter-share-button\" data-url=\"https:\/\/nosolomates.es\/?page_id=748\" data-text=\"C\u00f3digo Morse\"  >Tweet<\/a><\/li><li class=\"share-linkedin\"><div class=\"linkedin_button\"><script type=\"in\/share\" data-url=\"https:\/\/nosolomates.es\/?page_id=748\" data-counter=\"right\"><\/script><\/div><\/li><li class=\"share-pinterest\"><div class=\"pinterest_button\"><a href=\"https:\/\/www.pinterest.com\/pin\/create\/button\/?url=https%3A%2F%2Fnosolomates.es%2F%3Fpage_id%3D748&#038;media=https%3A%2F%2Fsecure.gravatar.com%2Favatar%2Fc9ba1828908559b850337a4baa073367%3Fs%3D96%26d%3Dmm%26r%3Dg&#038;description=C%C3%B3digo%20Morse\" data-pin-do=\"buttonPin\" data-pin-config=\"beside\"><img src=\"\/\/assets.pinterest.com\/images\/pidgets\/pinit_fg_en_rect_gray_20.png\" \/><\/a><\/div><\/li><li class=\"share-end\"><\/li><\/ul><\/div><\/div><\/div>","protected":false},"excerpt":{"rendered":"<p>Herramienta para codificar y decodificar un texto en C\u00f3digo Morse. Escribe el texto que quieras en la primera caja y automaticamente ir\u00e1 apareciendo su equivalencia en Morse (si no apareciera autom\u00e1ticamente, pulsa el bot\u00f3n &#8220;De Texto a Morse&#8221;). Si quieres &hellip; <a href=\"https:\/\/nosolomates.es\/?page_id=748\">Sigue leyendo <span class=\"meta-nav\">&rarr;<\/span><\/a><\/p>\n<div class=\"sharedaddy sd-sharing-enabled\"><div class=\"robots-nocontent sd-block sd-social sd-social-official sd-sharing\"><div class=\"sd-content\"><ul><li class=\"share-facebook\"><div class=\"fb-share-button\" data-href=\"https:\/\/nosolomates.es\/?page_id=748\" data-layout=\"button_count\"><\/div><\/li><li class=\"share-twitter\"><a href=\"https:\/\/twitter.com\/share\" class=\"twitter-share-button\" data-url=\"https:\/\/nosolomates.es\/?page_id=748\" data-text=\"C\u00f3digo Morse\"  >Tweet<\/a><\/li><li class=\"share-linkedin\"><div class=\"linkedin_button\"><script type=\"in\/share\" data-url=\"https:\/\/nosolomates.es\/?page_id=748\" data-counter=\"right\"><\/script><\/div><\/li><li class=\"share-pinterest\"><div class=\"pinterest_button\"><a href=\"https:\/\/www.pinterest.com\/pin\/create\/button\/?url=https%3A%2F%2Fnosolomates.es%2F%3Fpage_id%3D748&#038;media=https%3A%2F%2Fsecure.gravatar.com%2Favatar%2Fc9ba1828908559b850337a4baa073367%3Fs%3D96%26d%3Dmm%26r%3Dg&#038;description=C%C3%B3digo%20Morse\" data-pin-do=\"buttonPin\" data-pin-config=\"beside\"><img src=\"\/\/assets.pinterest.com\/images\/pidgets\/pinit_fg_en_rect_gray_20.png\" \/><\/a><\/div><\/li><li class=\"share-end\"><\/li><\/ul><\/div><\/div><\/div>","protected":false},"author":1,"featured_media":0,"parent":629,"menu_order":7,"comment_status":"open","ping_status":"open","template":"","meta":{"jetpack_post_was_ever_published":false,"footnotes":""},"jetpack_shortlink":"https:\/\/wp.me\/P9BfV-c4","jetpack_sharing_enabled":true,"_links":{"self":[{"href":"https:\/\/nosolomates.es\/index.php?rest_route=\/wp\/v2\/pages\/748"}],"collection":[{"href":"https:\/\/nosolomates.es\/index.php?rest_route=\/wp\/v2\/pages"}],"about":[{"href":"https:\/\/nosolomates.es\/index.php?rest_route=\/wp\/v2\/types\/page"}],"author":[{"embeddable":true,"href":"https:\/\/nosolomates.es\/index.php?rest_route=\/wp\/v2\/users\/1"}],"replies":[{"embeddable":true,"href":"https:\/\/nosolomates.es\/index.php?rest_route=%2Fwp%2Fv2%2Fcomments&post=748"}],"version-history":[{"count":1,"href":"https:\/\/nosolomates.es\/index.php?rest_route=\/wp\/v2\/pages\/748\/revisions"}],"predecessor-version":[{"id":749,"href":"https:\/\/nosolomates.es\/index.php?rest_route=\/wp\/v2\/pages\/748\/revisions\/749"}],"up":[{"embeddable":true,"href":"https:\/\/nosolomates.es\/index.php?rest_route=\/wp\/v2\/pages\/629"}],"wp:attachment":[{"href":"https:\/\/nosolomates.es\/index.php?rest_route=%2Fwp%2Fv2%2Fmedia&parent=748"}],"curies":[{"name":"wp","href":"https:\/\/api.w.org\/{rel}","templated":true}]}}