{"id":740,"date":"2012-04-12T12:30:28","date_gmt":"2012-04-12T11:30:28","guid":{"rendered":"http:\/\/nosolomates.es\/?page_id=740"},"modified":"2012-04-12T12:30:28","modified_gmt":"2012-04-12T11:30:28","slug":"codigos-de-barras","status":"publish","type":"page","link":"https:\/\/nosolomates.es\/?page_id=740","title":{"rendered":"C\u00f3digos de barras"},"content":{"rendered":"<p>Herramienta para calcular la \u00faltima cifra de un c\u00f3digo de barras. Introduce las doce primeras y pulsa &#8220;Calcular&#8221;.<\/p>\n<p><center><\/p>\n<div id=\"utilidades\"><h7><iframe loading=\"lazy\" src=\"web\/barras.htm\" width=\"470\" height=\"170\" scrolling=\"auto\" frameborder=\"0\"><\/p>\n<p>Texto alternativo para browsers que no aceptan iframes.<\/p>\n<p>    <\/iframe><\/h7><\/div>\n<p><\/center><br \/>\n<\/p>\n<h1>Explicaci\u00f3n:<\/h1>\n<p><\/p>\n<p>Los c\u00f3digos de barras se utilizan para identificar los productos con un n\u00famero. El sistema m\u00e1s utilizado es el llamado EAN (European Articles Numbering, o Numeraci\u00f3n Europea de Art\u00edculos), que tiene dos versiones, la EAN-13 y la EAN-8, que constan de 13 y 8 d\u00edgitos respectivamente. La mayor\u00eda de los productos llevan la EAN-13, pero puedes encontrar la EAN-8 en los paquetes de chicles o de tabaco, por ejemplo (si acabas de sacar el paquete de tabaco para comprobarlo, recuerda: NO FUMES).<\/p>\n<p>\nEsos 13 d\u00edgitos se dividen en 4 grupos: <\/p>\n<ul>\n<li>\n<p>El primer grupo, de dos cifras, nos indica el pa\u00eds de producci\u00f3n (A Espa\u00f1a le corresponde el 84)<\/p>\n<\/li>\n<li>\n<p>El siguiente grupo, de cinco cifras, es el indicativo del fabricante (puedes comprobarlo mirando dos art\u00edculos del mismo fabricante)<\/p>\n<\/li>\n<li>\n<p>El tercer grupo, de cinco cifras, es el que se refiere al producto concreto.<\/p>\n<\/li>\n<li>\n<p>La \u00faltima cifra es el D\u00edgito de Control, que se usa para verificar que no hay ning\u00fan error en la lectura de los anteriores.<\/p>\n<\/li>\n<\/ul>\n<p>Este D\u00edgito de Control lo encontramos en todas las asignaciones num\u00e9ricas, como pueden ser <a href=\"?page_id=738\" target=\"_blank\">el ISBN de los libros<\/a>, el n\u00famero de la cartilla del banco, el de la seguridad social, etc (La <a href=\"?page_id=736\" target=\"_blank\">letra del DNI<\/a> hace las veces de D\u00edgito de Control), y se obtiene realizando operaciones con las dem\u00e1s cifras.<\/p>\n<p>En el caso del c\u00f3digo de barras, el D\u00edgito de Control se obtiene de la siguiente forma:<br \/>\n1) Sumamos los d\u00edgitos de los lugares impares.<br \/>\n2) Sumamos los d\u00edgitos de los lugares pares y  multiplicamos por 3.<br \/>\n3) Sumamos los dos resultados<br \/>\n4) El D\u00edgito de Control se obtiene restando 10 menos la cifra de las unidades de ese n\u00famero.<\/p>\n<p class=\"underline\">Ejemplo:<\/p>\n<p>El c\u00f3digo de barras 844673683320X, con X el n\u00famero que queremos hallar.<br \/>\nSumamos los d\u00edgitos impares: 8 + 4 + 7 + 6 + 3 + 2 = 30<br \/>\nSumamos los pares y multiplicamos por 3: (4 + 6 + 3 + 8 + 3 + 0)\u00b73 = 24\u00b73 = 72<br \/>\nSumamos los dos resultados: 30 + 72 = 102<br \/>\nEl d\u00edgito de control es 10 &#8211; 2 = 8<br \/><\/font><br \/>\n<br \/>En el caso del EAN-8, se hacen las mismas operaciones, pero la suma que se multiplica por 3 es la de los impares. (En realidad, en los dos casos se hace exactamente lo mismo si asignamos las cifras pares e impares comenzando a contar por la derecha).<\/p>\n<p>Codificar esos d\u00edgitos en rayas negras y blancas es un poco m\u00e1s complicado, consiste en asignar a cada cifra del 0 a 9 una secuencia de 7 d\u00edgitos binarios (ceros y unos), pero esta secuencia depende del lugar que ocupe esa cifra. Por ejemplo, al n\u00famero 7 le corresponde la secuencia 1000100 si est\u00e1 entre las 6 \u00faltimas cifras del c\u00f3digo de barras, pero si est\u00e1 entre las 6 anteriores, le corresponde la secuencia 0111011 o bien la 0010001, dependiendo tambi\u00e9n del lugar que ocupe entre esas 6 y del primer n\u00famero del c\u00f3digo. Una vez codificadas las 12 cifras (la primera de las 13 no se codifica), se dibuja una l\u00ednea negra para los unos y una blanca para los ceros. Este es el procedimiento a grandes rasgos. Si est\u00e1is interesados en verlo en detalle, dejad un mensaje en el foro.<\/p>\n<div><\/br>&nbsp;<\/div>\n<div class=\"sharedaddy sd-sharing-enabled\"><div class=\"robots-nocontent sd-block sd-social sd-social-official sd-sharing\"><div class=\"sd-content\"><ul><li class=\"share-facebook\"><div class=\"fb-share-button\" data-href=\"https:\/\/nosolomates.es\/?page_id=740\" data-layout=\"button_count\"><\/div><\/li><li class=\"share-twitter\"><a href=\"https:\/\/twitter.com\/share\" class=\"twitter-share-button\" data-url=\"https:\/\/nosolomates.es\/?page_id=740\" data-text=\"C\u00f3digos de barras\"  >Tweet<\/a><\/li><li class=\"share-linkedin\"><div class=\"linkedin_button\"><script type=\"in\/share\" data-url=\"https:\/\/nosolomates.es\/?page_id=740\" data-counter=\"right\"><\/script><\/div><\/li><li class=\"share-pinterest\"><div class=\"pinterest_button\"><a href=\"https:\/\/www.pinterest.com\/pin\/create\/button\/?url=https%3A%2F%2Fnosolomates.es%2F%3Fpage_id%3D740&#038;media=https%3A%2F%2Fsecure.gravatar.com%2Favatar%2Fc9ba1828908559b850337a4baa073367%3Fs%3D96%26d%3Dmm%26r%3Dg&#038;description=C%C3%B3digos%20de%20barras\" data-pin-do=\"buttonPin\" data-pin-config=\"beside\"><img src=\"\/\/assets.pinterest.com\/images\/pidgets\/pinit_fg_en_rect_gray_20.png\" \/><\/a><\/div><\/li><li class=\"share-end\"><\/li><\/ul><\/div><\/div><\/div>","protected":false},"excerpt":{"rendered":"<p>Herramienta para calcular la \u00faltima cifra de un c\u00f3digo de barras. Introduce las doce primeras y pulsa &#8220;Calcular&#8221;. Texto alternativo para browsers que no aceptan iframes. Explicaci\u00f3n: Los c\u00f3digos de barras se utilizan para identificar los productos con un n\u00famero. &hellip; <a href=\"https:\/\/nosolomates.es\/?page_id=740\">Sigue leyendo <span class=\"meta-nav\">&rarr;<\/span><\/a><\/p>\n<div class=\"sharedaddy sd-sharing-enabled\"><div class=\"robots-nocontent sd-block sd-social sd-social-official sd-sharing\"><div class=\"sd-content\"><ul><li class=\"share-facebook\"><div class=\"fb-share-button\" data-href=\"https:\/\/nosolomates.es\/?page_id=740\" data-layout=\"button_count\"><\/div><\/li><li class=\"share-twitter\"><a href=\"https:\/\/twitter.com\/share\" class=\"twitter-share-button\" data-url=\"https:\/\/nosolomates.es\/?page_id=740\" data-text=\"C\u00f3digos de barras\"  >Tweet<\/a><\/li><li class=\"share-linkedin\"><div class=\"linkedin_button\"><script type=\"in\/share\" data-url=\"https:\/\/nosolomates.es\/?page_id=740\" data-counter=\"right\"><\/script><\/div><\/li><li class=\"share-pinterest\"><div class=\"pinterest_button\"><a href=\"https:\/\/www.pinterest.com\/pin\/create\/button\/?url=https%3A%2F%2Fnosolomates.es%2F%3Fpage_id%3D740&#038;media=https%3A%2F%2Fsecure.gravatar.com%2Favatar%2Fc9ba1828908559b850337a4baa073367%3Fs%3D96%26d%3Dmm%26r%3Dg&#038;description=C%C3%B3digos%20de%20barras\" data-pin-do=\"buttonPin\" data-pin-config=\"beside\"><img src=\"\/\/assets.pinterest.com\/images\/pidgets\/pinit_fg_en_rect_gray_20.png\" \/><\/a><\/div><\/li><li class=\"share-end\"><\/li><\/ul><\/div><\/div><\/div>","protected":false},"author":1,"featured_media":0,"parent":629,"menu_order":3,"comment_status":"open","ping_status":"open","template":"","meta":{"jetpack_post_was_ever_published":false,"footnotes":""},"jetpack_shortlink":"https:\/\/wp.me\/P9BfV-bW","jetpack_sharing_enabled":true,"_links":{"self":[{"href":"https:\/\/nosolomates.es\/index.php?rest_route=\/wp\/v2\/pages\/740"}],"collection":[{"href":"https:\/\/nosolomates.es\/index.php?rest_route=\/wp\/v2\/pages"}],"about":[{"href":"https:\/\/nosolomates.es\/index.php?rest_route=\/wp\/v2\/types\/page"}],"author":[{"embeddable":true,"href":"https:\/\/nosolomates.es\/index.php?rest_route=\/wp\/v2\/users\/1"}],"replies":[{"embeddable":true,"href":"https:\/\/nosolomates.es\/index.php?rest_route=%2Fwp%2Fv2%2Fcomments&post=740"}],"version-history":[{"count":1,"href":"https:\/\/nosolomates.es\/index.php?rest_route=\/wp\/v2\/pages\/740\/revisions"}],"predecessor-version":[{"id":741,"href":"https:\/\/nosolomates.es\/index.php?rest_route=\/wp\/v2\/pages\/740\/revisions\/741"}],"up":[{"embeddable":true,"href":"https:\/\/nosolomates.es\/index.php?rest_route=\/wp\/v2\/pages\/629"}],"wp:attachment":[{"href":"https:\/\/nosolomates.es\/index.php?rest_route=%2Fwp%2Fv2%2Fmedia&parent=740"}],"curies":[{"name":"wp","href":"https:\/\/api.w.org\/{rel}","templated":true}]}}