{"id":727,"date":"2012-04-11T01:44:52","date_gmt":"2012-04-11T00:44:52","guid":{"rendered":"http:\/\/nosolomates.es\/?page_id=727"},"modified":"2012-04-14T22:50:57","modified_gmt":"2012-04-14T21:50:57","slug":"areas-y-volumenes","status":"publish","type":"page","link":"https:\/\/nosolomates.es\/?page_id=727","title":{"rendered":"\u00c1reas y vol\u00famenes"},"content":{"rendered":"<p>Herramienta para calcular \u00e1reas y vol\u00famenes de diversas figuras planas y cuerpos geom\u00e9tricos. Introduce los datos y pulsa en &#8220;\u00c1rea&#8221; para calcular el \u00e1rea y\/o en &#8220;Volumen&#8221; para calcular el volumen.<\/p>\n<p><center><\/p>\n<div id=\"utilidades\"><h8><iframe loading=\"lazy\" src=\"web\/volumenes.htm\" width=\"550\" height=\"1640\" scrolling=\"no\" frameborder=\"0\"><\/p>\n<p>Texto alternativo para browsers que no aceptan iframes.<\/p>\n<p>    <\/iframe><\/h8><\/div>\n<p><\/center><\/p>\n<div><\/br>&nbsp;<\/div>\n<div class=\"sharedaddy sd-sharing-enabled\"><div class=\"robots-nocontent sd-block sd-social sd-social-official sd-sharing\"><div class=\"sd-content\"><ul><li class=\"share-facebook\"><div class=\"fb-share-button\" data-href=\"https:\/\/nosolomates.es\/?page_id=727\" data-layout=\"button_count\"><\/div><\/li><li class=\"share-twitter\"><a href=\"https:\/\/twitter.com\/share\" class=\"twitter-share-button\" data-url=\"https:\/\/nosolomates.es\/?page_id=727\" data-text=\"\u00c1reas y vol\u00famenes\"  >Tweet<\/a><\/li><li class=\"share-linkedin\"><div class=\"linkedin_button\"><script type=\"in\/share\" data-url=\"https:\/\/nosolomates.es\/?page_id=727\" data-counter=\"right\"><\/script><\/div><\/li><li class=\"share-pinterest\"><div class=\"pinterest_button\"><a href=\"https:\/\/www.pinterest.com\/pin\/create\/button\/?url=https%3A%2F%2Fnosolomates.es%2F%3Fpage_id%3D727&#038;media=https%3A%2F%2Fsecure.gravatar.com%2Favatar%2Fc9ba1828908559b850337a4baa073367%3Fs%3D96%26d%3Dmm%26r%3Dg&#038;description=%C3%81reas%20y%20vol%C3%BAmenes\" data-pin-do=\"buttonPin\" data-pin-config=\"beside\"><img src=\"\/\/assets.pinterest.com\/images\/pidgets\/pinit_fg_en_rect_gray_20.png\" \/><\/a><\/div><\/li><li class=\"share-end\"><\/li><\/ul><\/div><\/div><\/div>","protected":false},"excerpt":{"rendered":"<p>Herramienta para calcular \u00e1reas y vol\u00famenes de diversas figuras planas y cuerpos geom\u00e9tricos. Introduce los datos y pulsa en &#8220;\u00c1rea&#8221; para calcular el \u00e1rea y\/o en &#8220;Volumen&#8221; para calcular el volumen. Texto alternativo para browsers que no aceptan iframes. &nbsp;<\/p>\n<div class=\"sharedaddy sd-sharing-enabled\"><div class=\"robots-nocontent sd-block sd-social sd-social-official sd-sharing\"><div class=\"sd-content\"><ul><li class=\"share-facebook\"><div class=\"fb-share-button\" data-href=\"https:\/\/nosolomates.es\/?page_id=727\" data-layout=\"button_count\"><\/div><\/li><li class=\"share-twitter\"><a href=\"https:\/\/twitter.com\/share\" class=\"twitter-share-button\" data-url=\"https:\/\/nosolomates.es\/?page_id=727\" data-text=\"\u00c1reas y vol\u00famenes\"  >Tweet<\/a><\/li><li class=\"share-linkedin\"><div class=\"linkedin_button\"><script type=\"in\/share\" data-url=\"https:\/\/nosolomates.es\/?page_id=727\" data-counter=\"right\"><\/script><\/div><\/li><li class=\"share-pinterest\"><div class=\"pinterest_button\"><a href=\"https:\/\/www.pinterest.com\/pin\/create\/button\/?url=https%3A%2F%2Fnosolomates.es%2F%3Fpage_id%3D727&#038;media=https%3A%2F%2Fsecure.gravatar.com%2Favatar%2Fc9ba1828908559b850337a4baa073367%3Fs%3D96%26d%3Dmm%26r%3Dg&#038;description=%C3%81reas%20y%20vol%C3%BAmenes\" data-pin-do=\"buttonPin\" data-pin-config=\"beside\"><img src=\"\/\/assets.pinterest.com\/images\/pidgets\/pinit_fg_en_rect_gray_20.png\" \/><\/a><\/div><\/li><li class=\"share-end\"><\/li><\/ul><\/div><\/div><\/div>","protected":false},"author":1,"featured_media":0,"parent":627,"menu_order":2,"comment_status":"open","ping_status":"open","template":"","meta":{"jetpack_post_was_ever_published":false,"footnotes":""},"jetpack_shortlink":"https:\/\/wp.me\/P9BfV-bJ","jetpack_sharing_enabled":true,"_links":{"self":[{"href":"https:\/\/nosolomates.es\/index.php?rest_route=\/wp\/v2\/pages\/727"}],"collection":[{"href":"https:\/\/nosolomates.es\/index.php?rest_route=\/wp\/v2\/pages"}],"about":[{"href":"https:\/\/nosolomates.es\/index.php?rest_route=\/wp\/v2\/types\/page"}],"author":[{"embeddable":true,"href":"https:\/\/nosolomates.es\/index.php?rest_route=\/wp\/v2\/users\/1"}],"replies":[{"embeddable":true,"href":"https:\/\/nosolomates.es\/index.php?rest_route=%2Fwp%2Fv2%2Fcomments&post=727"}],"version-history":[{"count":5,"href":"https:\/\/nosolomates.es\/index.php?rest_route=\/wp\/v2\/pages\/727\/revisions"}],"predecessor-version":[{"id":770,"href":"https:\/\/nosolomates.es\/index.php?rest_route=\/wp\/v2\/pages\/727\/revisions\/770"}],"up":[{"embeddable":true,"href":"https:\/\/nosolomates.es\/index.php?rest_route=\/wp\/v2\/pages\/627"}],"wp:attachment":[{"href":"https:\/\/nosolomates.es\/index.php?rest_route=%2Fwp%2Fv2%2Fmedia&parent=727"}],"curies":[{"name":"wp","href":"https:\/\/api.w.org\/{rel}","templated":true}]}}