{"id":660,"date":"2012-04-01T15:44:41","date_gmt":"2012-04-01T14:44:41","guid":{"rendered":"http:\/\/nosolomates.es\/?page_id=660"},"modified":"2012-04-01T16:07:11","modified_gmt":"2012-04-01T15:07:11","slug":"reglas-de-tres","status":"publish","type":"page","link":"https:\/\/nosolomates.es\/?page_id=660","title":{"rendered":"Reglas de tres"},"content":{"rendered":"<p>Herramienta para resolver reglas de tres directas. Introduce los valores conocidos y escribe una x en la casilla de la inc\u00f3gnita. Despu\u00e9s, pulsa &#8220;Calcular&#8221;.<\/p>\n<p><center><\/p>\n<div id=\"utilidades\"><h7><iframe loading=\"lazy\" src=\"web\/regladetres.htm\" width=\"470\" height=\"260\" scrolling=\"auto\" frameborder=\"0\"><\/p>\n<p>Texto alternativo para browsers que no aceptan iframes.<\/p>\n<p>    <\/iframe><\/h7><\/div>\n<p><\/center><br \/>\n<\/p>\n<h1>Explicaci\u00f3n:<\/h1>\n<p>Una regla de tres no es m\u00e1s que una relaci\u00f3n de proporcionalidad. Conocemos una pareja de valores y buscamos un n\u00famero que est\u00e9 en la misma proporci\u00f3n que estos dos con otro dado. Es lo mismo que buscar una fracci\u00f3n equivalente a<br \/>\nuna dada, conociendo el numerador (o el denominador). Resulta muy \u00fatil, pues, cuando estamos trabajando con cantidades proporcionales, como por ejemplo, distancia entre dos lugares y tiempo necesario para ir de uno a otro, suponiendo que la velocidad es constante. Est\u00e1 claro que a mayor distancia, el tiempo empleado es tambi\u00e9n mayor, y adem\u00e1s porporcional, es decir, al doble de distancia, el doble de tiempo. Esta es una proporci\u00f3n directa, y la regla de tres utilizada es una regla de tres directa.<\/p>\n<p><u>Ejemplo:<\/u> Si por 15 litros de gasolina hemos pagado 13&#8217;50 \u20ac, \u00bfcu\u00e1nto nos costar\u00e1n 25 litros?<br \/>Vemos que las variables son proporcionales, a mayor n\u00famero de litros, m\u00e1s tenemos que pagar. Es una proporcion directa. El modo de plantearlos es:<br \/>\n<center><\/p>\n<p>Si <b>15<\/b> litros han costado <b>13&#8217;50<\/b> \u20ac<\/p>\n<p>\n <b>25<\/b> litros costar\u00e1n <b>x<\/b> \u20ac<br \/><\/center><\/p>\n<p>O, de forma simplificada:<\/p>\n<p><center><b> &nbsp;&nbsp;15<\/b> &#8212;&#8212;&#8211;> <b> 13&#8217;50 <\/b><br \/><b>25 <\/b>&#8212;&#8212;&#8212;-> <b> x <\/b><\/p>\n<p><\/center><\/p>\n<p>Se tiene que cumplir que &#8220;producto de medios es igual a producto de extremos&#8221;, luego: <\/p>\n<p><center> <b>15*x = 25 * 13&#8217;50<br \/>x = 337&#8217;50\/15<br \/>x = 22&#8217;50<\/b><br \/><\/center><\/p>\n<p>Con lo que concluimos que 25 litros cuestan <b>22&#8217;50 \u20ac.<\/b><\/p>\n<p>Si la pregunta fuera: \u00bfCu\u00e1ntos litros podriamos comprar con 20 \u20ac?, se resolver\u00eda an\u00e1logamente:<\/p>\n<p><center><\/p>\n<p>Si <b>15<\/b> litros han costado <b>13&#8217;50<\/b> \u20ac<br \/>\n <b>x<\/b> litros costar\u00e1n <b>20<\/b> \u20ac<br \/><\/center><\/p>\n<p>O, lo que es lo mismo:<\/p>\n<p><center><b> &nbsp;&nbsp;15<\/b> &#8212;&#8212;&#8211;> <b> 13&#8217;50 <\/b><br \/><b>x <\/b>&#8212;&#8212;&#8212;-> <b> 20 <\/b><\/p>\n<p><\/center><\/p>\n<p>Como &#8220;producto de medios es igual a producto de extremos&#8221;, tenemos que: <\/p>\n<p><center> <b>15 * 20 = x * 13&#8217;50<br \/>x = 300\/13&#8217;50<br \/>x = 22&#8217;22<\/b><\/p>\n<p><\/center><\/p>\n<p>Es decir, que con 20 \u20ac podemos comprar <b>22 litros<\/b> de gasolina aproximadamente.<\/p>\n<div><\/br>&nbsp;<\/div>\n<div class=\"sharedaddy sd-sharing-enabled\"><div class=\"robots-nocontent sd-block sd-social sd-social-official sd-sharing\"><div class=\"sd-content\"><ul><li class=\"share-facebook\"><div class=\"fb-share-button\" data-href=\"https:\/\/nosolomates.es\/?page_id=660\" data-layout=\"button_count\"><\/div><\/li><li class=\"share-twitter\"><a href=\"https:\/\/twitter.com\/share\" class=\"twitter-share-button\" data-url=\"https:\/\/nosolomates.es\/?page_id=660\" data-text=\"Reglas de tres\"  >Tweet<\/a><\/li><li class=\"share-linkedin\"><div class=\"linkedin_button\"><script type=\"in\/share\" data-url=\"https:\/\/nosolomates.es\/?page_id=660\" data-counter=\"right\"><\/script><\/div><\/li><li class=\"share-pinterest\"><div class=\"pinterest_button\"><a href=\"https:\/\/www.pinterest.com\/pin\/create\/button\/?url=https%3A%2F%2Fnosolomates.es%2F%3Fpage_id%3D660&#038;media=https%3A%2F%2Fsecure.gravatar.com%2Favatar%2Fc9ba1828908559b850337a4baa073367%3Fs%3D96%26d%3Dmm%26r%3Dg&#038;description=Reglas%20de%20tres\" data-pin-do=\"buttonPin\" data-pin-config=\"beside\"><img src=\"\/\/assets.pinterest.com\/images\/pidgets\/pinit_fg_en_rect_gray_20.png\" \/><\/a><\/div><\/li><li class=\"share-end\"><\/li><\/ul><\/div><\/div><\/div>","protected":false},"excerpt":{"rendered":"<p>Herramienta para resolver reglas de tres directas. Introduce los valores conocidos y escribe una x en la casilla de la inc\u00f3gnita. Despu\u00e9s, pulsa &#8220;Calcular&#8221;. Texto alternativo para browsers que no aceptan iframes. Explicaci\u00f3n: Una regla de tres no es m\u00e1s &hellip; <a href=\"https:\/\/nosolomates.es\/?page_id=660\">Sigue leyendo <span class=\"meta-nav\">&rarr;<\/span><\/a><\/p>\n<div class=\"sharedaddy sd-sharing-enabled\"><div class=\"robots-nocontent sd-block sd-social sd-social-official sd-sharing\"><div class=\"sd-content\"><ul><li class=\"share-facebook\"><div class=\"fb-share-button\" data-href=\"https:\/\/nosolomates.es\/?page_id=660\" data-layout=\"button_count\"><\/div><\/li><li class=\"share-twitter\"><a href=\"https:\/\/twitter.com\/share\" class=\"twitter-share-button\" data-url=\"https:\/\/nosolomates.es\/?page_id=660\" data-text=\"Reglas de tres\"  >Tweet<\/a><\/li><li class=\"share-linkedin\"><div class=\"linkedin_button\"><script type=\"in\/share\" data-url=\"https:\/\/nosolomates.es\/?page_id=660\" data-counter=\"right\"><\/script><\/div><\/li><li class=\"share-pinterest\"><div class=\"pinterest_button\"><a href=\"https:\/\/www.pinterest.com\/pin\/create\/button\/?url=https%3A%2F%2Fnosolomates.es%2F%3Fpage_id%3D660&#038;media=https%3A%2F%2Fsecure.gravatar.com%2Favatar%2Fc9ba1828908559b850337a4baa073367%3Fs%3D96%26d%3Dmm%26r%3Dg&#038;description=Reglas%20de%20tres\" data-pin-do=\"buttonPin\" data-pin-config=\"beside\"><img src=\"\/\/assets.pinterest.com\/images\/pidgets\/pinit_fg_en_rect_gray_20.png\" \/><\/a><\/div><\/li><li class=\"share-end\"><\/li><\/ul><\/div><\/div><\/div>","protected":false},"author":1,"featured_media":0,"parent":625,"menu_order":2,"comment_status":"open","ping_status":"open","template":"","meta":{"jetpack_post_was_ever_published":false,"footnotes":""},"jetpack_shortlink":"https:\/\/wp.me\/P9BfV-aE","jetpack_sharing_enabled":true,"_links":{"self":[{"href":"https:\/\/nosolomates.es\/index.php?rest_route=\/wp\/v2\/pages\/660"}],"collection":[{"href":"https:\/\/nosolomates.es\/index.php?rest_route=\/wp\/v2\/pages"}],"about":[{"href":"https:\/\/nosolomates.es\/index.php?rest_route=\/wp\/v2\/types\/page"}],"author":[{"embeddable":true,"href":"https:\/\/nosolomates.es\/index.php?rest_route=\/wp\/v2\/users\/1"}],"replies":[{"embeddable":true,"href":"https:\/\/nosolomates.es\/index.php?rest_route=%2Fwp%2Fv2%2Fcomments&post=660"}],"version-history":[{"count":4,"href":"https:\/\/nosolomates.es\/index.php?rest_route=\/wp\/v2\/pages\/660\/revisions"}],"predecessor-version":[{"id":666,"href":"https:\/\/nosolomates.es\/index.php?rest_route=\/wp\/v2\/pages\/660\/revisions\/666"}],"up":[{"embeddable":true,"href":"https:\/\/nosolomates.es\/index.php?rest_route=\/wp\/v2\/pages\/625"}],"wp:attachment":[{"href":"https:\/\/nosolomates.es\/index.php?rest_route=%2Fwp%2Fv2%2Fmedia&parent=660"}],"curies":[{"name":"wp","href":"https:\/\/api.w.org\/{rel}","templated":true}]}}