{"id":633,"date":"2012-04-01T00:00:36","date_gmt":"2012-03-31T23:00:36","guid":{"rendered":"http:\/\/nosolomates.es\/?page_id=633"},"modified":"2021-03-29T15:51:37","modified_gmt":"2021-03-29T13:51:37","slug":"numeros-primos","status":"publish","type":"page","link":"https:\/\/nosolomates.es\/?page_id=633","title":{"rendered":"N\u00fameros primos"},"content":{"rendered":"<p>Herramienta para saber si un n\u00famero es primo o no. Introduce el n\u00famero en la caja y pulsa &#8220;Calcular&#8221;.<\/p>\n<p><center><\/p>\n<div id=\"utilidades\"><h7><iframe loading=\"lazy\" src=\"web\/primos.htm\" scrolling=\"auto\" width=\"470\" height=\"200\" frameborder=\"0\"><\/p>\n<p>Texto alternativo para browsers que no aceptan iframes.<\/p>\n<p><\/iframe><\/h7><\/div>\n<p><\/center><\/p>\n<p>Y otra herramienta para averig\u00fcar el primer primo despu\u00e9s de un n\u00famero dado.<br \/>\n<center><\/p>\n<div id=\"utilidades\"><h7><iframe loading=\"lazy\" src=\"web\/primos2.htm\" scrolling=\"auto\" width=\"470\" height=\"200\" frameborder=\"0\"><\/p>\n<p>Texto alternativo para browsers que no aceptan iframes.<\/p>\n<p><\/iframe><\/h7><\/div>\n<p><\/center><\/p>\n<h1>Explicaci\u00f3n:<\/h1>\n<p>Se dice que un n\u00famero es primo cuando sus \u00fanicos divisores son \u00e9l mismo y la unidad. Por ejemplo 5, 7 y 23 son primos. El n\u00famero 18, en cambio, es compuesto, ya que tiene m\u00e1s divisores (1, 2, 3, 6, 9 y 18).<\/p>\n<p>Se puede hacer una lista de n\u00fameros primos con la llamada <b>Criba de Erat\u00f3stenes<\/b>, que consiste en tachar todos los m\u00faltiplos de 2 (ya que ser\u00e1n compuestos al ser el 2 un divisor). Despu\u00e9s tachamos todos los m\u00faltiplos de 3 (por lo mismo). El 4 estar\u00e1 tachado, as\u00ed que lo saltamos. El 5 est\u00e1 sin tachar, as\u00ed que tachamos todos los m\u00faltiplos de 5. Continuamos este proceso, tachando los m\u00faltiplos de los n\u00fameros que no est\u00e9n tachados. Los n\u00fameros que &#8220;sobreviven&#8221; a esta criba son los n\u00fameros primos. Los primeros son:<\/p>\n<p><center><\/p>\n<p class=\"bold\">2 &nbsp;3 &nbsp;5 &nbsp;7 &nbsp;11 &nbsp;13 &nbsp;17 &nbsp;19 &nbsp;23 &nbsp;29 &#8230;<\/p>\n<p><\/center><\/p>\n<p>Para saber si un n\u00famero es primo, lo vamos dividiendo por 2, 3, 5&#8230; hasta que encontremos una divisi\u00f3n exacta, en cuyo caso el n\u00famero ser\u00eda compuesto, o bien hasta que el cociente de la divisi\u00f3n sea menor que el divisor. Si hemos llegado a este punto sin encontrar ninguna divisi\u00f3n exacta, el n\u00famero dado es primo.<\/p>\n<p class=\"bold\">Ejemplos:<\/p>\n<p>El numero 49: Dividimos por 2 y no es exacta. Dividimos por 3 y tampoco. Por 5 tampoco. Por 7 s\u00ed es exacta, luego el n\u00famero 49 no es primo, es divisible por 7.<\/p>\n<p>El numero 53: Dividimos por 2 y no es exacta, Por 3 tampoco, ni por 5 ni por 7. Dividimos entre 11 y tampoco es exacta, pero hemos llegado a que el cociente, 4, es menor que el divisor, 11, por lo que el n\u00famero 53 es primo.<\/p>\n<div>\n&nbsp;<\/div>\n<div class=\"sharedaddy sd-sharing-enabled\"><div class=\"robots-nocontent sd-block sd-social sd-social-official sd-sharing\"><div class=\"sd-content\"><ul><li class=\"share-facebook\"><div class=\"fb-share-button\" data-href=\"https:\/\/nosolomates.es\/?page_id=633\" data-layout=\"button_count\"><\/div><\/li><li class=\"share-twitter\"><a href=\"https:\/\/twitter.com\/share\" class=\"twitter-share-button\" data-url=\"https:\/\/nosolomates.es\/?page_id=633\" data-text=\"N\u00fameros primos\"  >Tweet<\/a><\/li><li class=\"share-linkedin\"><div class=\"linkedin_button\"><script type=\"in\/share\" data-url=\"https:\/\/nosolomates.es\/?page_id=633\" data-counter=\"right\"><\/script><\/div><\/li><li class=\"share-pinterest\"><div class=\"pinterest_button\"><a href=\"https:\/\/www.pinterest.com\/pin\/create\/button\/?url=https%3A%2F%2Fnosolomates.es%2F%3Fpage_id%3D633&#038;media=https%3A%2F%2Fsecure.gravatar.com%2Favatar%2Fc9ba1828908559b850337a4baa073367%3Fs%3D96%26d%3Dmm%26r%3Dg&#038;description=N%C3%BAmeros%20primos\" data-pin-do=\"buttonPin\" data-pin-config=\"beside\"><img src=\"\/\/assets.pinterest.com\/images\/pidgets\/pinit_fg_en_rect_gray_20.png\" \/><\/a><\/div><\/li><li class=\"share-end\"><\/li><\/ul><\/div><\/div><\/div>","protected":false},"excerpt":{"rendered":"<p>Herramienta para saber si un n\u00famero es primo o no. Introduce el n\u00famero en la caja y pulsa &#8220;Calcular&#8221;. Texto alternativo para browsers que no aceptan iframes. Y otra herramienta para averig\u00fcar el primer primo despu\u00e9s de un n\u00famero dado. &hellip; <a href=\"https:\/\/nosolomates.es\/?page_id=633\">Sigue leyendo <span class=\"meta-nav\">&rarr;<\/span><\/a><\/p>\n<div class=\"sharedaddy sd-sharing-enabled\"><div class=\"robots-nocontent sd-block sd-social sd-social-official sd-sharing\"><div class=\"sd-content\"><ul><li class=\"share-facebook\"><div class=\"fb-share-button\" data-href=\"https:\/\/nosolomates.es\/?page_id=633\" data-layout=\"button_count\"><\/div><\/li><li class=\"share-twitter\"><a href=\"https:\/\/twitter.com\/share\" class=\"twitter-share-button\" data-url=\"https:\/\/nosolomates.es\/?page_id=633\" data-text=\"N\u00fameros primos\"  >Tweet<\/a><\/li><li class=\"share-linkedin\"><div class=\"linkedin_button\"><script type=\"in\/share\" data-url=\"https:\/\/nosolomates.es\/?page_id=633\" data-counter=\"right\"><\/script><\/div><\/li><li class=\"share-pinterest\"><div class=\"pinterest_button\"><a href=\"https:\/\/www.pinterest.com\/pin\/create\/button\/?url=https%3A%2F%2Fnosolomates.es%2F%3Fpage_id%3D633&#038;media=https%3A%2F%2Fsecure.gravatar.com%2Favatar%2Fc9ba1828908559b850337a4baa073367%3Fs%3D96%26d%3Dmm%26r%3Dg&#038;description=N%C3%BAmeros%20primos\" data-pin-do=\"buttonPin\" data-pin-config=\"beside\"><img src=\"\/\/assets.pinterest.com\/images\/pidgets\/pinit_fg_en_rect_gray_20.png\" \/><\/a><\/div><\/li><li class=\"share-end\"><\/li><\/ul><\/div><\/div><\/div>","protected":false},"author":1,"featured_media":0,"parent":623,"menu_order":2,"comment_status":"open","ping_status":"open","template":"","meta":{"jetpack_post_was_ever_published":false,"footnotes":""},"jetpack_shortlink":"https:\/\/wp.me\/P9BfV-ad","jetpack_sharing_enabled":true,"_links":{"self":[{"href":"https:\/\/nosolomates.es\/index.php?rest_route=\/wp\/v2\/pages\/633"}],"collection":[{"href":"https:\/\/nosolomates.es\/index.php?rest_route=\/wp\/v2\/pages"}],"about":[{"href":"https:\/\/nosolomates.es\/index.php?rest_route=\/wp\/v2\/types\/page"}],"author":[{"embeddable":true,"href":"https:\/\/nosolomates.es\/index.php?rest_route=\/wp\/v2\/users\/1"}],"replies":[{"embeddable":true,"href":"https:\/\/nosolomates.es\/index.php?rest_route=%2Fwp%2Fv2%2Fcomments&post=633"}],"version-history":[{"count":2,"href":"https:\/\/nosolomates.es\/index.php?rest_route=\/wp\/v2\/pages\/633\/revisions"}],"predecessor-version":[{"id":9923,"href":"https:\/\/nosolomates.es\/index.php?rest_route=\/wp\/v2\/pages\/633\/revisions\/9923"}],"up":[{"embeddable":true,"href":"https:\/\/nosolomates.es\/index.php?rest_route=\/wp\/v2\/pages\/623"}],"wp:attachment":[{"href":"https:\/\/nosolomates.es\/index.php?rest_route=%2Fwp%2Fv2%2Fmedia&parent=633"}],"curies":[{"name":"wp","href":"https:\/\/api.w.org\/{rel}","templated":true}]}}