{"id":631,"date":"2012-03-31T23:59:08","date_gmt":"2012-03-31T22:59:08","guid":{"rendered":"http:\/\/nosolomates.es\/?page_id=631"},"modified":"2012-03-31T23:59:08","modified_gmt":"2012-03-31T22:59:08","slug":"divisores-de-un-numero","status":"publish","type":"page","link":"https:\/\/nosolomates.es\/?page_id=631","title":{"rendered":"Divisores de un n\u00famero"},"content":{"rendered":"<p>Herramienta para calcular los divisores de un n\u00famero. Introduce el n\u00famero en la caja y pulsa &#8220;Hallar divisores&#8221;.<\/p>\n<p><center><\/p>\n<div id=\"utilidades\"><h7><iframe loading=\"lazy\" src=\"web\/divisores.htm\" width=\"470\" height=\"270\" scrolling=\"auto\" frameborder=\"0\"><\/p>\n<p>Texto alternativo para browsers que no aceptan iframes.<\/p>\n<p>    <\/iframe><\/h7><\/div>\n<p><\/center><br \/>\n<\/p>\n<h1>Explicaci\u00f3n:<\/h1>\n<p><\/p>\n<p>Los divisores de un n\u00famero son aquellos valores que dividen al n\u00famero en partes exactas. As\u00ed, dado un n\u00famero <b>a<\/b>, si la divisi\u00f3n a\/b es exacta (el resto es cero), entonces se dice que <b>b es divisor de a<\/b>. Tambi\u00e9n se puede decir que <b>a es divisible por b<\/b> o que <b>a es un m\u00faltiplo de b<\/b>. Esto nos resulta \u00fatil, por ejemplo, a la hora de agrupar una cantidad de objetos en partes iguales sin que nos sobre ninguno.<\/p>\n<p>Por ejemplo, tenemos 36 bol\u00edgrafos y queremos hacer paquetes de modo que no sobre ning\u00fano. Como los divisores de 36 son 1, 2, 3, 4, 6, 9, 12, 18 y 36, podemos hacer paquetes de esas cantidades. Con cualquier otro valor nos quedar\u00edan bol\u00edgrafos sueltos (si hacemos paquetes de 5 en 5, nos sobrar\u00eda un bol\u00edgrafo).<\/p>\n<p>L\u00f3gicamente, el 1 siempre es divisor de cualquier n\u00famero, porque siempre podemos hacer paquetes individuales y no nos sobrar\u00e1 ninguno. De igual forma, todo n\u00famero es divisible por s\u00ed mismo, lo que equivaldr\u00eda a hacer un \u00fanico paquete.<\/p>\n<div><\/br>&nbsp;<\/div>\n<div class=\"sharedaddy sd-sharing-enabled\"><div class=\"robots-nocontent sd-block sd-social sd-social-official sd-sharing\"><div class=\"sd-content\"><ul><li class=\"share-facebook\"><div class=\"fb-share-button\" data-href=\"https:\/\/nosolomates.es\/?page_id=631\" data-layout=\"button_count\"><\/div><\/li><li class=\"share-twitter\"><a href=\"https:\/\/twitter.com\/share\" class=\"twitter-share-button\" data-url=\"https:\/\/nosolomates.es\/?page_id=631\" data-text=\"Divisores de un n\u00famero\"  >Tweet<\/a><\/li><li class=\"share-linkedin\"><div class=\"linkedin_button\"><script type=\"in\/share\" data-url=\"https:\/\/nosolomates.es\/?page_id=631\" data-counter=\"right\"><\/script><\/div><\/li><li class=\"share-pinterest\"><div class=\"pinterest_button\"><a href=\"https:\/\/www.pinterest.com\/pin\/create\/button\/?url=https%3A%2F%2Fnosolomates.es%2F%3Fpage_id%3D631&#038;media=https%3A%2F%2Fsecure.gravatar.com%2Favatar%2Fc9ba1828908559b850337a4baa073367%3Fs%3D96%26d%3Dmm%26r%3Dg&#038;description=Divisores%20de%20un%20n%C3%BAmero\" data-pin-do=\"buttonPin\" data-pin-config=\"beside\"><img src=\"\/\/assets.pinterest.com\/images\/pidgets\/pinit_fg_en_rect_gray_20.png\" \/><\/a><\/div><\/li><li class=\"share-end\"><\/li><\/ul><\/div><\/div><\/div>","protected":false},"excerpt":{"rendered":"<p>Herramienta para calcular los divisores de un n\u00famero. Introduce el n\u00famero en la caja y pulsa &#8220;Hallar divisores&#8221;. Texto alternativo para browsers que no aceptan iframes. Explicaci\u00f3n: Los divisores de un n\u00famero son aquellos valores que dividen al n\u00famero en &hellip; <a href=\"https:\/\/nosolomates.es\/?page_id=631\">Sigue leyendo <span class=\"meta-nav\">&rarr;<\/span><\/a><\/p>\n<div class=\"sharedaddy sd-sharing-enabled\"><div class=\"robots-nocontent sd-block sd-social sd-social-official sd-sharing\"><div class=\"sd-content\"><ul><li class=\"share-facebook\"><div class=\"fb-share-button\" data-href=\"https:\/\/nosolomates.es\/?page_id=631\" data-layout=\"button_count\"><\/div><\/li><li class=\"share-twitter\"><a href=\"https:\/\/twitter.com\/share\" class=\"twitter-share-button\" data-url=\"https:\/\/nosolomates.es\/?page_id=631\" data-text=\"Divisores de un n\u00famero\"  >Tweet<\/a><\/li><li class=\"share-linkedin\"><div class=\"linkedin_button\"><script type=\"in\/share\" data-url=\"https:\/\/nosolomates.es\/?page_id=631\" data-counter=\"right\"><\/script><\/div><\/li><li class=\"share-pinterest\"><div class=\"pinterest_button\"><a href=\"https:\/\/www.pinterest.com\/pin\/create\/button\/?url=https%3A%2F%2Fnosolomates.es%2F%3Fpage_id%3D631&#038;media=https%3A%2F%2Fsecure.gravatar.com%2Favatar%2Fc9ba1828908559b850337a4baa073367%3Fs%3D96%26d%3Dmm%26r%3Dg&#038;description=Divisores%20de%20un%20n%C3%BAmero\" data-pin-do=\"buttonPin\" data-pin-config=\"beside\"><img src=\"\/\/assets.pinterest.com\/images\/pidgets\/pinit_fg_en_rect_gray_20.png\" \/><\/a><\/div><\/li><li class=\"share-end\"><\/li><\/ul><\/div><\/div><\/div>","protected":false},"author":1,"featured_media":0,"parent":623,"menu_order":1,"comment_status":"open","ping_status":"open","template":"","meta":{"jetpack_post_was_ever_published":false,"footnotes":""},"jetpack_shortlink":"https:\/\/wp.me\/P9BfV-ab","jetpack_sharing_enabled":true,"_links":{"self":[{"href":"https:\/\/nosolomates.es\/index.php?rest_route=\/wp\/v2\/pages\/631"}],"collection":[{"href":"https:\/\/nosolomates.es\/index.php?rest_route=\/wp\/v2\/pages"}],"about":[{"href":"https:\/\/nosolomates.es\/index.php?rest_route=\/wp\/v2\/types\/page"}],"author":[{"embeddable":true,"href":"https:\/\/nosolomates.es\/index.php?rest_route=\/wp\/v2\/users\/1"}],"replies":[{"embeddable":true,"href":"https:\/\/nosolomates.es\/index.php?rest_route=%2Fwp%2Fv2%2Fcomments&post=631"}],"version-history":[{"count":1,"href":"https:\/\/nosolomates.es\/index.php?rest_route=\/wp\/v2\/pages\/631\/revisions"}],"predecessor-version":[{"id":632,"href":"https:\/\/nosolomates.es\/index.php?rest_route=\/wp\/v2\/pages\/631\/revisions\/632"}],"up":[{"embeddable":true,"href":"https:\/\/nosolomates.es\/index.php?rest_route=\/wp\/v2\/pages\/623"}],"wp:attachment":[{"href":"https:\/\/nosolomates.es\/index.php?rest_route=%2Fwp%2Fv2%2Fmedia&parent=631"}],"curies":[{"name":"wp","href":"https:\/\/api.w.org\/{rel}","templated":true}]}}