{"id":574,"date":"2011-06-20T20:51:48","date_gmt":"2011-06-20T19:51:48","guid":{"rendered":"http:\/\/nosolomates.es\/?page_id=574"},"modified":"2021-03-30T15:24:48","modified_gmt":"2021-03-30T13:24:48","slug":"utilidades","status":"publish","type":"page","link":"https:\/\/nosolomates.es\/?page_id=574","title":{"rendered":"Utilidades"},"content":{"rendered":"<table id=\"utilidades\" border=\"0\">\n<tbody>\n<tr>\n<td width=\"12%\">\n<div style=\"font-size:1.2em;\">Aritm\u00e9tica<\/div>\n<\/td>\n<td width=\"12%\">\n<div style=\"font-size:1.2em;\">\u00c1lgebra<\/div>\n<\/td>\n<td width=\"13%\">\n<div style=\"font-size:1.2em;\">Geometr\u00eda<\/div>\n<\/td>\n<td width=\"13%\">\n<div style=\"font-size:1.2em;\">Otras<\/div>\n<\/td>\n<\/tr>\n<tr>\n<td style=\"font-size:0.9em;\" valign=\"top\">\n<div style=\"text-indent: -0.8em; margin-left: -1em; padding-bottom:10px;\"><big>\u00b7<\/big> <a href=\"?p=631\">Divisores de un n\u00famero<\/a><\/div>\n<div style=\"text-indent: -0.8em; margin-left: -1em; padding-bottom:10px;\"><big>\u00b7<\/big> <a href=\"?p=633\">N\u00fameros Primos<\/a><\/div>\n<div style=\"text-indent: -0.8em; margin-left: -1em; padding-bottom:10px;\"><big>\u00b7<\/big> <a href=\"?p=635\"><h7>Descomposici\u00f3n en Factores<\/h7><\/a><\/div>\n<div style=\"text-indent: -0.8em; margin-left: -1em; padding-bottom:10px;\"><big>\u00b7<\/big> <a href=\"?p=637\"><h7>M.C.D. y M.C.M.<\/h7><\/a><\/div>\n<div style=\"text-indent: -0.8em; margin-left: -1em; padding-bottom:10px;\"><big>\u00b7<\/big> <a href=\"?p=639\"><h7>Expresiones Matem\u00e1ticas<\/h7><\/a><\/div>\n<div style=\"text-indent: -0.8em; margin-left: -1em; padding-bottom:10px;\"><big>\u00b7<\/big> <a href=\"?p=641\"><h7>Fracciones<\/h7><\/a><\/div>\n<div style=\"text-indent: -0.8em; margin-left: -1em; padding-bottom:10px;\"><big>\u00b7<\/big> <a href=\"?p=643\"><h7>Fracci\u00f3n Generatriz<\/h7><\/a><\/div>\n<div style=\"text-indent: -0.8em; margin-left: -1em; padding-bottom:10px;\"><big>\u00b7<\/big> <a href=\"?p=645\"><h7>Progresiones Aritm\u00e9ticas<\/h7><\/a><\/div>\n<div style=\"text-indent: -0.8em; margin-left: -1em; padding-bottom:10px;\"><big>\u00b7<\/big> <a href=\"?p=647\"><h7>Series de Fibonacci<\/h7><\/a><\/div>\n<div style=\"text-indent: -0.8em; margin-left: -1em; padding-bottom:10px;\"><big>\u00b7<\/big> <a href=\"?p=649\"><h7>Potencias<\/h7><\/a><\/div>\n<div style=\"text-indent: -0.8em; margin-left: -1em; padding-bottom:10px;\"><big>\u00b7<\/big> <a href=\"?p=651\"><h7>Logaritmos<\/h7><\/a><\/div>\n<div style=\"text-indent: -0.8em; margin-left: -1em; padding-bottom:10px;\"><big>\u00b7<\/big> <a href=\"?p=653\"><h7>Complejos I: Operaciones<\/h7><\/a><\/div>\n<div style=\"text-indent: -0.8em; margin-left: -1em; padding-bottom:10px;\"><big>\u00b7<\/big> <a href=\"?p=656\"><h7>Complejos II: Cambios de forma<\/h7><\/a><\/div>\n<div style=\"text-indent: -0.8em; margin-left: -1em; padding-bottom:10px;\"><big>\u00b7<\/big> <a href=\"?p=9924\"><h7>Permutaciones<\/h7><\/a><\/div>\n<div style=\"text-indent: -0.8em; margin-left: -1em; padding-bottom:10px;\"><big>\u00b7<\/big> <a href=\"?p=9938\"><h7>Variaciones<\/h7><\/a><\/div>\n<div style=\"text-indent: -0.8em; margin-left: -1em; padding-bottom:10px;\"><big>\u00b7<\/big> <a href=\"?p=9951\"><h7>Combinaciones<\/h7><\/a><\/div>\n<\/td>\n<td style=\"font-size:0.9em;\" valign=\"top\">\n<div style=\"text-indent: -0.8em; margin-left: -1em; padding-bottom:10px;\"><big>\u00b7<\/big> <a href=\"?p=658\"><h7>Incremento Porcentual<\/h7><\/a><\/div>\n<div style=\"text-indent: -0.8em; margin-left: -1em; padding-bottom:10px;\"><big>\u00b7<\/big> <a href=\"?p=660\"><h7>Regla de Tres<\/h7><\/a><\/div>\n<div style=\"text-indent: -0.8em; margin-left: -1em; padding-bottom:10px;\"><big>\u00b7<\/big> <a href=\"?p=664\"><h7>Binomio de Newton<\/h7><\/a><\/div>\n<div style=\"text-indent: -0.8em; margin-left: -1em; padding-bottom:10px;\"><big>\u00b7<\/big> <a href=\"?p=668\"><h7>Ecuaciones de 2\u00ba Grado<\/h7><\/a><\/div>\n<div style=\"text-indent: -0.8em; margin-left: -1em; padding-bottom:10px;\"><big>\u00b7<\/big> <a href=\"?p=670\"><h7>Ecuaciones de 3<sup>er<\/sup> Grado<\/h7><\/a><\/div>\n<div style=\"text-indent: -0.8em; margin-left: -1em; padding-bottom:10px;\"><big>\u00b7<\/big> <a href=\"?p=674\"><h7>Sistemas de 2 ecuaciones<\/h7><\/a><\/div>\n<div style=\"text-indent: -0.8em; margin-left: -1em; padding-bottom:10px;\"><big>\u00b7<\/big> <a href=\"?p=676\"><h7>Sistemas de 3 ecuaciones<\/h7><\/a><\/div>\n<div style=\"text-indent: -0.8em; margin-left: -1em; padding-bottom:10px;\"><big>\u00b7<\/big> <a href=\"?p=723\"><h7>Ecuaciones Complejas<\/h7><\/a><\/div>\n<\/td>\n<td style=\"font-size:0.9em;\" valign=\"top\">\n<div style=\"text-indent: -0.8em; margin-left: -1em; padding-bottom:10px;\"><big>\u00b7<\/big> <a href=\"?p=725\"><h7>Teorema de Pit\u00e1goras<\/h7><\/a><\/div>\n<div style=\"text-indent: -0.8em; margin-left: -1em; padding-bottom:10px;\"><big>\u00b7<\/big> <a href=\"?p=727\"><h7>\u00c1reas y Vol\u00famenes<\/h7><\/a><\/div>\n<div style=\"text-indent: -0.8em; margin-left: -1em; padding-bottom:10px;\"><big>\u00b7<\/big> <a href=\"?p=729\"><h7>Funciones lineales y afines (Rectas)<\/h7><\/a><\/div>\n<div style=\"text-indent: -0.8em; margin-left: -1em; padding-bottom:10px;\"><big>\u00b7<\/big> <a href=\"?p=731\"><h7>Funciones cuadr\u00e1ticas (Par\u00e1bolas)<\/h7><\/a><\/div>\n<div style=\"text-indent: -0.8em; margin-left: -1em; padding-bottom:10px;\"><big>\u00b7<\/big> <a href=\"?p=733\"><h7>Elipses<\/h7><\/a><\/div>\n<\/td>\n<td style=\"font-size:0.9em;\" valign=\"top\">\n<div style=\"text-indent: -0.8em; margin-left: -1em; padding-bottom:10px;\"><big>\u00b7<\/big> <a href=\"?p=1103\"><h7>Cubo de Menger<\/h7><\/a><\/div>\n<div style=\"text-indent: -0.8em; margin-left: -1em; padding-bottom:10px;\"><big>\u00b7<\/big> <a href=\"?p=736\"><h7>Letra DNI<\/h7><\/a><\/div>\n<div style=\"text-indent: -0.8em; margin-left: -1em; padding-bottom:10px;\"><big>\u00b7<\/big> <a href=\"?p=738\"><h7>El ISBN de los libros<\/h7><\/a><\/div>\n<div style=\"text-indent: -0.8em; margin-left: -1em; padding-bottom:10px;\"><big>\u00b7<\/big> <a href=\"?p=740\"><h7>C\u00f3digos de barras<\/h7><\/a><\/div>\n<div style=\"text-indent: -0.8em; margin-left: -1em; padding-bottom:10px;\"><big>\u00b7<\/big> <a href=\"?p=742\"><h7>N\u00fameros Romanos<\/h7><\/a><\/div>\n<div style=\"text-indent: -0.8em; margin-left: -1em; padding-bottom:10px;\"><big>\u00b7<\/big> <a href=\"?p=744\"><h7>Convertidor de medidas<\/h7><\/a><\/div>\n<div style=\"text-indent: -0.8em; margin-left: -1em; padding-bottom:10px;\"><big>\u00b7<\/big> <a href=\"?p=746\"><h7>N\u00fameros Aleatorios<\/h7><\/a><\/div>\n<div style=\"text-indent: -0.8em; margin-left: -1em; padding-bottom:10px;\"><big>\u00b7<\/big> <a href=\"?p=748\"><h7>C\u00f3digo Morse<\/h7><\/a><\/div>\n<div style=\"text-indent: -0.8em; margin-left: -1em; padding-bottom:10px;\"><big>\u00b7<\/big> <a href=\"?p=750\"><h7>Un truco de magia<\/h7><\/a><\/div>\n<div style=\"text-indent: -0.8em; margin-left: -1em; padding-bottom:10px;\"><big>\u00b7<\/big> <a href=\"?p=752\"><h7>Adivina un n\u00famero<\/h7><\/a><\/div>\n<p style=\"font-size:1.4em;\">Criptograf\u00eda<\/p>\n<div style=\"text-indent: -0.8em; margin-left: -1em; padding-bottom:10px;\"><big>\u00b7<\/big> <a href=\"?p=756\"><h7>El primer paso<\/h7><\/a><\/div>\n<div style=\"text-indent: -0.8em; margin-left: -1em; padding-bottom:10px;\"><big>\u00b7<\/big> <a href=\"?p=758\"><h7>Cifrado ROT-13<\/h7><\/a><\/div>\n<div style=\"text-indent: -0.8em; margin-left: -1em; padding-bottom:10px;\"><big>\u00b7<\/big> <a href=\"?p=760\"><h7>Cifrado C\u00e9sar<\/h7><\/a><\/div>\n<div style=\"text-indent: -0.8em; margin-left: -1em; padding-bottom:10px;\"><big>\u00b7<\/big> <a href=\"?p=762\"><h7>La Esc\u00edtala Espartana<\/h7><\/a><\/div>\n<div style=\"text-indent: -0.8em; margin-left: -1em; padding-bottom:10px;\"><big>\u00b7<\/big> <a href=\"?p=764\"><h7>Lenguajes de ficci\u00f3n<\/h7><\/a><\/div>\n<\/td>\n<\/tr>\n<tr>\n<td>&nbsp;<\/td>\n<td><\/td>\n<td><\/td>\n<td><\/td>\n<\/tr>\n<\/tbody>\n<\/table>\n<div class=\"sharedaddy sd-sharing-enabled\"><div class=\"robots-nocontent sd-block sd-social sd-social-official sd-sharing\"><div class=\"sd-content\"><ul><li class=\"share-facebook\"><div class=\"fb-share-button\" data-href=\"https:\/\/nosolomates.es\/?page_id=574\" data-layout=\"button_count\"><\/div><\/li><li class=\"share-twitter\"><a href=\"https:\/\/twitter.com\/share\" class=\"twitter-share-button\" data-url=\"https:\/\/nosolomates.es\/?page_id=574\" data-text=\"Utilidades\"  >Tweet<\/a><\/li><li class=\"share-linkedin\"><div class=\"linkedin_button\"><script type=\"in\/share\" data-url=\"https:\/\/nosolomates.es\/?page_id=574\" data-counter=\"right\"><\/script><\/div><\/li><li class=\"share-pinterest\"><div class=\"pinterest_button\"><a href=\"https:\/\/www.pinterest.com\/pin\/create\/button\/?url=https%3A%2F%2Fnosolomates.es%2F%3Fpage_id%3D574&#038;media=https%3A%2F%2Fsecure.gravatar.com%2Favatar%2Fc9ba1828908559b850337a4baa073367%3Fs%3D96%26d%3Dmm%26r%3Dg&#038;description=Utilidades\" data-pin-do=\"buttonPin\" data-pin-config=\"beside\"><img src=\"\/\/assets.pinterest.com\/images\/pidgets\/pinit_fg_en_rect_gray_20.png\" \/><\/a><\/div><\/li><li class=\"share-end\"><\/li><\/ul><\/div><\/div><\/div>","protected":false},"excerpt":{"rendered":"<p>Aritm\u00e9tica \u00c1lgebra Geometr\u00eda Otras \u00b7 Divisores de un n\u00famero \u00b7 N\u00fameros Primos \u00b7 Descomposici\u00f3n en Factores \u00b7 M.C.D. y M.C.M. \u00b7 Expresiones Matem\u00e1ticas \u00b7 Fracciones \u00b7 Fracci\u00f3n Generatriz \u00b7 Progresiones Aritm\u00e9ticas \u00b7 Series de Fibonacci \u00b7 Potencias \u00b7 Logaritmos \u00b7 &hellip; <a href=\"https:\/\/nosolomates.es\/?page_id=574\">Sigue leyendo <span class=\"meta-nav\">&rarr;<\/span><\/a><\/p>\n<div class=\"sharedaddy sd-sharing-enabled\"><div class=\"robots-nocontent sd-block sd-social sd-social-official sd-sharing\"><div class=\"sd-content\"><ul><li class=\"share-facebook\"><div class=\"fb-share-button\" data-href=\"https:\/\/nosolomates.es\/?page_id=574\" data-layout=\"button_count\"><\/div><\/li><li class=\"share-twitter\"><a href=\"https:\/\/twitter.com\/share\" class=\"twitter-share-button\" data-url=\"https:\/\/nosolomates.es\/?page_id=574\" data-text=\"Utilidades\"  >Tweet<\/a><\/li><li class=\"share-linkedin\"><div class=\"linkedin_button\"><script type=\"in\/share\" data-url=\"https:\/\/nosolomates.es\/?page_id=574\" data-counter=\"right\"><\/script><\/div><\/li><li class=\"share-pinterest\"><div class=\"pinterest_button\"><a href=\"https:\/\/www.pinterest.com\/pin\/create\/button\/?url=https%3A%2F%2Fnosolomates.es%2F%3Fpage_id%3D574&#038;media=https%3A%2F%2Fsecure.gravatar.com%2Favatar%2Fc9ba1828908559b850337a4baa073367%3Fs%3D96%26d%3Dmm%26r%3Dg&#038;description=Utilidades\" data-pin-do=\"buttonPin\" data-pin-config=\"beside\"><img src=\"\/\/assets.pinterest.com\/images\/pidgets\/pinit_fg_en_rect_gray_20.png\" \/><\/a><\/div><\/li><li class=\"share-end\"><\/li><\/ul><\/div><\/div><\/div>","protected":false},"author":1,"featured_media":0,"parent":0,"menu_order":1,"comment_status":"closed","ping_status":"closed","template":"","meta":{"jetpack_post_was_ever_published":false,"footnotes":""},"jetpack_shortlink":"https:\/\/wp.me\/P9BfV-9g","jetpack_sharing_enabled":true,"_links":{"self":[{"href":"https:\/\/nosolomates.es\/index.php?rest_route=\/wp\/v2\/pages\/574"}],"collection":[{"href":"https:\/\/nosolomates.es\/index.php?rest_route=\/wp\/v2\/pages"}],"about":[{"href":"https:\/\/nosolomates.es\/index.php?rest_route=\/wp\/v2\/types\/page"}],"author":[{"embeddable":true,"href":"https:\/\/nosolomates.es\/index.php?rest_route=\/wp\/v2\/users\/1"}],"replies":[{"embeddable":true,"href":"https:\/\/nosolomates.es\/index.php?rest_route=%2Fwp%2Fv2%2Fcomments&post=574"}],"version-history":[{"count":85,"href":"https:\/\/nosolomates.es\/index.php?rest_route=\/wp\/v2\/pages\/574\/revisions"}],"predecessor-version":[{"id":9959,"href":"https:\/\/nosolomates.es\/index.php?rest_route=\/wp\/v2\/pages\/574\/revisions\/9959"}],"wp:attachment":[{"href":"https:\/\/nosolomates.es\/index.php?rest_route=%2Fwp%2Fv2%2Fmedia&parent=574"}],"curies":[{"name":"wp","href":"https:\/\/api.w.org\/{rel}","templated":true}]}}