{"id":1103,"date":"2016-08-06T15:59:47","date_gmt":"2016-08-06T13:59:47","guid":{"rendered":"http:\/\/nosolomates.es\/?page_id=1103"},"modified":"2016-08-06T16:05:30","modified_gmt":"2016-08-06T14:05:30","slug":"cubo-de-menger","status":"publish","type":"page","link":"https:\/\/nosolomates.es\/?page_id=1103","title":{"rendered":"Cubo de Menger"},"content":{"rendered":"<p>Instrucciones para construir un Cubo de Menger con m\u00f3dulos Sonob\u00e9s:<\/p>\n<p>El primer paso es plegar los m\u00f3dulos sonob\u00e9s. Necesitaremos 72 m\u00f3dulos para un cubo de orden 1 y 1056 m\u00f3dulos para construir un cubo de orden 2. Para los m\u00f3dulos se necesitan hojas cuadradas, todas iguales. Un buen tama\u00f1o es 7&#215;7 cm. (se obtienen 12 de un folio tama\u00f1o A4 y solo sobra una peque\u00f1a tira). Si se hace con folios que est\u00e9n escritos por un lado, la parte escrita se pondr\u00e1 arriba, para que quede oculta. Si lo hacemos con hojas de colores, el color ir\u00e1 debajo. Aqu\u00ed ten\u00e9is el v\u00eddeo para hacer los m\u00f3dulos sonob\u00e9:<\/p>\n\r\n\t<!-- Begin Video.js -->\r\n\t<video id=\"example_video_id_2048513868\" class=\"video-js vjs-default-skin\" width=\"100%\" height=\"264\" controls preload=\"none\" data-setup='[]'>\r\n\t\t<source src=\"http:\/\/nosolomates.es\/videos\/CuboMengerPaso1.mp4\" type='video\/mp4' \/>\r\n\t\t\r\n\t\t\r\n\t<\/video>\r\n\t<!-- End Video.js -->\r\n\n<p>Una vez que tengamos los m\u00f3dulos necesarios, comenzamos por construir los &#8220;agujeros&#8221; de orden 1 del cubo, es decir, los agujeros peque\u00f1os. Para cada agujero se necesitan 4 m\u00f3dulos sonob\u00e9s. Las instrucciones est\u00e1n en el siguiente v\u00eddeo:<\/p>\n\r\n\t<!-- Begin Video.js -->\r\n\t<video id=\"example_video_id_2023024474\" class=\"video-js vjs-default-skin\" width=\"100%\" height=\"264\" controls preload=\"none\" data-setup='[]'>\r\n\t\t<source src=\"http:\/\/nosolomates.es\/videos\/CuboMengerPaso2.mp4\" type='video\/mp4' \/>\r\n\t\t\r\n\t\t\r\n\t<\/video>\r\n\t<!-- End Video.js -->\r\n\n<p>Para el siguiente paso, el interior del cubo de Orden 1, necesitamos 6 &#8220;agujeros&#8221; de los anteriores. Para montarlos, seguid las instrucciones de este v\u00eddeo:<\/p>\n\r\n\t<!-- Begin Video.js -->\r\n\t<video id=\"example_video_id_701198345\" class=\"video-js vjs-default-skin\" width=\"100%\" height=\"264\" controls preload=\"none\" data-setup='[]'>\r\n\t\t<source src=\"http:\/\/nosolomates.es\/videos\/CuboMengerPaso3.mp4\" type='video\/mp4' \/>\r\n\t\t\r\n\t\t\r\n\t<\/video>\r\n\t<!-- End Video.js -->\r\n\n<p>Con este &#8220;sistema de tuber\u00edas&#8221; montado, la construcci\u00f3n del Cubo de Orden 1 ya casi est\u00e1 concluida. Solo falta ir encajando las piezas restantes hasta cerrar el cubo. Para el Cubo de orden 2, necesitamos 20 de estos &#8220;sistemas de tuber\u00edas&#8221; e irlo montando poco a poco. Aqu\u00ed os dejo algunas fotos del montaje para que os hag\u00e1is una idea:<br \/>\n<center><br \/>\n<div class=\"tiled-gallery type-rectangular tiled-gallery-unresized\" data-original-width=\"640\" data-carousel-extra='null' itemscope itemtype=\"http:\/\/schema.org\/ImageGallery\" > <div class=\"gallery-row\" style=\"width: 640px; height: 182px;\" data-original-width=\"640\" data-original-height=\"182\" > <div class=\"gallery-group images-1\" style=\"width: 320px; height: 182px;\" data-original-width=\"320\" data-original-height=\"182\" > <div class=\"tiled-gallery-item tiled-gallery-item-large\" itemprop=\"associatedMedia\" itemscope itemtype=\"http:\/\/schema.org\/ImageObject\"> <a href=\"https:\/\/nosolomates.es\/?attachment_id=1104\" border=\"0\" itemprop=\"url\"> <meta itemprop=\"width\" content=\"316\"> <meta itemprop=\"height\" content=\"178\"> <img loading=\"lazy\" decoding=\"async\" data-attachment-id=\"1104\" data-orig-file=\"https:\/\/nosolomates.es\/wp-content\/uploads\/Cubo1.jpg\" data-orig-size=\"2048,1152\" data-comments-opened=\"1\" data-image-meta=\"{&quot;aperture&quot;:&quot;2.2&quot;,&quot;credit&quot;:&quot;&quot;,&quot;camera&quot;:&quot;GT-I9505&quot;,&quot;caption&quot;:&quot;&quot;,&quot;created_timestamp&quot;:&quot;1454413700&quot;,&quot;copyright&quot;:&quot;&quot;,&quot;focal_length&quot;:&quot;4.2&quot;,&quot;iso&quot;:&quot;125&quot;,&quot;shutter_speed&quot;:&quot;0.04&quot;,&quot;title&quot;:&quot;&quot;,&quot;orientation&quot;:&quot;1&quot;}\" data-image-title=\"Cubo1\" data-image-description=\"\" data-medium-file=\"https:\/\/nosolomates.es\/wp-content\/uploads\/Cubo1-300x168.jpg\" data-large-file=\"https:\/\/nosolomates.es\/wp-content\/uploads\/Cubo1-1024x576.jpg\" src=\"https:\/\/i0.wp.com\/nosolomates.es\/wp-content\/uploads\/Cubo1.jpg?w=316&#038;h=178&#038;ssl=1\" width=\"316\" height=\"178\" data-original-width=\"316\" data-original-height=\"178\" itemprop=\"http:\/\/schema.org\/image\" title=\"Cubo1\" alt=\"Cubo1\" style=\"width: 316px; height: 178px;\" \/> <\/a> <\/div> <\/div> <!-- close group --> <div class=\"gallery-group images-1\" style=\"width: 320px; height: 182px;\" data-original-width=\"320\" data-original-height=\"182\" > <div class=\"tiled-gallery-item tiled-gallery-item-large\" itemprop=\"associatedMedia\" itemscope itemtype=\"http:\/\/schema.org\/ImageObject\"> <a href=\"https:\/\/nosolomates.es\/?attachment_id=1105\" border=\"0\" itemprop=\"url\"> <meta itemprop=\"width\" content=\"316\"> <meta itemprop=\"height\" content=\"178\"> <img loading=\"lazy\" decoding=\"async\" data-attachment-id=\"1105\" data-orig-file=\"https:\/\/nosolomates.es\/wp-content\/uploads\/Cubo2.jpg\" data-orig-size=\"2048,1152\" data-comments-opened=\"1\" data-image-meta=\"{&quot;aperture&quot;:&quot;2.2&quot;,&quot;credit&quot;:&quot;&quot;,&quot;camera&quot;:&quot;GT-I9505&quot;,&quot;caption&quot;:&quot;&quot;,&quot;created_timestamp&quot;:&quot;1456229199&quot;,&quot;copyright&quot;:&quot;&quot;,&quot;focal_length&quot;:&quot;4.2&quot;,&quot;iso&quot;:&quot;64&quot;,&quot;shutter_speed&quot;:&quot;0.025&quot;,&quot;title&quot;:&quot;&quot;,&quot;orientation&quot;:&quot;1&quot;}\" data-image-title=\"Cubo2\" data-image-description=\"\" data-medium-file=\"https:\/\/nosolomates.es\/wp-content\/uploads\/Cubo2-300x168.jpg\" data-large-file=\"https:\/\/nosolomates.es\/wp-content\/uploads\/Cubo2-1024x576.jpg\" src=\"https:\/\/i0.wp.com\/nosolomates.es\/wp-content\/uploads\/Cubo2.jpg?w=316&#038;h=178&#038;ssl=1\" width=\"316\" height=\"178\" data-original-width=\"316\" data-original-height=\"178\" itemprop=\"http:\/\/schema.org\/image\" title=\"Cubo2\" alt=\"Cubo2\" style=\"width: 316px; height: 178px;\" \/> <\/a> <\/div> <\/div> <!-- close group --> <\/div> <!-- close row --> <div class=\"gallery-row\" style=\"width: 640px; height: 182px;\" data-original-width=\"640\" data-original-height=\"182\" > <div class=\"gallery-group images-1\" style=\"width: 320px; height: 182px;\" data-original-width=\"320\" data-original-height=\"182\" > <div class=\"tiled-gallery-item tiled-gallery-item-large\" itemprop=\"associatedMedia\" itemscope itemtype=\"http:\/\/schema.org\/ImageObject\"> <a href=\"https:\/\/nosolomates.es\/?attachment_id=1106\" border=\"0\" itemprop=\"url\"> <meta itemprop=\"width\" content=\"316\"> <meta itemprop=\"height\" content=\"178\"> <img loading=\"lazy\" decoding=\"async\" data-attachment-id=\"1106\" data-orig-file=\"https:\/\/nosolomates.es\/wp-content\/uploads\/Cubo3.jpg\" data-orig-size=\"2048,1152\" data-comments-opened=\"1\" data-image-meta=\"{&quot;aperture&quot;:&quot;2.2&quot;,&quot;credit&quot;:&quot;&quot;,&quot;camera&quot;:&quot;GT-I9505&quot;,&quot;caption&quot;:&quot;&quot;,&quot;created_timestamp&quot;:&quot;1456833619&quot;,&quot;copyright&quot;:&quot;&quot;,&quot;focal_length&quot;:&quot;4.2&quot;,&quot;iso&quot;:&quot;64&quot;,&quot;shutter_speed&quot;:&quot;0.03030303030303&quot;,&quot;title&quot;:&quot;&quot;,&quot;orientation&quot;:&quot;1&quot;}\" data-image-title=\"Cubo3\" data-image-description=\"\" data-medium-file=\"https:\/\/nosolomates.es\/wp-content\/uploads\/Cubo3-300x168.jpg\" data-large-file=\"https:\/\/nosolomates.es\/wp-content\/uploads\/Cubo3-1024x576.jpg\" src=\"https:\/\/i0.wp.com\/nosolomates.es\/wp-content\/uploads\/Cubo3.jpg?w=316&#038;h=178&#038;ssl=1\" width=\"316\" height=\"178\" data-original-width=\"316\" data-original-height=\"178\" itemprop=\"http:\/\/schema.org\/image\" title=\"Cubo3\" alt=\"Cubo3\" style=\"width: 316px; height: 178px;\" \/> <\/a> <\/div> <\/div> <!-- close group --> <div class=\"gallery-group images-1\" style=\"width: 320px; height: 182px;\" data-original-width=\"320\" data-original-height=\"182\" > <div class=\"tiled-gallery-item tiled-gallery-item-large\" itemprop=\"associatedMedia\" itemscope itemtype=\"http:\/\/schema.org\/ImageObject\"> <a href=\"https:\/\/nosolomates.es\/?attachment_id=1107\" border=\"0\" itemprop=\"url\"> <meta itemprop=\"width\" content=\"316\"> <meta itemprop=\"height\" content=\"178\"> <img loading=\"lazy\" decoding=\"async\" data-attachment-id=\"1107\" data-orig-file=\"https:\/\/nosolomates.es\/wp-content\/uploads\/Cubo4.jpg\" data-orig-size=\"2048,1152\" data-comments-opened=\"1\" data-image-meta=\"{&quot;aperture&quot;:&quot;2.2&quot;,&quot;credit&quot;:&quot;&quot;,&quot;camera&quot;:&quot;GT-I9505&quot;,&quot;caption&quot;:&quot;&quot;,&quot;created_timestamp&quot;:&quot;1456920820&quot;,&quot;copyright&quot;:&quot;&quot;,&quot;focal_length&quot;:&quot;4.2&quot;,&quot;iso&quot;:&quot;50&quot;,&quot;shutter_speed&quot;:&quot;0.03030303030303&quot;,&quot;title&quot;:&quot;&quot;,&quot;orientation&quot;:&quot;1&quot;}\" data-image-title=\"Cubo4\" data-image-description=\"\" data-medium-file=\"https:\/\/nosolomates.es\/wp-content\/uploads\/Cubo4-300x168.jpg\" data-large-file=\"https:\/\/nosolomates.es\/wp-content\/uploads\/Cubo4-1024x576.jpg\" src=\"https:\/\/i0.wp.com\/nosolomates.es\/wp-content\/uploads\/Cubo4.jpg?w=316&#038;h=178&#038;ssl=1\" width=\"316\" height=\"178\" data-original-width=\"316\" data-original-height=\"178\" itemprop=\"http:\/\/schema.org\/image\" title=\"Cubo4\" alt=\"Cubo4\" style=\"width: 316px; height: 178px;\" \/> <\/a> <\/div> <\/div> <!-- close group --> <\/div> <!-- close row --> <div class=\"gallery-row\" style=\"width: 640px; height: 182px;\" data-original-width=\"640\" data-original-height=\"182\" > <div class=\"gallery-group images-1\" style=\"width: 320px; height: 182px;\" data-original-width=\"320\" data-original-height=\"182\" > <div class=\"tiled-gallery-item tiled-gallery-item-large\" itemprop=\"associatedMedia\" itemscope itemtype=\"http:\/\/schema.org\/ImageObject\"> <a href=\"https:\/\/nosolomates.es\/?attachment_id=1108\" border=\"0\" itemprop=\"url\"> <meta itemprop=\"width\" content=\"316\"> <meta itemprop=\"height\" content=\"178\"> <img loading=\"lazy\" decoding=\"async\" data-attachment-id=\"1108\" data-orig-file=\"https:\/\/nosolomates.es\/wp-content\/uploads\/Cubo5.jpg\" data-orig-size=\"2048,1152\" data-comments-opened=\"1\" data-image-meta=\"{&quot;aperture&quot;:&quot;2.2&quot;,&quot;credit&quot;:&quot;&quot;,&quot;camera&quot;:&quot;GT-I9505&quot;,&quot;caption&quot;:&quot;&quot;,&quot;created_timestamp&quot;:&quot;1460385250&quot;,&quot;copyright&quot;:&quot;&quot;,&quot;focal_length&quot;:&quot;4.2&quot;,&quot;iso&quot;:&quot;64&quot;,&quot;shutter_speed&quot;:&quot;0.03030303030303&quot;,&quot;title&quot;:&quot;&quot;,&quot;orientation&quot;:&quot;1&quot;}\" data-image-title=\"Cubo5\" data-image-description=\"\" data-medium-file=\"https:\/\/nosolomates.es\/wp-content\/uploads\/Cubo5-300x168.jpg\" data-large-file=\"https:\/\/nosolomates.es\/wp-content\/uploads\/Cubo5-1024x576.jpg\" src=\"https:\/\/i0.wp.com\/nosolomates.es\/wp-content\/uploads\/Cubo5.jpg?w=316&#038;h=178&#038;ssl=1\" width=\"316\" height=\"178\" data-original-width=\"316\" data-original-height=\"178\" itemprop=\"http:\/\/schema.org\/image\" title=\"Cubo5\" alt=\"Cubo5\" style=\"width: 316px; height: 178px;\" \/> <\/a> <\/div> <\/div> <!-- close group --> <div class=\"gallery-group images-1\" style=\"width: 320px; height: 182px;\" data-original-width=\"320\" data-original-height=\"182\" > <div class=\"tiled-gallery-item tiled-gallery-item-large\" itemprop=\"associatedMedia\" itemscope itemtype=\"http:\/\/schema.org\/ImageObject\"> <a href=\"https:\/\/nosolomates.es\/?attachment_id=1109\" border=\"0\" itemprop=\"url\"> <meta itemprop=\"width\" content=\"316\"> <meta itemprop=\"height\" content=\"178\"> <img loading=\"lazy\" decoding=\"async\" data-attachment-id=\"1109\" data-orig-file=\"https:\/\/nosolomates.es\/wp-content\/uploads\/Cubo6.jpg\" data-orig-size=\"2048,1152\" data-comments-opened=\"1\" data-image-meta=\"{&quot;aperture&quot;:&quot;2.2&quot;,&quot;credit&quot;:&quot;&quot;,&quot;camera&quot;:&quot;GT-I9505&quot;,&quot;caption&quot;:&quot;&quot;,&quot;created_timestamp&quot;:&quot;1460721017&quot;,&quot;copyright&quot;:&quot;&quot;,&quot;focal_length&quot;:&quot;4.2&quot;,&quot;iso&quot;:&quot;64&quot;,&quot;shutter_speed&quot;:&quot;0.02&quot;,&quot;title&quot;:&quot;&quot;,&quot;orientation&quot;:&quot;1&quot;}\" data-image-title=\"Cubo6\" data-image-description=\"\" data-medium-file=\"https:\/\/nosolomates.es\/wp-content\/uploads\/Cubo6-300x168.jpg\" data-large-file=\"https:\/\/nosolomates.es\/wp-content\/uploads\/Cubo6-1024x576.jpg\" src=\"https:\/\/i0.wp.com\/nosolomates.es\/wp-content\/uploads\/Cubo6.jpg?w=316&#038;h=178&#038;ssl=1\" width=\"316\" height=\"178\" data-original-width=\"316\" data-original-height=\"178\" itemprop=\"http:\/\/schema.org\/image\" title=\"Cubo6\" alt=\"Cubo6\" style=\"width: 316px; height: 178px;\" \/> <\/a> <\/div> <\/div> <!-- close group --> <\/div> <!-- close row --> <\/div><\/center><\/p>\n<div class=\"sharedaddy sd-sharing-enabled\"><div class=\"robots-nocontent sd-block sd-social sd-social-official sd-sharing\"><div class=\"sd-content\"><ul><li class=\"share-facebook\"><div class=\"fb-share-button\" data-href=\"https:\/\/nosolomates.es\/?page_id=1103\" data-layout=\"button_count\"><\/div><\/li><li class=\"share-twitter\"><a href=\"https:\/\/twitter.com\/share\" class=\"twitter-share-button\" data-url=\"https:\/\/nosolomates.es\/?page_id=1103\" data-text=\"Cubo de Menger\"  >Tweet<\/a><\/li><li class=\"share-linkedin\"><div class=\"linkedin_button\"><script type=\"in\/share\" data-url=\"https:\/\/nosolomates.es\/?page_id=1103\" data-counter=\"right\"><\/script><\/div><\/li><li class=\"share-pinterest\"><div class=\"pinterest_button\"><a href=\"https:\/\/www.pinterest.com\/pin\/create\/button\/?url=https%3A%2F%2Fnosolomates.es%2F%3Fpage_id%3D1103&#038;media=https%3A%2F%2Fnosolomates.es%2Fwp-content%2Fuploads%2FCubo6.jpg&#038;description=Cubo%20de%20Menger\" data-pin-do=\"buttonPin\" data-pin-config=\"beside\"><img src=\"\/\/assets.pinterest.com\/images\/pidgets\/pinit_fg_en_rect_gray_20.png\" \/><\/a><\/div><\/li><li class=\"share-end\"><\/li><\/ul><\/div><\/div><\/div>","protected":false},"excerpt":{"rendered":"<p>Instrucciones para construir un Cubo de Menger con m\u00f3dulos Sonob\u00e9s: El primer paso es plegar los m\u00f3dulos sonob\u00e9s. Necesitaremos 72 m\u00f3dulos para un cubo de orden 1 y 1056 m\u00f3dulos para construir un cubo de orden 2. Para los m\u00f3dulos &hellip; <a href=\"https:\/\/nosolomates.es\/?page_id=1103\">Sigue leyendo <span class=\"meta-nav\">&rarr;<\/span><\/a><\/p>\n<div class=\"sharedaddy sd-sharing-enabled\"><div class=\"robots-nocontent sd-block sd-social sd-social-official sd-sharing\"><div class=\"sd-content\"><ul><li class=\"share-facebook\"><div class=\"fb-share-button\" data-href=\"https:\/\/nosolomates.es\/?page_id=1103\" data-layout=\"button_count\"><\/div><\/li><li class=\"share-twitter\"><a href=\"https:\/\/twitter.com\/share\" class=\"twitter-share-button\" data-url=\"https:\/\/nosolomates.es\/?page_id=1103\" data-text=\"Cubo de Menger\"  >Tweet<\/a><\/li><li class=\"share-linkedin\"><div class=\"linkedin_button\"><script type=\"in\/share\" data-url=\"https:\/\/nosolomates.es\/?page_id=1103\" data-counter=\"right\"><\/script><\/div><\/li><li class=\"share-pinterest\"><div class=\"pinterest_button\"><a href=\"https:\/\/www.pinterest.com\/pin\/create\/button\/?url=https%3A%2F%2Fnosolomates.es%2F%3Fpage_id%3D1103&#038;media=https%3A%2F%2Fnosolomates.es%2Fwp-content%2Fuploads%2FCubo6.jpg&#038;description=Cubo%20de%20Menger\" data-pin-do=\"buttonPin\" data-pin-config=\"beside\"><img src=\"\/\/assets.pinterest.com\/images\/pidgets\/pinit_fg_en_rect_gray_20.png\" \/><\/a><\/div><\/li><li class=\"share-end\"><\/li><\/ul><\/div><\/div><\/div>","protected":false},"author":1,"featured_media":1109,"parent":629,"menu_order":1,"comment_status":"open","ping_status":"open","template":"","meta":{"jetpack_post_was_ever_published":false,"footnotes":""},"jetpack_shortlink":"https:\/\/wp.me\/P9BfV-hN","jetpack_sharing_enabled":true,"_links":{"self":[{"href":"https:\/\/nosolomates.es\/index.php?rest_route=\/wp\/v2\/pages\/1103"}],"collection":[{"href":"https:\/\/nosolomates.es\/index.php?rest_route=\/wp\/v2\/pages"}],"about":[{"href":"https:\/\/nosolomates.es\/index.php?rest_route=\/wp\/v2\/types\/page"}],"author":[{"embeddable":true,"href":"https:\/\/nosolomates.es\/index.php?rest_route=\/wp\/v2\/users\/1"}],"replies":[{"embeddable":true,"href":"https:\/\/nosolomates.es\/index.php?rest_route=%2Fwp%2Fv2%2Fcomments&post=1103"}],"version-history":[{"count":5,"href":"https:\/\/nosolomates.es\/index.php?rest_route=\/wp\/v2\/pages\/1103\/revisions"}],"predecessor-version":[{"id":1114,"href":"https:\/\/nosolomates.es\/index.php?rest_route=\/wp\/v2\/pages\/1103\/revisions\/1114"}],"up":[{"embeddable":true,"href":"https:\/\/nosolomates.es\/index.php?rest_route=\/wp\/v2\/pages\/629"}],"wp:featuredmedia":[{"embeddable":true,"href":"https:\/\/nosolomates.es\/index.php?rest_route=\/wp\/v2\/media\/1109"}],"wp:attachment":[{"href":"https:\/\/nosolomates.es\/index.php?rest_route=%2Fwp%2Fv2%2Fmedia&parent=1103"}],"curies":[{"name":"wp","href":"https:\/\/api.w.org\/{rel}","templated":true}]}}