{"id":841,"date":"2012-07-30T23:39:41","date_gmt":"2012-07-30T22:39:41","guid":{"rendered":"http:\/\/nosolomates.es\/?page_id=841"},"modified":"2012-07-30T23:39:41","modified_gmt":"2012-07-30T22:39:41","slug":"tetris","status":"publish","type":"page","link":"http:\/\/nosolomates.es\/?page_id=841","title":{"rendered":"Tetris"},"content":{"rendered":"<p><span class=\"bold\">Objetivo:<\/span> Completar tantas l\u00edneas horizontales como sea posible.<\/p>\n<p><center><\/p>\n<div id=\"utilidades\"><iframe loading=\"lazy\" src=\"juegos\/tetris.htm\" width=\"480\" height=\"330\" scrolling=\"auto\" frameborder=\"0\"><\/p>\n<p>Texto alternativo para browsers que no aceptan iframes.<\/p>\n<p>    <\/iframe><\/div>\n<p><\/center><\/p>\n<h1>C\u00f3mo se juega:<\/h1>\n<p> De forma aleatoria, ir\u00e1n saliendo los distintos tetramin\u00f3s (figuras formadas por 4 cuadritos), de uno en uno, que ir\u00e1n cayendo y tendr\u00e1s que ir colocando para formar l\u00edneas completas. Con los cursores del teclado podr\u00e1s mover las piezas hacia los lados o hacia abajo, as\u00ed como girarlas (con el cursor &#8220;arriba&#8221;).<\/p>\n<p> Cuando completes una l\u00ednea, esta desaparecer\u00e1 y ganar\u00e1s puntos. A medida que transcurre el juego, las piezas ir\u00e1n cayendo m\u00e1s deprisa, aumentando la dificultad. Tambi\u00e9n se obtienen puntos por mover las piezas hacia abajo. Si pulsas la barra espaciadora, la pieza cae hacia abajo, sin posibilidad de corregir su curso. Si la bajas con el cursor, puedes seguir movi\u00e9ndola hacia los lados antes de que llegue al suelo.<\/p>\n<p> El juego acaba cuando las piezas llegan arriba.<\/p>\n<p>NOTA: El c\u00f3digo original pertenece a <a href=\"http:\/\/gosu.pl\/\" target=\"_blank\"> Cezary Tomczak<\/a>. Puedes encontrarlo en: <a href=\"http:\/\/www.javascriptsource.com\" target=\"_blank\">The Javascript Source<\/a>. Yo lo he traducido y he hecho algunos cambios de dise\u00f1o.<\/p>\n<div><\/br>&nbsp;<\/div>\n<div class=\"sharedaddy sd-sharing-enabled\"><div class=\"robots-nocontent sd-block sd-social sd-social-official sd-sharing\"><div class=\"sd-content\"><ul><li class=\"share-facebook\"><div class=\"fb-share-button\" data-href=\"http:\/\/nosolomates.es\/?page_id=841\" data-layout=\"button_count\"><\/div><\/li><li class=\"share-twitter\"><a href=\"https:\/\/twitter.com\/share\" class=\"twitter-share-button\" data-url=\"http:\/\/nosolomates.es\/?page_id=841\" data-text=\"Tetris\"  >Tweet<\/a><\/li><li class=\"share-linkedin\"><div class=\"linkedin_button\"><script type=\"in\/share\" data-url=\"http:\/\/nosolomates.es\/?page_id=841\" data-counter=\"right\"><\/script><\/div><\/li><li class=\"share-pinterest\"><div class=\"pinterest_button\"><a href=\"https:\/\/www.pinterest.com\/pin\/create\/button\/?url=http%3A%2F%2Fnosolomates.es%2F%3Fpage_id%3D841&#038;media=http%3A%2F%2F0.gravatar.com%2Favatar%2Fc9ba1828908559b850337a4baa073367%3Fs%3D96%26d%3Dmm%26r%3Dg&#038;description=Tetris\" data-pin-do=\"buttonPin\" data-pin-config=\"beside\"><img src=\"\/\/assets.pinterest.com\/images\/pidgets\/pinit_fg_en_rect_gray_20.png\" \/><\/a><\/div><\/li><li class=\"share-end\"><\/li><\/ul><\/div><\/div><\/div>","protected":false},"excerpt":{"rendered":"<p>Objetivo: Completar tantas l\u00edneas horizontales como sea posible. Texto alternativo para browsers que no aceptan iframes. C\u00f3mo se juega: De forma aleatoria, ir\u00e1n saliendo los distintos tetramin\u00f3s (figuras formadas por 4 cuadritos), de uno en uno, que ir\u00e1n cayendo y &hellip; <a href=\"http:\/\/nosolomates.es\/?page_id=841\">Sigue leyendo <span class=\"meta-nav\">&rarr;<\/span><\/a><\/p>\n<div class=\"sharedaddy sd-sharing-enabled\"><div class=\"robots-nocontent sd-block sd-social sd-social-official sd-sharing\"><div class=\"sd-content\"><ul><li class=\"share-facebook\"><div class=\"fb-share-button\" data-href=\"http:\/\/nosolomates.es\/?page_id=841\" data-layout=\"button_count\"><\/div><\/li><li class=\"share-twitter\"><a href=\"https:\/\/twitter.com\/share\" class=\"twitter-share-button\" data-url=\"http:\/\/nosolomates.es\/?page_id=841\" data-text=\"Tetris\"  >Tweet<\/a><\/li><li class=\"share-linkedin\"><div class=\"linkedin_button\"><script type=\"in\/share\" data-url=\"http:\/\/nosolomates.es\/?page_id=841\" data-counter=\"right\"><\/script><\/div><\/li><li class=\"share-pinterest\"><div class=\"pinterest_button\"><a href=\"https:\/\/www.pinterest.com\/pin\/create\/button\/?url=http%3A%2F%2Fnosolomates.es%2F%3Fpage_id%3D841&#038;media=http%3A%2F%2F0.gravatar.com%2Favatar%2Fc9ba1828908559b850337a4baa073367%3Fs%3D96%26d%3Dmm%26r%3Dg&#038;description=Tetris\" data-pin-do=\"buttonPin\" data-pin-config=\"beside\"><img src=\"\/\/assets.pinterest.com\/images\/pidgets\/pinit_fg_en_rect_gray_20.png\" \/><\/a><\/div><\/li><li class=\"share-end\"><\/li><\/ul><\/div><\/div><\/div>","protected":false},"author":1,"featured_media":0,"parent":569,"menu_order":11,"comment_status":"open","ping_status":"open","template":"","meta":{"jetpack_post_was_ever_published":false,"footnotes":""},"jetpack_shortlink":"https:\/\/wp.me\/P9BfV-dz","jetpack_sharing_enabled":true,"_links":{"self":[{"href":"http:\/\/nosolomates.es\/index.php?rest_route=\/wp\/v2\/pages\/841"}],"collection":[{"href":"http:\/\/nosolomates.es\/index.php?rest_route=\/wp\/v2\/pages"}],"about":[{"href":"http:\/\/nosolomates.es\/index.php?rest_route=\/wp\/v2\/types\/page"}],"author":[{"embeddable":true,"href":"http:\/\/nosolomates.es\/index.php?rest_route=\/wp\/v2\/users\/1"}],"replies":[{"embeddable":true,"href":"http:\/\/nosolomates.es\/index.php?rest_route=%2Fwp%2Fv2%2Fcomments&post=841"}],"version-history":[{"count":1,"href":"http:\/\/nosolomates.es\/index.php?rest_route=\/wp\/v2\/pages\/841\/revisions"}],"predecessor-version":[{"id":842,"href":"http:\/\/nosolomates.es\/index.php?rest_route=\/wp\/v2\/pages\/841\/revisions\/842"}],"up":[{"embeddable":true,"href":"http:\/\/nosolomates.es\/index.php?rest_route=\/wp\/v2\/pages\/569"}],"wp:attachment":[{"href":"http:\/\/nosolomates.es\/index.php?rest_route=%2Fwp%2Fv2%2Fmedia&parent=841"}],"curies":[{"name":"wp","href":"https:\/\/api.w.org\/{rel}","templated":true}]}}