{"id":817,"date":"2012-06-27T10:51:13","date_gmt":"2012-06-27T09:51:13","guid":{"rendered":"http:\/\/nosolomates.es\/?page_id=817"},"modified":"2012-06-27T10:51:13","modified_gmt":"2012-06-27T09:51:13","slug":"los-soldados-de-conway","status":"publish","type":"page","link":"http:\/\/nosolomates.es\/?page_id=817","title":{"rendered":"Los Soldados de Conway"},"content":{"rendered":"<p><span class=\"bold\">Objetivo:<\/span> Conseguir llevar alguna bola lo m\u00e1s arriba posible del tablero.<\/p>\n<p><center><\/p>\n<div id=\"utilidades\"><iframe loading=\"lazy\" src=\"juegos\/conway.htm\" width=\"560\" height=\"670\" scrolling=\"auto\" frameborder=\"0\"><\/p>\n<p>Texto alternativo para browsers que no aceptan iframes.<\/p>\n<p>    <\/iframe><\/div>\n<p><\/center><\/p>\n<h1>C\u00f3mo se juega:<\/h1>\n<p>Se puede mover una bola cuando pueda saltar sobre otra bola (en horizontal o vertical) y caer sobre un cuadro vac\u00edo. Para mover una bola, haz click sobre ella y despu\u00e9s haz click en el lugar donde quieres dejarla.<\/p>\n<p>Si quieres deshacer alg\u00fan movimiento, puedes picar en el bot\u00f3n &#8220;<font color=\"red\"><==<\/font>&#8221; (Deshacer). Si quieres rehacer alg\u00fan movimiento que hayas deshecho, pica en &#8220;<font color=\"red\">==><\/font>&#8221; (Rehacer). Con estos botones puedes estudiar tus movimientos las veces que lo necesites.<\/p>\n<p>El tablero est\u00e1 listo para jugar, con las primeras 6 filas vac\u00edas y el resto llenas. Para volver a esta situaci\u00f3n y comenzar una nueva partida en cualquier momento, pica en &#8220;Comenzar de nuevo&#8221;. <\/p>\n<p>Si Picas en el Bot\u00f3n &#8220;JUGAR \/ Colocar&#8221;, el tablero quedar\u00e1 vac\u00edo y podr\u00e1s situar todas las bolas que quieras en los lugares que quieras. Cuando hayas terminado de colocarlas, pulsa de nuevo en &#8220;Jugar \/ COLOCAR&#8221; y comienza a jugar.<\/p>\n<p>Con esta opci\u00f3n podr\u00e1s probar que 2, 4, 8 y 20 son el m\u00ednimo n\u00famero de bolas necesarias para llegar a las l\u00edneas 1, 2, 3 y 4, situ\u00e1ndolos como se ve en la siguiente figura. No es posible pasar de la 4\u00aa l\u00ednea.<\/p>\n<p><center><img decoding=\"async\" src=\"archivos\/conwayminimo.gif\"><\/center><\/p>\n<p>NOTA: El c\u00f3digo original pertenece a <a href=\"mailto:jpdvl@wanadoo.fr\">Jean-Paul Davalan<\/a>. Yo he cambiado el dise\u00f1o y he hecho alg\u00fan ajuste.<\/p>\n<div><\/br>&nbsp;<\/div>\n<div class=\"sharedaddy sd-sharing-enabled\"><div class=\"robots-nocontent sd-block sd-social sd-social-official sd-sharing\"><div class=\"sd-content\"><ul><li class=\"share-facebook\"><div class=\"fb-share-button\" data-href=\"http:\/\/nosolomates.es\/?page_id=817\" data-layout=\"button_count\"><\/div><\/li><li class=\"share-twitter\"><a href=\"https:\/\/twitter.com\/share\" class=\"twitter-share-button\" data-url=\"http:\/\/nosolomates.es\/?page_id=817\" data-text=\"Los Soldados de Conway\"  >Tweet<\/a><\/li><li class=\"share-linkedin\"><div class=\"linkedin_button\"><script type=\"in\/share\" data-url=\"http:\/\/nosolomates.es\/?page_id=817\" data-counter=\"right\"><\/script><\/div><\/li><li class=\"share-pinterest\"><div class=\"pinterest_button\"><a href=\"https:\/\/www.pinterest.com\/pin\/create\/button\/?url=http%3A%2F%2Fnosolomates.es%2F%3Fpage_id%3D817&#038;media=http%3A%2F%2F0.gravatar.com%2Favatar%2Fc9ba1828908559b850337a4baa073367%3Fs%3D96%26d%3Dmm%26r%3Dg&#038;description=Los%20Soldados%20de%20Conway\" data-pin-do=\"buttonPin\" data-pin-config=\"beside\"><img src=\"\/\/assets.pinterest.com\/images\/pidgets\/pinit_fg_en_rect_gray_20.png\" \/><\/a><\/div><\/li><li class=\"share-end\"><\/li><\/ul><\/div><\/div><\/div>","protected":false},"excerpt":{"rendered":"<p>Objetivo: Conseguir llevar alguna bola lo m\u00e1s arriba posible del tablero. Texto alternativo para browsers que no aceptan iframes. C\u00f3mo se juega: Se puede mover una bola cuando pueda saltar sobre otra bola (en horizontal o vertical) y caer sobre &hellip; <a href=\"http:\/\/nosolomates.es\/?page_id=817\">Sigue leyendo <span class=\"meta-nav\">&rarr;<\/span><\/a><\/p>\n<div class=\"sharedaddy sd-sharing-enabled\"><div class=\"robots-nocontent sd-block sd-social sd-social-official sd-sharing\"><div class=\"sd-content\"><ul><li class=\"share-facebook\"><div class=\"fb-share-button\" data-href=\"http:\/\/nosolomates.es\/?page_id=817\" data-layout=\"button_count\"><\/div><\/li><li class=\"share-twitter\"><a href=\"https:\/\/twitter.com\/share\" class=\"twitter-share-button\" data-url=\"http:\/\/nosolomates.es\/?page_id=817\" data-text=\"Los Soldados de Conway\"  >Tweet<\/a><\/li><li class=\"share-linkedin\"><div class=\"linkedin_button\"><script type=\"in\/share\" data-url=\"http:\/\/nosolomates.es\/?page_id=817\" data-counter=\"right\"><\/script><\/div><\/li><li class=\"share-pinterest\"><div class=\"pinterest_button\"><a href=\"https:\/\/www.pinterest.com\/pin\/create\/button\/?url=http%3A%2F%2Fnosolomates.es%2F%3Fpage_id%3D817&#038;media=http%3A%2F%2F0.gravatar.com%2Favatar%2Fc9ba1828908559b850337a4baa073367%3Fs%3D96%26d%3Dmm%26r%3Dg&#038;description=Los%20Soldados%20de%20Conway\" data-pin-do=\"buttonPin\" data-pin-config=\"beside\"><img src=\"\/\/assets.pinterest.com\/images\/pidgets\/pinit_fg_en_rect_gray_20.png\" \/><\/a><\/div><\/li><li class=\"share-end\"><\/li><\/ul><\/div><\/div><\/div>","protected":false},"author":1,"featured_media":0,"parent":569,"menu_order":10,"comment_status":"open","ping_status":"open","template":"","meta":{"jetpack_post_was_ever_published":false,"footnotes":""},"jetpack_shortlink":"https:\/\/wp.me\/P9BfV-db","jetpack_sharing_enabled":true,"_links":{"self":[{"href":"http:\/\/nosolomates.es\/index.php?rest_route=\/wp\/v2\/pages\/817"}],"collection":[{"href":"http:\/\/nosolomates.es\/index.php?rest_route=\/wp\/v2\/pages"}],"about":[{"href":"http:\/\/nosolomates.es\/index.php?rest_route=\/wp\/v2\/types\/page"}],"author":[{"embeddable":true,"href":"http:\/\/nosolomates.es\/index.php?rest_route=\/wp\/v2\/users\/1"}],"replies":[{"embeddable":true,"href":"http:\/\/nosolomates.es\/index.php?rest_route=%2Fwp%2Fv2%2Fcomments&post=817"}],"version-history":[{"count":1,"href":"http:\/\/nosolomates.es\/index.php?rest_route=\/wp\/v2\/pages\/817\/revisions"}],"predecessor-version":[{"id":818,"href":"http:\/\/nosolomates.es\/index.php?rest_route=\/wp\/v2\/pages\/817\/revisions\/818"}],"up":[{"embeddable":true,"href":"http:\/\/nosolomates.es\/index.php?rest_route=\/wp\/v2\/pages\/569"}],"wp:attachment":[{"href":"http:\/\/nosolomates.es\/index.php?rest_route=%2Fwp%2Fv2%2Fmedia&parent=817"}],"curies":[{"name":"wp","href":"https:\/\/api.w.org\/{rel}","templated":true}]}}