{"id":815,"date":"2012-06-27T10:50:36","date_gmt":"2012-06-27T09:50:36","guid":{"rendered":"http:\/\/nosolomates.es\/?page_id=815"},"modified":"2012-06-27T10:50:36","modified_gmt":"2012-06-27T09:50:36","slug":"test-matematico","status":"publish","type":"page","link":"http:\/\/nosolomates.es\/?page_id=815","title":{"rendered":"Test Matem\u00e1tico"},"content":{"rendered":"<p><span class=\"bold\">Objetivo:<\/span> Responder correctamente y en el menor tiempo posible a las operaciones que se muestran.<\/p>\n<div id=\"utilidades\"><iframe loading=\"lazy\" src=\"juegos\/test.htm\" width=\"590\" height=\"750\" scrolling=\"auto\" frameborder=\"0\"><\/p>\n<p>Texto alternativo para browsers que no aceptan iframes.<\/p>\n<p>    <\/iframe><\/div>\n<p><\/center><\/p>\n<h1>C\u00f3mo se juega:<\/h1>\n<p>Antes de empezar, aseg\u00farate de elegir la dificultad y la operaci\u00f3n que quieres. Estas opciones solo pueden cambiarse cuando el juego est\u00e1 parado. La dificultad indica el rango de los n\u00fameros que formar\u00e1n parte de las preguntas (0-10 significa que las cuentas ser\u00e1n con n\u00fameros de 0 a 10).<\/p>\n<p>Para empezar una sesi\u00f3n, pulsa en &#8216;<span class=\"bold\">Nuevo jugador<\/span>&#8216;. Escribe tu nombre, despu\u00e9s pulsa en &#8216;<span class=\"bold\">Comenzar juego<\/span>&#8216; para empezar a contestar preguntas. Para responder, pulsa el bot\u00f3n que se encuentra debajo de la respuesta que elijas.<\/p>\n<p>Se ir\u00e1n contando las respuestas correctas y las incorrectas, as\u00ed como el tiempo empleado hasta dar la respuesta correcta (en segundos).<br \/>\nPuedes parar el juego cuando quieras pulsando &#8216;<span class=\"bold\">Parar juego<\/span>&#8216;. En ese momento, tu puntuaci\u00f3n se a\u00f1adir\u00e1 a la lista de Mejores Puntuaciones.<\/p>\n<p>Para cambiar de jugador, pulsa en &#8216;<span class=\"bold\">Nuevo jugador<\/span>&#8216;. Cuando cambies de jugador, la puntuaci\u00f3n del jugador anterior se a\u00f1adir\u00e1 a la lista de Mejores Puntuaciones.<\/p>\n<div><\/br>&nbsp;<\/div>\n<div class=\"sharedaddy sd-sharing-enabled\"><div class=\"robots-nocontent sd-block sd-social sd-social-official sd-sharing\"><div class=\"sd-content\"><ul><li class=\"share-facebook\"><div class=\"fb-share-button\" data-href=\"http:\/\/nosolomates.es\/?page_id=815\" data-layout=\"button_count\"><\/div><\/li><li class=\"share-twitter\"><a href=\"https:\/\/twitter.com\/share\" class=\"twitter-share-button\" data-url=\"http:\/\/nosolomates.es\/?page_id=815\" data-text=\"Test Matem\u00e1tico\"  >Tweet<\/a><\/li><li class=\"share-linkedin\"><div class=\"linkedin_button\"><script type=\"in\/share\" data-url=\"http:\/\/nosolomates.es\/?page_id=815\" data-counter=\"right\"><\/script><\/div><\/li><li class=\"share-pinterest\"><div class=\"pinterest_button\"><a href=\"https:\/\/www.pinterest.com\/pin\/create\/button\/?url=http%3A%2F%2Fnosolomates.es%2F%3Fpage_id%3D815&#038;media=http%3A%2F%2F0.gravatar.com%2Favatar%2Fc9ba1828908559b850337a4baa073367%3Fs%3D96%26d%3Dmm%26r%3Dg&#038;description=Test%20Matem%C3%A1tico\" data-pin-do=\"buttonPin\" data-pin-config=\"beside\"><img src=\"\/\/assets.pinterest.com\/images\/pidgets\/pinit_fg_en_rect_gray_20.png\" \/><\/a><\/div><\/li><li class=\"share-end\"><\/li><\/ul><\/div><\/div><\/div>","protected":false},"excerpt":{"rendered":"<p>Objetivo: Responder correctamente y en el menor tiempo posible a las operaciones que se muestran. Texto alternativo para browsers que no aceptan iframes. C\u00f3mo se juega: Antes de empezar, aseg\u00farate de elegir la dificultad y la operaci\u00f3n que quieres. Estas &hellip; <a href=\"http:\/\/nosolomates.es\/?page_id=815\">Sigue leyendo <span class=\"meta-nav\">&rarr;<\/span><\/a><\/p>\n<div class=\"sharedaddy sd-sharing-enabled\"><div class=\"robots-nocontent sd-block sd-social sd-social-official sd-sharing\"><div class=\"sd-content\"><ul><li class=\"share-facebook\"><div class=\"fb-share-button\" data-href=\"http:\/\/nosolomates.es\/?page_id=815\" data-layout=\"button_count\"><\/div><\/li><li class=\"share-twitter\"><a href=\"https:\/\/twitter.com\/share\" class=\"twitter-share-button\" data-url=\"http:\/\/nosolomates.es\/?page_id=815\" data-text=\"Test Matem\u00e1tico\"  >Tweet<\/a><\/li><li class=\"share-linkedin\"><div class=\"linkedin_button\"><script type=\"in\/share\" data-url=\"http:\/\/nosolomates.es\/?page_id=815\" data-counter=\"right\"><\/script><\/div><\/li><li class=\"share-pinterest\"><div class=\"pinterest_button\"><a href=\"https:\/\/www.pinterest.com\/pin\/create\/button\/?url=http%3A%2F%2Fnosolomates.es%2F%3Fpage_id%3D815&#038;media=http%3A%2F%2F0.gravatar.com%2Favatar%2Fc9ba1828908559b850337a4baa073367%3Fs%3D96%26d%3Dmm%26r%3Dg&#038;description=Test%20Matem%C3%A1tico\" data-pin-do=\"buttonPin\" data-pin-config=\"beside\"><img src=\"\/\/assets.pinterest.com\/images\/pidgets\/pinit_fg_en_rect_gray_20.png\" \/><\/a><\/div><\/li><li class=\"share-end\"><\/li><\/ul><\/div><\/div><\/div>","protected":false},"author":1,"featured_media":0,"parent":569,"menu_order":9,"comment_status":"open","ping_status":"open","template":"","meta":{"jetpack_post_was_ever_published":false,"footnotes":""},"jetpack_shortlink":"https:\/\/wp.me\/P9BfV-d9","jetpack_sharing_enabled":true,"_links":{"self":[{"href":"http:\/\/nosolomates.es\/index.php?rest_route=\/wp\/v2\/pages\/815"}],"collection":[{"href":"http:\/\/nosolomates.es\/index.php?rest_route=\/wp\/v2\/pages"}],"about":[{"href":"http:\/\/nosolomates.es\/index.php?rest_route=\/wp\/v2\/types\/page"}],"author":[{"embeddable":true,"href":"http:\/\/nosolomates.es\/index.php?rest_route=\/wp\/v2\/users\/1"}],"replies":[{"embeddable":true,"href":"http:\/\/nosolomates.es\/index.php?rest_route=%2Fwp%2Fv2%2Fcomments&post=815"}],"version-history":[{"count":1,"href":"http:\/\/nosolomates.es\/index.php?rest_route=\/wp\/v2\/pages\/815\/revisions"}],"predecessor-version":[{"id":816,"href":"http:\/\/nosolomates.es\/index.php?rest_route=\/wp\/v2\/pages\/815\/revisions\/816"}],"up":[{"embeddable":true,"href":"http:\/\/nosolomates.es\/index.php?rest_route=\/wp\/v2\/pages\/569"}],"wp:attachment":[{"href":"http:\/\/nosolomates.es\/index.php?rest_route=%2Fwp%2Fv2%2Fmedia&parent=815"}],"curies":[{"name":"wp","href":"https:\/\/api.w.org\/{rel}","templated":true}]}}