{"id":805,"date":"2012-06-06T09:30:03","date_gmt":"2012-06-06T08:30:03","guid":{"rendered":"http:\/\/nosolomates.es\/?page_id=805"},"modified":"2012-06-06T09:30:03","modified_gmt":"2012-06-06T08:30:03","slug":"botonmania","status":"publish","type":"page","link":"http:\/\/nosolomates.es\/?page_id=805","title":{"rendered":"Botonman\u00eda"},"content":{"rendered":"<p><span class=\"bold\">Objetivo:<\/span> Conseguir poner todos los botones en 0.<\/p>\n<p><center><\/p>\n<div id=\"utilidades\"><iframe loading=\"lazy\" src=\"juegos\/botones.htm\" width=\"520\" height=\"490\" scrolling=\"auto\" frameborder=\"0\"><\/p>\n<p>Texto alternativo para browsers que no aceptan iframes.<\/p>\n<p>    <\/iframe><\/div>\n<p><\/center><\/p>\n<h1>C\u00f3mo se juega:<\/h1>\n<p>Pulsa &#8220;Nuevo&#8221; para comenzar una nueva partida.<br \/>\nTodos los botones tienen un n\u00famero entre 0 y 3. Al picar en un bot\u00f3n, tanto ese como los cuatro adyacentes (en vertical y horizontal) disminuyen el numero en uno (si el bot\u00f3n marca 0, pasa a 3). Se trata de conseguir poner todos los botones a cero.<br \/>\nPulsa &#8220;Reiniciar&#8221; para volver al inicio de la partida que est\u00e1s jugando. Pulsa &#8220;Nuevo&#8221; para comenzar una partida distinta.<br \/>\nEl marcador comienza en 1000 y va disminuyendo. Cuanto menos tardes en terminar, mayor puntuaci\u00f3n obtendr\u00e1s.<br \/>\nPulsa &#8220;Deshacer&#8221; para deshacer la \u00faltima pulsaci\u00f3n, y pulsa &#8220;Ayuda&#8221; para obtener una indicaci\u00f3n. Estos dos botones disminuyen la puntuaci\u00f3n.<\/p>\n<p>NOTA:El c\u00f3digo original pertenece a <a href=\"mailto:dostert@pt.lu\">Patrick Dostert<\/a>, y puedes encontrarlo en: <a href=\"http:\/\/javascript.internet.com\/\" target=\"_blank\">The JavaScript Source<\/a>.<\/p>\n<div><\/br>&nbsp;<\/div>\n<div class=\"sharedaddy sd-sharing-enabled\"><div class=\"robots-nocontent sd-block sd-social sd-social-official sd-sharing\"><div class=\"sd-content\"><ul><li class=\"share-facebook\"><div class=\"fb-share-button\" data-href=\"http:\/\/nosolomates.es\/?page_id=805\" data-layout=\"button_count\"><\/div><\/li><li class=\"share-twitter\"><a href=\"https:\/\/twitter.com\/share\" class=\"twitter-share-button\" data-url=\"http:\/\/nosolomates.es\/?page_id=805\" data-text=\"Botonman\u00eda\"  >Tweet<\/a><\/li><li class=\"share-linkedin\"><div class=\"linkedin_button\"><script type=\"in\/share\" data-url=\"http:\/\/nosolomates.es\/?page_id=805\" data-counter=\"right\"><\/script><\/div><\/li><li class=\"share-pinterest\"><div class=\"pinterest_button\"><a href=\"https:\/\/www.pinterest.com\/pin\/create\/button\/?url=http%3A%2F%2Fnosolomates.es%2F%3Fpage_id%3D805&#038;media=http%3A%2F%2F0.gravatar.com%2Favatar%2Fc9ba1828908559b850337a4baa073367%3Fs%3D96%26d%3Dmm%26r%3Dg&#038;description=Botonman%C3%ADa\" data-pin-do=\"buttonPin\" data-pin-config=\"beside\"><img src=\"\/\/assets.pinterest.com\/images\/pidgets\/pinit_fg_en_rect_gray_20.png\" \/><\/a><\/div><\/li><li class=\"share-end\"><\/li><\/ul><\/div><\/div><\/div>","protected":false},"excerpt":{"rendered":"<p>Objetivo: Conseguir poner todos los botones en 0. Texto alternativo para browsers que no aceptan iframes. C\u00f3mo se juega: Pulsa &#8220;Nuevo&#8221; para comenzar una nueva partida. Todos los botones tienen un n\u00famero entre 0 y 3. Al picar en un &hellip; <a href=\"http:\/\/nosolomates.es\/?page_id=805\">Sigue leyendo <span class=\"meta-nav\">&rarr;<\/span><\/a><\/p>\n<div class=\"sharedaddy sd-sharing-enabled\"><div class=\"robots-nocontent sd-block sd-social sd-social-official sd-sharing\"><div class=\"sd-content\"><ul><li class=\"share-facebook\"><div class=\"fb-share-button\" data-href=\"http:\/\/nosolomates.es\/?page_id=805\" data-layout=\"button_count\"><\/div><\/li><li class=\"share-twitter\"><a href=\"https:\/\/twitter.com\/share\" class=\"twitter-share-button\" data-url=\"http:\/\/nosolomates.es\/?page_id=805\" data-text=\"Botonman\u00eda\"  >Tweet<\/a><\/li><li class=\"share-linkedin\"><div class=\"linkedin_button\"><script type=\"in\/share\" data-url=\"http:\/\/nosolomates.es\/?page_id=805\" data-counter=\"right\"><\/script><\/div><\/li><li class=\"share-pinterest\"><div class=\"pinterest_button\"><a href=\"https:\/\/www.pinterest.com\/pin\/create\/button\/?url=http%3A%2F%2Fnosolomates.es%2F%3Fpage_id%3D805&#038;media=http%3A%2F%2F0.gravatar.com%2Favatar%2Fc9ba1828908559b850337a4baa073367%3Fs%3D96%26d%3Dmm%26r%3Dg&#038;description=Botonman%C3%ADa\" data-pin-do=\"buttonPin\" data-pin-config=\"beside\"><img src=\"\/\/assets.pinterest.com\/images\/pidgets\/pinit_fg_en_rect_gray_20.png\" \/><\/a><\/div><\/li><li class=\"share-end\"><\/li><\/ul><\/div><\/div><\/div>","protected":false},"author":1,"featured_media":0,"parent":569,"menu_order":6,"comment_status":"open","ping_status":"open","template":"","meta":{"jetpack_post_was_ever_published":false,"footnotes":""},"jetpack_shortlink":"https:\/\/wp.me\/P9BfV-cZ","jetpack_sharing_enabled":true,"_links":{"self":[{"href":"http:\/\/nosolomates.es\/index.php?rest_route=\/wp\/v2\/pages\/805"}],"collection":[{"href":"http:\/\/nosolomates.es\/index.php?rest_route=\/wp\/v2\/pages"}],"about":[{"href":"http:\/\/nosolomates.es\/index.php?rest_route=\/wp\/v2\/types\/page"}],"author":[{"embeddable":true,"href":"http:\/\/nosolomates.es\/index.php?rest_route=\/wp\/v2\/users\/1"}],"replies":[{"embeddable":true,"href":"http:\/\/nosolomates.es\/index.php?rest_route=%2Fwp%2Fv2%2Fcomments&post=805"}],"version-history":[{"count":1,"href":"http:\/\/nosolomates.es\/index.php?rest_route=\/wp\/v2\/pages\/805\/revisions"}],"predecessor-version":[{"id":806,"href":"http:\/\/nosolomates.es\/index.php?rest_route=\/wp\/v2\/pages\/805\/revisions\/806"}],"up":[{"embeddable":true,"href":"http:\/\/nosolomates.es\/index.php?rest_route=\/wp\/v2\/pages\/569"}],"wp:attachment":[{"href":"http:\/\/nosolomates.es\/index.php?rest_route=%2Fwp%2Fv2%2Fmedia&parent=805"}],"curies":[{"name":"wp","href":"https:\/\/api.w.org\/{rel}","templated":true}]}}