{"id":803,"date":"2012-06-06T09:29:05","date_gmt":"2012-06-06T08:29:05","guid":{"rendered":"http:\/\/nosolomates.es\/?page_id=803"},"modified":"2012-06-06T09:29:05","modified_gmt":"2012-06-06T08:29:05","slug":"las-torres-de-hanoi","status":"publish","type":"page","link":"http:\/\/nosolomates.es\/?page_id=803","title":{"rendered":"Las Torres de Hanoi"},"content":{"rendered":"<p><span class=\"bold\">Objetivo:<\/span> Cambiar la torre de la varilla central a una varilla lateral.<\/p>\n<p><center><\/p>\n<div id=\"utilidades\"><iframe loading=\"lazy\" src=\"juegos\/hanoi.htm\" width=\"520\" height=\"300\" scrolling=\"auto\" frameborder=\"0\"><\/p>\n<p>Texto alternativo para browsers que no aceptan iframes.<\/p>\n<p>    <\/iframe><\/div>\n<p><\/center><\/p>\n<h1>C\u00f3mo se juega:<\/h1>\n<p>Tienes que pasar los discos de una varilla a otra. Para mover un disco, pica sobre el para seleccionarlo (se pinta de color amarillo) y despu\u00e9s pica sobre la varilla en el que quieras soltarlo. S\u00f3lo se puede mover el disco situado en lo alto de una torre y no se puede colocar encima de otro disco m\u00e1s peque\u00f1o. <\/p>\n<p><span class=\"bold\">Para Comenzar a jugar:<\/span><br \/>\n* Elige el n\u00famero de discos (es aconsejable comenzar con 3)<br \/>\n* Pulsa en &#8220;Nueva partida&#8221;<br \/>\n* Sigue las instrucciones que aparecen en el cuadro de texto<br \/>\n* Debes saber que, para <em>n<\/em> discos, el n\u00famero m\u00ednimo de movimientos<br \/>\n  necesarios para terminar el juego es&nbsp;&nbsp;2<sup>n<\/sup>-1<\/p>\n<p>NOTA: Este c\u00f3digo es original de <a href=\"mailto:adam@digital-biz.com\">Adam Stock<\/a>, y est\u00e1 en la web <A href=\"http:\/\/javascript.internet.com\" target=\"_blank\">The JavaScript Source<\/A>. Yo lo encontr\u00e9 en <a href=\"http:\/\/utenti.quipo.it\/base5\/index.htm\" target=\"_blank\">Base Cinque &#8211; Appunti di Matematica ricreativa<\/a> y de ah\u00ed hice la traducci\u00f3n al castellano, incluyendo agunas modificaciones.<\/p>\n<div><\/br>&nbsp;<\/div>\n<div class=\"sharedaddy sd-sharing-enabled\"><div class=\"robots-nocontent sd-block sd-social sd-social-official sd-sharing\"><div class=\"sd-content\"><ul><li class=\"share-facebook\"><div class=\"fb-share-button\" data-href=\"http:\/\/nosolomates.es\/?page_id=803\" data-layout=\"button_count\"><\/div><\/li><li class=\"share-twitter\"><a href=\"https:\/\/twitter.com\/share\" class=\"twitter-share-button\" data-url=\"http:\/\/nosolomates.es\/?page_id=803\" data-text=\"Las Torres de Hanoi\"  >Tweet<\/a><\/li><li class=\"share-linkedin\"><div class=\"linkedin_button\"><script type=\"in\/share\" data-url=\"http:\/\/nosolomates.es\/?page_id=803\" data-counter=\"right\"><\/script><\/div><\/li><li class=\"share-pinterest\"><div class=\"pinterest_button\"><a href=\"https:\/\/www.pinterest.com\/pin\/create\/button\/?url=http%3A%2F%2Fnosolomates.es%2F%3Fpage_id%3D803&#038;media=http%3A%2F%2F0.gravatar.com%2Favatar%2Fc9ba1828908559b850337a4baa073367%3Fs%3D96%26d%3Dmm%26r%3Dg&#038;description=Las%20Torres%20de%20Hanoi\" data-pin-do=\"buttonPin\" data-pin-config=\"beside\"><img src=\"\/\/assets.pinterest.com\/images\/pidgets\/pinit_fg_en_rect_gray_20.png\" \/><\/a><\/div><\/li><li class=\"share-end\"><\/li><\/ul><\/div><\/div><\/div>","protected":false},"excerpt":{"rendered":"<p>Objetivo: Cambiar la torre de la varilla central a una varilla lateral. Texto alternativo para browsers que no aceptan iframes. C\u00f3mo se juega: Tienes que pasar los discos de una varilla a otra. Para mover un disco, pica sobre el &hellip; <a href=\"http:\/\/nosolomates.es\/?page_id=803\">Sigue leyendo <span class=\"meta-nav\">&rarr;<\/span><\/a><\/p>\n<div class=\"sharedaddy sd-sharing-enabled\"><div class=\"robots-nocontent sd-block sd-social sd-social-official sd-sharing\"><div class=\"sd-content\"><ul><li class=\"share-facebook\"><div class=\"fb-share-button\" data-href=\"http:\/\/nosolomates.es\/?page_id=803\" data-layout=\"button_count\"><\/div><\/li><li class=\"share-twitter\"><a href=\"https:\/\/twitter.com\/share\" class=\"twitter-share-button\" data-url=\"http:\/\/nosolomates.es\/?page_id=803\" data-text=\"Las Torres de Hanoi\"  >Tweet<\/a><\/li><li class=\"share-linkedin\"><div class=\"linkedin_button\"><script type=\"in\/share\" data-url=\"http:\/\/nosolomates.es\/?page_id=803\" data-counter=\"right\"><\/script><\/div><\/li><li class=\"share-pinterest\"><div class=\"pinterest_button\"><a href=\"https:\/\/www.pinterest.com\/pin\/create\/button\/?url=http%3A%2F%2Fnosolomates.es%2F%3Fpage_id%3D803&#038;media=http%3A%2F%2F0.gravatar.com%2Favatar%2Fc9ba1828908559b850337a4baa073367%3Fs%3D96%26d%3Dmm%26r%3Dg&#038;description=Las%20Torres%20de%20Hanoi\" data-pin-do=\"buttonPin\" data-pin-config=\"beside\"><img src=\"\/\/assets.pinterest.com\/images\/pidgets\/pinit_fg_en_rect_gray_20.png\" \/><\/a><\/div><\/li><li class=\"share-end\"><\/li><\/ul><\/div><\/div><\/div>","protected":false},"author":1,"featured_media":0,"parent":569,"menu_order":5,"comment_status":"open","ping_status":"open","template":"","meta":{"jetpack_post_was_ever_published":false,"footnotes":""},"jetpack_shortlink":"https:\/\/wp.me\/P9BfV-cX","jetpack_sharing_enabled":true,"_links":{"self":[{"href":"http:\/\/nosolomates.es\/index.php?rest_route=\/wp\/v2\/pages\/803"}],"collection":[{"href":"http:\/\/nosolomates.es\/index.php?rest_route=\/wp\/v2\/pages"}],"about":[{"href":"http:\/\/nosolomates.es\/index.php?rest_route=\/wp\/v2\/types\/page"}],"author":[{"embeddable":true,"href":"http:\/\/nosolomates.es\/index.php?rest_route=\/wp\/v2\/users\/1"}],"replies":[{"embeddable":true,"href":"http:\/\/nosolomates.es\/index.php?rest_route=%2Fwp%2Fv2%2Fcomments&post=803"}],"version-history":[{"count":1,"href":"http:\/\/nosolomates.es\/index.php?rest_route=\/wp\/v2\/pages\/803\/revisions"}],"predecessor-version":[{"id":804,"href":"http:\/\/nosolomates.es\/index.php?rest_route=\/wp\/v2\/pages\/803\/revisions\/804"}],"up":[{"embeddable":true,"href":"http:\/\/nosolomates.es\/index.php?rest_route=\/wp\/v2\/pages\/569"}],"wp:attachment":[{"href":"http:\/\/nosolomates.es\/index.php?rest_route=%2Fwp%2Fv2%2Fmedia&parent=803"}],"curies":[{"name":"wp","href":"https:\/\/api.w.org\/{rel}","templated":true}]}}