{"id":799,"date":"2012-06-06T09:26:41","date_gmt":"2012-06-06T08:26:41","guid":{"rendered":"http:\/\/nosolomates.es\/?page_id=799"},"modified":"2012-06-06T09:26:41","modified_gmt":"2012-06-06T08:26:41","slug":"5-en-raya","status":"publish","type":"page","link":"http:\/\/nosolomates.es\/?page_id=799","title":{"rendered":"5 en raya"},"content":{"rendered":"<p><span class=\"bold\">Objetivo:<\/span> Colocar 5 &#8220;<font color=\"#FF0000\"><strong>O<\/strong><\/font>&#8221; en l\u00ednea antes de que el ordenador consiga colocar 5 &#8220;<font color=\"#0000FF\"><strong>X<\/strong><\/font>&#8221; . Las l\u00edneas pueden ser verticales, horizontales o diagonales.<\/p>\n<p><center><\/p>\n<div id=\"utilidades\"><iframe loading=\"lazy\" src=\"juegos\/5enraya.htm\" width=\"480\" height=\"560\" scrolling=\"auto\" frameborder=\"0\"><\/p>\n<p>Texto alternativo para browsers que no aceptan iframes.<\/p>\n<p>    <\/iframe><\/div>\n<p><\/center><\/p>\n<h1>C\u00f3mo se juega:<\/h1>\n<p> Pica en la casilla donde quieres colocar tu ficha. Para comenzar una partida nueva, pulsa en &#8220;Partida nueva&#8221;. Si quieres que empiece a colocar fichas el ordenador, pulsa &#8220;Cambiar&#8221;. En este caso, t\u00fa jugar\u00e1s con las &#8220;<font color=\"#0000FF\"><strong>X<\/strong><\/font>&#8221; . Si quieres volver a empezar t\u00fa, pulsa otra vez &#8220;Cambiar&#8221;.<br \/>\n<BR><span class=\"bold\">\u00a1A divertirse!<\/span> <BR><BR><\/p>\n<p>NOTA: El c\u00f3digo original pertenece a <a href=\"mailto:pts@math.bme.hu\">pts@math.bme.hu<\/a> de Hungr\u00eda. Puedes encontralo en: <a href=\"http:\/\/www.math.bme.hu\/~pts\/pts_js\/pts_js.html\" target=\"_blank\">http:\/\/www.math.bme.hu<\/a>. El dise\u00f1o es de Gianfranco Bo de <a href=\"http:\/\/utenti.quipo.it\/base5\/index.htm\" target=\"_blank\">Base Cinque &#8211; Appunti di Matematica ricreativa<\/a>. Yo he hecho algunos cambios.<\/p>\n<div><\/br>&nbsp;<\/div>\n<div class=\"sharedaddy sd-sharing-enabled\"><div class=\"robots-nocontent sd-block sd-social sd-social-official sd-sharing\"><div class=\"sd-content\"><ul><li class=\"share-facebook\"><div class=\"fb-share-button\" data-href=\"http:\/\/nosolomates.es\/?page_id=799\" data-layout=\"button_count\"><\/div><\/li><li class=\"share-twitter\"><a href=\"https:\/\/twitter.com\/share\" class=\"twitter-share-button\" data-url=\"http:\/\/nosolomates.es\/?page_id=799\" data-text=\"5 en raya\"  >Tweet<\/a><\/li><li class=\"share-linkedin\"><div class=\"linkedin_button\"><script type=\"in\/share\" data-url=\"http:\/\/nosolomates.es\/?page_id=799\" data-counter=\"right\"><\/script><\/div><\/li><li class=\"share-pinterest\"><div class=\"pinterest_button\"><a href=\"https:\/\/www.pinterest.com\/pin\/create\/button\/?url=http%3A%2F%2Fnosolomates.es%2F%3Fpage_id%3D799&#038;media=http%3A%2F%2F0.gravatar.com%2Favatar%2Fc9ba1828908559b850337a4baa073367%3Fs%3D96%26d%3Dmm%26r%3Dg&#038;description=5%20en%20raya\" data-pin-do=\"buttonPin\" data-pin-config=\"beside\"><img src=\"\/\/assets.pinterest.com\/images\/pidgets\/pinit_fg_en_rect_gray_20.png\" \/><\/a><\/div><\/li><li class=\"share-end\"><\/li><\/ul><\/div><\/div><\/div>","protected":false},"excerpt":{"rendered":"<p>Objetivo: Colocar 5 &#8220;O&#8221; en l\u00ednea antes de que el ordenador consiga colocar 5 &#8220;X&#8221; . Las l\u00edneas pueden ser verticales, horizontales o diagonales. Texto alternativo para browsers que no aceptan iframes. C\u00f3mo se juega: Pica en la casilla donde &hellip; <a href=\"http:\/\/nosolomates.es\/?page_id=799\">Sigue leyendo <span class=\"meta-nav\">&rarr;<\/span><\/a><\/p>\n<div class=\"sharedaddy sd-sharing-enabled\"><div class=\"robots-nocontent sd-block sd-social sd-social-official sd-sharing\"><div class=\"sd-content\"><ul><li class=\"share-facebook\"><div class=\"fb-share-button\" data-href=\"http:\/\/nosolomates.es\/?page_id=799\" data-layout=\"button_count\"><\/div><\/li><li class=\"share-twitter\"><a href=\"https:\/\/twitter.com\/share\" class=\"twitter-share-button\" data-url=\"http:\/\/nosolomates.es\/?page_id=799\" data-text=\"5 en raya\"  >Tweet<\/a><\/li><li class=\"share-linkedin\"><div class=\"linkedin_button\"><script type=\"in\/share\" data-url=\"http:\/\/nosolomates.es\/?page_id=799\" data-counter=\"right\"><\/script><\/div><\/li><li class=\"share-pinterest\"><div class=\"pinterest_button\"><a href=\"https:\/\/www.pinterest.com\/pin\/create\/button\/?url=http%3A%2F%2Fnosolomates.es%2F%3Fpage_id%3D799&#038;media=http%3A%2F%2F0.gravatar.com%2Favatar%2Fc9ba1828908559b850337a4baa073367%3Fs%3D96%26d%3Dmm%26r%3Dg&#038;description=5%20en%20raya\" data-pin-do=\"buttonPin\" data-pin-config=\"beside\"><img src=\"\/\/assets.pinterest.com\/images\/pidgets\/pinit_fg_en_rect_gray_20.png\" \/><\/a><\/div><\/li><li class=\"share-end\"><\/li><\/ul><\/div><\/div><\/div>","protected":false},"author":1,"featured_media":0,"parent":569,"menu_order":3,"comment_status":"open","ping_status":"open","template":"","meta":{"jetpack_post_was_ever_published":false,"footnotes":""},"jetpack_shortlink":"https:\/\/wp.me\/P9BfV-cT","jetpack_sharing_enabled":true,"_links":{"self":[{"href":"http:\/\/nosolomates.es\/index.php?rest_route=\/wp\/v2\/pages\/799"}],"collection":[{"href":"http:\/\/nosolomates.es\/index.php?rest_route=\/wp\/v2\/pages"}],"about":[{"href":"http:\/\/nosolomates.es\/index.php?rest_route=\/wp\/v2\/types\/page"}],"author":[{"embeddable":true,"href":"http:\/\/nosolomates.es\/index.php?rest_route=\/wp\/v2\/users\/1"}],"replies":[{"embeddable":true,"href":"http:\/\/nosolomates.es\/index.php?rest_route=%2Fwp%2Fv2%2Fcomments&post=799"}],"version-history":[{"count":1,"href":"http:\/\/nosolomates.es\/index.php?rest_route=\/wp\/v2\/pages\/799\/revisions"}],"predecessor-version":[{"id":800,"href":"http:\/\/nosolomates.es\/index.php?rest_route=\/wp\/v2\/pages\/799\/revisions\/800"}],"up":[{"embeddable":true,"href":"http:\/\/nosolomates.es\/index.php?rest_route=\/wp\/v2\/pages\/569"}],"wp:attachment":[{"href":"http:\/\/nosolomates.es\/index.php?rest_route=%2Fwp%2Fv2%2Fmedia&parent=799"}],"curies":[{"name":"wp","href":"https:\/\/api.w.org\/{rel}","templated":true}]}}