{"id":783,"date":"2012-05-26T23:57:35","date_gmt":"2012-05-26T22:57:35","guid":{"rendered":"http:\/\/nosolomates.es\/?page_id=783"},"modified":"2012-05-26T23:57:35","modified_gmt":"2012-05-26T22:57:35","slug":"%c2%a1atasco","status":"publish","type":"page","link":"http:\/\/nosolomates.es\/?page_id=783","title":{"rendered":"\u00a1Atasco!"},"content":{"rendered":"<p><span class=\"bold\">Objetivo:<\/span> El rect\u00e1ngulo rojo representa tu coche. Debes mover los coches para sacarlo del atasco. Tienes que salir por la derecha.<\/p>\n<p><center><\/p>\n<div id=\"utilidades\"><iframe loading=\"lazy\" src=\"juegos\/atasco.htm\" width=\"520\" height=\"300\" scrolling=\"auto\" frameborder=\"0\"><\/p>\n<p>Texto alternativo para browsers que no aceptan iframes.<\/p>\n<p>    <\/iframe><\/div>\n<p><\/center><\/p>\n<h1>C\u00f3mo se juega:<\/h1>\n<p> Puedes mover los coches usando el rat\u00f3n, pica sobre el coche que quieras mover y, sin soltar, arr\u00e1stralo hasta la posici\u00f3n que desees. Los coches se pueden mover hacia adelante o hacia atr\u00e1s, nunca a los lados, hasta un lugar que est\u00e9 libre. No es necesario decir que unos coches no pueden pasar por encima de otros.<br \/>\n<BR><span class=\"bold\">\u00a1A divertirse!<\/span> <BR><BR><\/p>\n<p>NOTA: Est\u00e9 c\u00f3digo lo encontre en <a href=\"http:\/\/utenti.quipo.it\/base5\/index.htm\" target=\"_blank\">Base Cinque &#8211; Appunti di Matematica ricreativa<\/a>, de Gianfranco Bo, pero pertenece a Dan Steinman, y se distribuye bajo los t\u00e9rminos de la licencia GNU Library General Public en: <a href=\"http:\/\/www.javascript-games.org\" target=\"_blank\">www.javascript-games.org<\/a>. Por mi parte, he incluido algunas modificaciones.<\/p>\n<div><\/br>&nbsp;<\/div>\n<div class=\"sharedaddy sd-sharing-enabled\"><div class=\"robots-nocontent sd-block sd-social sd-social-official sd-sharing\"><div class=\"sd-content\"><ul><li class=\"share-facebook\"><div class=\"fb-share-button\" data-href=\"http:\/\/nosolomates.es\/?page_id=783\" data-layout=\"button_count\"><\/div><\/li><li class=\"share-twitter\"><a href=\"https:\/\/twitter.com\/share\" class=\"twitter-share-button\" data-url=\"http:\/\/nosolomates.es\/?page_id=783\" data-text=\"\u00a1Atasco!\"  >Tweet<\/a><\/li><li class=\"share-linkedin\"><div class=\"linkedin_button\"><script type=\"in\/share\" data-url=\"http:\/\/nosolomates.es\/?page_id=783\" data-counter=\"right\"><\/script><\/div><\/li><li class=\"share-pinterest\"><div class=\"pinterest_button\"><a href=\"https:\/\/www.pinterest.com\/pin\/create\/button\/?url=http%3A%2F%2Fnosolomates.es%2F%3Fpage_id%3D783&#038;media=http%3A%2F%2F0.gravatar.com%2Favatar%2Fc9ba1828908559b850337a4baa073367%3Fs%3D96%26d%3Dmm%26r%3Dg&#038;description=%C2%A1Atasco%21\" data-pin-do=\"buttonPin\" data-pin-config=\"beside\"><img src=\"\/\/assets.pinterest.com\/images\/pidgets\/pinit_fg_en_rect_gray_20.png\" \/><\/a><\/div><\/li><li class=\"share-end\"><\/li><\/ul><\/div><\/div><\/div>","protected":false},"excerpt":{"rendered":"<p>Objetivo: El rect\u00e1ngulo rojo representa tu coche. Debes mover los coches para sacarlo del atasco. Tienes que salir por la derecha. Texto alternativo para browsers que no aceptan iframes. C\u00f3mo se juega: Puedes mover los coches usando el rat\u00f3n, pica &hellip; <a href=\"http:\/\/nosolomates.es\/?page_id=783\">Sigue leyendo <span class=\"meta-nav\">&rarr;<\/span><\/a><\/p>\n<div class=\"sharedaddy sd-sharing-enabled\"><div class=\"robots-nocontent sd-block sd-social sd-social-official sd-sharing\"><div class=\"sd-content\"><ul><li class=\"share-facebook\"><div class=\"fb-share-button\" data-href=\"http:\/\/nosolomates.es\/?page_id=783\" data-layout=\"button_count\"><\/div><\/li><li class=\"share-twitter\"><a href=\"https:\/\/twitter.com\/share\" class=\"twitter-share-button\" data-url=\"http:\/\/nosolomates.es\/?page_id=783\" data-text=\"\u00a1Atasco!\"  >Tweet<\/a><\/li><li class=\"share-linkedin\"><div class=\"linkedin_button\"><script type=\"in\/share\" data-url=\"http:\/\/nosolomates.es\/?page_id=783\" data-counter=\"right\"><\/script><\/div><\/li><li class=\"share-pinterest\"><div class=\"pinterest_button\"><a href=\"https:\/\/www.pinterest.com\/pin\/create\/button\/?url=http%3A%2F%2Fnosolomates.es%2F%3Fpage_id%3D783&#038;media=http%3A%2F%2F0.gravatar.com%2Favatar%2Fc9ba1828908559b850337a4baa073367%3Fs%3D96%26d%3Dmm%26r%3Dg&#038;description=%C2%A1Atasco%21\" data-pin-do=\"buttonPin\" data-pin-config=\"beside\"><img src=\"\/\/assets.pinterest.com\/images\/pidgets\/pinit_fg_en_rect_gray_20.png\" \/><\/a><\/div><\/li><li class=\"share-end\"><\/li><\/ul><\/div><\/div><\/div>","protected":false},"author":1,"featured_media":0,"parent":569,"menu_order":2,"comment_status":"open","ping_status":"open","template":"","meta":{"jetpack_post_was_ever_published":false,"footnotes":""},"jetpack_shortlink":"https:\/\/wp.me\/P9BfV-cD","jetpack_sharing_enabled":true,"_links":{"self":[{"href":"http:\/\/nosolomates.es\/index.php?rest_route=\/wp\/v2\/pages\/783"}],"collection":[{"href":"http:\/\/nosolomates.es\/index.php?rest_route=\/wp\/v2\/pages"}],"about":[{"href":"http:\/\/nosolomates.es\/index.php?rest_route=\/wp\/v2\/types\/page"}],"author":[{"embeddable":true,"href":"http:\/\/nosolomates.es\/index.php?rest_route=\/wp\/v2\/users\/1"}],"replies":[{"embeddable":true,"href":"http:\/\/nosolomates.es\/index.php?rest_route=%2Fwp%2Fv2%2Fcomments&post=783"}],"version-history":[{"count":1,"href":"http:\/\/nosolomates.es\/index.php?rest_route=\/wp\/v2\/pages\/783\/revisions"}],"predecessor-version":[{"id":784,"href":"http:\/\/nosolomates.es\/index.php?rest_route=\/wp\/v2\/pages\/783\/revisions\/784"}],"up":[{"embeddable":true,"href":"http:\/\/nosolomates.es\/index.php?rest_route=\/wp\/v2\/pages\/569"}],"wp:attachment":[{"href":"http:\/\/nosolomates.es\/index.php?rest_route=%2Fwp%2Fv2%2Fmedia&parent=783"}],"curies":[{"name":"wp","href":"https:\/\/api.w.org\/{rel}","templated":true}]}}