{"id":781,"date":"2012-05-26T16:29:28","date_gmt":"2012-05-26T15:29:28","guid":{"rendered":"http:\/\/nosolomates.es\/?page_id=781"},"modified":"2012-05-26T16:29:28","modified_gmt":"2012-05-26T15:29:28","slug":"cuadros","status":"publish","type":"page","link":"http:\/\/nosolomates.es\/?page_id=781","title":{"rendered":"Cuadros"},"content":{"rendered":"<p><span class=\"bold\">Objetivo:<\/span> Conseguir cerrar el mayor n\u00famero de cuadrados rojos.<\/p>\n<p><center><\/p>\n<div id=\"utilidades\"><iframe loading=\"lazy\" src=\"juegos\/cuadros.htm\" width=\"520\" height=\"560\" scrolling=\"auto\" frameborder=\"0\"><\/p>\n<p>Texto alternativo para browsers que no aceptan iframes.<\/p>\n<p>    <\/iframe><\/div>\n<p><\/center><\/p>\n<h1>C\u00f3mo se juega:<\/h1>\n<p>Picando en dos puntos consecutivos, cada uno en su turno, se van dibujando l\u00edneas. Cuando se completa un cuadrado, se rellena del color del jugador que lo cerr\u00f3. \u00a1Ojo! No tiene que estar todo el cuadrado del mismo color. Si un cuadrado tiene 3 lados rojos y el azul lo termina de cerrar, el cuadro punt\u00faa para el azul.<br \/>Gana el jugador que consiga mayor n\u00famero de cuadros al finalizar el tablero.<br \/>\nComienzas t\u00fa con el color rojo.<\/p>\n<p>NOTA: El c\u00f3digo original pertenece a <a href=\"mailto:mike_mcgrath@lineone.net\">Mike McGrath<\/a>, y puedes encontralo en: <a href=\"http:\/\/javascript.internet.com\/\" target=\"_blank\">The Javascript Source<\/a>. Yo lo encontr\u00e9 en <a href=\"http:\/\/utenti.quipo.it\/base5\/index.htm\" target=\"_blank\">Base Cinque &#8211; Appunti di Matematica ricreativa<\/a> y cambi\u00e9 el dise\u00f1o.<\/p>\n<div><\/br>&nbsp;<\/div>\n<div class=\"sharedaddy sd-sharing-enabled\"><div class=\"robots-nocontent sd-block sd-social sd-social-official sd-sharing\"><div class=\"sd-content\"><ul><li class=\"share-facebook\"><div class=\"fb-share-button\" data-href=\"http:\/\/nosolomates.es\/?page_id=781\" data-layout=\"button_count\"><\/div><\/li><li class=\"share-twitter\"><a href=\"https:\/\/twitter.com\/share\" class=\"twitter-share-button\" data-url=\"http:\/\/nosolomates.es\/?page_id=781\" data-text=\"Cuadros\"  >Tweet<\/a><\/li><li class=\"share-linkedin\"><div class=\"linkedin_button\"><script type=\"in\/share\" data-url=\"http:\/\/nosolomates.es\/?page_id=781\" data-counter=\"right\"><\/script><\/div><\/li><li class=\"share-pinterest\"><div class=\"pinterest_button\"><a href=\"https:\/\/www.pinterest.com\/pin\/create\/button\/?url=http%3A%2F%2Fnosolomates.es%2F%3Fpage_id%3D781&#038;media=http%3A%2F%2F0.gravatar.com%2Favatar%2Fc9ba1828908559b850337a4baa073367%3Fs%3D96%26d%3Dmm%26r%3Dg&#038;description=Cuadros\" data-pin-do=\"buttonPin\" data-pin-config=\"beside\"><img src=\"\/\/assets.pinterest.com\/images\/pidgets\/pinit_fg_en_rect_gray_20.png\" \/><\/a><\/div><\/li><li class=\"share-end\"><\/li><\/ul><\/div><\/div><\/div>","protected":false},"excerpt":{"rendered":"<p>Objetivo: Conseguir cerrar el mayor n\u00famero de cuadrados rojos. Texto alternativo para browsers que no aceptan iframes. C\u00f3mo se juega: Picando en dos puntos consecutivos, cada uno en su turno, se van dibujando l\u00edneas. Cuando se completa un cuadrado, se &hellip; <a href=\"http:\/\/nosolomates.es\/?page_id=781\">Sigue leyendo <span class=\"meta-nav\">&rarr;<\/span><\/a><\/p>\n<div class=\"sharedaddy sd-sharing-enabled\"><div class=\"robots-nocontent sd-block sd-social sd-social-official sd-sharing\"><div class=\"sd-content\"><ul><li class=\"share-facebook\"><div class=\"fb-share-button\" data-href=\"http:\/\/nosolomates.es\/?page_id=781\" data-layout=\"button_count\"><\/div><\/li><li class=\"share-twitter\"><a href=\"https:\/\/twitter.com\/share\" class=\"twitter-share-button\" data-url=\"http:\/\/nosolomates.es\/?page_id=781\" data-text=\"Cuadros\"  >Tweet<\/a><\/li><li class=\"share-linkedin\"><div class=\"linkedin_button\"><script type=\"in\/share\" data-url=\"http:\/\/nosolomates.es\/?page_id=781\" data-counter=\"right\"><\/script><\/div><\/li><li class=\"share-pinterest\"><div class=\"pinterest_button\"><a href=\"https:\/\/www.pinterest.com\/pin\/create\/button\/?url=http%3A%2F%2Fnosolomates.es%2F%3Fpage_id%3D781&#038;media=http%3A%2F%2F0.gravatar.com%2Favatar%2Fc9ba1828908559b850337a4baa073367%3Fs%3D96%26d%3Dmm%26r%3Dg&#038;description=Cuadros\" data-pin-do=\"buttonPin\" data-pin-config=\"beside\"><img src=\"\/\/assets.pinterest.com\/images\/pidgets\/pinit_fg_en_rect_gray_20.png\" \/><\/a><\/div><\/li><li class=\"share-end\"><\/li><\/ul><\/div><\/div><\/div>","protected":false},"author":1,"featured_media":0,"parent":569,"menu_order":1,"comment_status":"open","ping_status":"open","template":"","meta":{"jetpack_post_was_ever_published":false,"footnotes":""},"jetpack_shortlink":"https:\/\/wp.me\/P9BfV-cB","jetpack_sharing_enabled":true,"_links":{"self":[{"href":"http:\/\/nosolomates.es\/index.php?rest_route=\/wp\/v2\/pages\/781"}],"collection":[{"href":"http:\/\/nosolomates.es\/index.php?rest_route=\/wp\/v2\/pages"}],"about":[{"href":"http:\/\/nosolomates.es\/index.php?rest_route=\/wp\/v2\/types\/page"}],"author":[{"embeddable":true,"href":"http:\/\/nosolomates.es\/index.php?rest_route=\/wp\/v2\/users\/1"}],"replies":[{"embeddable":true,"href":"http:\/\/nosolomates.es\/index.php?rest_route=%2Fwp%2Fv2%2Fcomments&post=781"}],"version-history":[{"count":1,"href":"http:\/\/nosolomates.es\/index.php?rest_route=\/wp\/v2\/pages\/781\/revisions"}],"predecessor-version":[{"id":782,"href":"http:\/\/nosolomates.es\/index.php?rest_route=\/wp\/v2\/pages\/781\/revisions\/782"}],"up":[{"embeddable":true,"href":"http:\/\/nosolomates.es\/index.php?rest_route=\/wp\/v2\/pages\/569"}],"wp:attachment":[{"href":"http:\/\/nosolomates.es\/index.php?rest_route=%2Fwp%2Fv2%2Fmedia&parent=781"}],"curies":[{"name":"wp","href":"https:\/\/api.w.org\/{rel}","templated":true}]}}