{"id":744,"date":"2012-04-12T14:57:08","date_gmt":"2012-04-12T13:57:08","guid":{"rendered":"http:\/\/nosolomates.es\/?page_id=744"},"modified":"2012-04-12T14:57:08","modified_gmt":"2012-04-12T13:57:08","slug":"convertidor-de-medidas","status":"publish","type":"page","link":"http:\/\/nosolomates.es\/?page_id=744","title":{"rendered":"Convertidor de medidas"},"content":{"rendered":"<p>Herramienta para medidas de unas unidades a otras. Primero selecciona la magnitud que quieras convertir (Longitud, capacidad, peso o temperatura). Despu\u00e9s, introduce la cantidad conocida en la caja correspondiente y pulsa &#8220;Calcular&#8221; para pasar a las dem\u00e1s unidades. (Para calcular de nuevo, pulsa primero el bot\u00f3n &#8220;Borrar campos&#8221;)<\/p>\n<p><center><\/p>\n<div id=\"utilidades\"><h7><iframe loading=\"lazy\" src=\"web\/convertidor.htm\" width=\"470\" height=\"320\" scrolling=\"auto\" frameborder=\"0\"><\/p>\n<p>Texto alternativo para browsers que no aceptan iframes.<\/p>\n<p>    <\/iframe><\/h7><\/div>\n<p><\/center><br \/>\n<\/p>\n<h1>Explicaci\u00f3n:<\/h1>\n<p><\/p>\n<p>Uno de los motivos que llev\u00f3 a la aparici\u00f3n de los n\u00fameros fue la necesidad de medir y, al igual que los sistemas de numeraci\u00f3n, cada pueblo invent\u00f3 su propio sistema de medidas. Sin embargo, a diferencia de los n\u00fameros, que en la actualidad todo el mundo utiliza los mismos, los sistemas de medida siguen siendo diversos. Aunque la mayor\u00eda de los pa\u00edses adopt\u00f3 el llamado Sistema Internacional (S.I.), que tiene como unidades de medida el Metro, el Kilogramo y el Litro, los pa\u00edses anglosajones miden en otras unidades (Yardas, Millas, Pulgadas, Galones&#8230; )<\/p>\n<p>As\u00ed, es muy com\u00fan escuchar (sobre todo en las pel\u00edculas) frases como &#8220;a 10.000 pies de altura&#8221; o &#8220;velocidad de 140 millas por hora&#8221;.<\/p>\n<p>Esto ha dado lugar a muchas equivocaciones, unas anecd\u00f3ticas y otras no tanto. Por ejemplo, en 1999, la sonda <i>Mars Climate<\/i>, enviada por la NASA a Marte, se estrell\u00f3 contra la superficie del planeta. Lo que ocurri\u00f3 fue que, de las empresas contratadas para fabricar y programar la sonda, unas trabajaban con el sistema anglosaj\u00f3n de unidades y otros con el Sistema Internacional. Lo que para muchos puede parecer una &#8220;tonter\u00eda&#8221;, les cost\u00f3 125 millones de dolares&#8230;<\/p>\n<div><\/br>&nbsp;<\/div>\n<div class=\"sharedaddy sd-sharing-enabled\"><div class=\"robots-nocontent sd-block sd-social sd-social-official sd-sharing\"><div class=\"sd-content\"><ul><li class=\"share-facebook\"><div class=\"fb-share-button\" data-href=\"http:\/\/nosolomates.es\/?page_id=744\" data-layout=\"button_count\"><\/div><\/li><li class=\"share-twitter\"><a href=\"https:\/\/twitter.com\/share\" class=\"twitter-share-button\" data-url=\"http:\/\/nosolomates.es\/?page_id=744\" data-text=\"Convertidor de medidas\"  >Tweet<\/a><\/li><li class=\"share-linkedin\"><div class=\"linkedin_button\"><script type=\"in\/share\" data-url=\"http:\/\/nosolomates.es\/?page_id=744\" data-counter=\"right\"><\/script><\/div><\/li><li class=\"share-pinterest\"><div class=\"pinterest_button\"><a href=\"https:\/\/www.pinterest.com\/pin\/create\/button\/?url=http%3A%2F%2Fnosolomates.es%2F%3Fpage_id%3D744&#038;media=http%3A%2F%2F0.gravatar.com%2Favatar%2Fc9ba1828908559b850337a4baa073367%3Fs%3D96%26d%3Dmm%26r%3Dg&#038;description=Convertidor%20de%20medidas\" data-pin-do=\"buttonPin\" data-pin-config=\"beside\"><img src=\"\/\/assets.pinterest.com\/images\/pidgets\/pinit_fg_en_rect_gray_20.png\" \/><\/a><\/div><\/li><li class=\"share-end\"><\/li><\/ul><\/div><\/div><\/div>","protected":false},"excerpt":{"rendered":"<p>Herramienta para medidas de unas unidades a otras. Primero selecciona la magnitud que quieras convertir (Longitud, capacidad, peso o temperatura). Despu\u00e9s, introduce la cantidad conocida en la caja correspondiente y pulsa &#8220;Calcular&#8221; para pasar a las dem\u00e1s unidades. (Para calcular &hellip; <a href=\"http:\/\/nosolomates.es\/?page_id=744\">Sigue leyendo <span class=\"meta-nav\">&rarr;<\/span><\/a><\/p>\n<div class=\"sharedaddy sd-sharing-enabled\"><div class=\"robots-nocontent sd-block sd-social sd-social-official sd-sharing\"><div class=\"sd-content\"><ul><li class=\"share-facebook\"><div class=\"fb-share-button\" data-href=\"http:\/\/nosolomates.es\/?page_id=744\" data-layout=\"button_count\"><\/div><\/li><li class=\"share-twitter\"><a href=\"https:\/\/twitter.com\/share\" class=\"twitter-share-button\" data-url=\"http:\/\/nosolomates.es\/?page_id=744\" data-text=\"Convertidor de medidas\"  >Tweet<\/a><\/li><li class=\"share-linkedin\"><div class=\"linkedin_button\"><script type=\"in\/share\" data-url=\"http:\/\/nosolomates.es\/?page_id=744\" data-counter=\"right\"><\/script><\/div><\/li><li class=\"share-pinterest\"><div class=\"pinterest_button\"><a href=\"https:\/\/www.pinterest.com\/pin\/create\/button\/?url=http%3A%2F%2Fnosolomates.es%2F%3Fpage_id%3D744&#038;media=http%3A%2F%2F0.gravatar.com%2Favatar%2Fc9ba1828908559b850337a4baa073367%3Fs%3D96%26d%3Dmm%26r%3Dg&#038;description=Convertidor%20de%20medidas\" data-pin-do=\"buttonPin\" data-pin-config=\"beside\"><img src=\"\/\/assets.pinterest.com\/images\/pidgets\/pinit_fg_en_rect_gray_20.png\" \/><\/a><\/div><\/li><li class=\"share-end\"><\/li><\/ul><\/div><\/div><\/div>","protected":false},"author":1,"featured_media":0,"parent":629,"menu_order":5,"comment_status":"open","ping_status":"open","template":"","meta":{"jetpack_post_was_ever_published":false,"footnotes":""},"jetpack_shortlink":"https:\/\/wp.me\/P9BfV-c0","jetpack_sharing_enabled":true,"_links":{"self":[{"href":"http:\/\/nosolomates.es\/index.php?rest_route=\/wp\/v2\/pages\/744"}],"collection":[{"href":"http:\/\/nosolomates.es\/index.php?rest_route=\/wp\/v2\/pages"}],"about":[{"href":"http:\/\/nosolomates.es\/index.php?rest_route=\/wp\/v2\/types\/page"}],"author":[{"embeddable":true,"href":"http:\/\/nosolomates.es\/index.php?rest_route=\/wp\/v2\/users\/1"}],"replies":[{"embeddable":true,"href":"http:\/\/nosolomates.es\/index.php?rest_route=%2Fwp%2Fv2%2Fcomments&post=744"}],"version-history":[{"count":1,"href":"http:\/\/nosolomates.es\/index.php?rest_route=\/wp\/v2\/pages\/744\/revisions"}],"predecessor-version":[{"id":745,"href":"http:\/\/nosolomates.es\/index.php?rest_route=\/wp\/v2\/pages\/744\/revisions\/745"}],"up":[{"embeddable":true,"href":"http:\/\/nosolomates.es\/index.php?rest_route=\/wp\/v2\/pages\/629"}],"wp:attachment":[{"href":"http:\/\/nosolomates.es\/index.php?rest_route=%2Fwp%2Fv2%2Fmedia&parent=744"}],"curies":[{"name":"wp","href":"https:\/\/api.w.org\/{rel}","templated":true}]}}