{"id":658,"date":"2012-04-01T15:23:16","date_gmt":"2012-04-01T14:23:16","guid":{"rendered":"http:\/\/nosolomates.es\/?page_id=658"},"modified":"2012-04-01T15:23:16","modified_gmt":"2012-04-01T14:23:16","slug":"incremento-porcentual","status":"publish","type":"page","link":"http:\/\/nosolomates.es\/?page_id=658","title":{"rendered":"Incremento porcentual"},"content":{"rendered":"<p>Herramienta para calcular el porcentaje de incremento entre dos valores. Introduce los n\u00fameros en las cajas y pulsa &#8220;Calcular&#8221;.<\/p>\n<p><center><\/p>\n<div id=\"utilidades\"><h7><iframe loading=\"lazy\" src=\"web\/incremento.htm\" width=\"470\" height=\"220\" scrolling=\"auto\" frameborder=\"0\"><\/p>\n<p>Texto alternativo para browsers que no aceptan iframes.<\/p>\n<p>    <\/iframe><\/h7><\/div>\n<p><\/center><br \/>\n<\/p>\n<h1>Explicaci\u00f3n:<\/h1>\n<p><\/p>\n<p>A diario vemos en los peri\u00f3dicos noticias como: &#8220;Las muertes en accidentes de tr\u00e1fico han disminuido un 12&#8217;3% respecto al a\u00f1o pasado.&#8221;, &#8220;El n\u00famero de parados aument\u00f3 el pasado mes en un 8&#8217;6%.&#8221;, o &#8220;Se prev\u00e9 una subida del IPC del 2% para el pr\u00f3ximo a\u00f1o.&#8221;<br \/>\nTodas tienen en com\u00fan un incremento (o disminuci\u00f3n) porcentual. Se trata de comparar dos cantidades y dar el % de variaci\u00f3n. <\/p>\n<p>Por ejemplo, si ten\u00edamos 100 y ahora tenemos 120, es f\u00e1cil ver que la cantidad ha aumentado el 20%.<\/p>\n<p>Para calcularlo, sabemos que tiene que cumplirse que:<br \/>\n<center><\/p>\n<p class=\"bold\">A + x% de A = B<\/p>\n<p><\/center><\/p>\n<p>donde A es la cantidad inicial y B la cantidad final. Despejando la inc\u00f3gnita, tenemos:<\/p>\n<p>\n<center><img decoding=\"async\" src=\"web\/imagenes\/incremento.gif\"><\/center><\/p>\n<p>que es el porcentaje de incremento buscado.<\/p>\n<div><\/br>&nbsp;<\/div>\n<div class=\"sharedaddy sd-sharing-enabled\"><div class=\"robots-nocontent sd-block sd-social sd-social-official sd-sharing\"><div class=\"sd-content\"><ul><li class=\"share-facebook\"><div class=\"fb-share-button\" data-href=\"http:\/\/nosolomates.es\/?page_id=658\" data-layout=\"button_count\"><\/div><\/li><li class=\"share-twitter\"><a href=\"https:\/\/twitter.com\/share\" class=\"twitter-share-button\" data-url=\"http:\/\/nosolomates.es\/?page_id=658\" data-text=\"Incremento porcentual\"  >Tweet<\/a><\/li><li class=\"share-linkedin\"><div class=\"linkedin_button\"><script type=\"in\/share\" data-url=\"http:\/\/nosolomates.es\/?page_id=658\" data-counter=\"right\"><\/script><\/div><\/li><li class=\"share-pinterest\"><div class=\"pinterest_button\"><a href=\"https:\/\/www.pinterest.com\/pin\/create\/button\/?url=http%3A%2F%2Fnosolomates.es%2F%3Fpage_id%3D658&#038;media=http%3A%2F%2F0.gravatar.com%2Favatar%2Fc9ba1828908559b850337a4baa073367%3Fs%3D96%26d%3Dmm%26r%3Dg&#038;description=Incremento%20porcentual\" data-pin-do=\"buttonPin\" data-pin-config=\"beside\"><img src=\"\/\/assets.pinterest.com\/images\/pidgets\/pinit_fg_en_rect_gray_20.png\" \/><\/a><\/div><\/li><li class=\"share-end\"><\/li><\/ul><\/div><\/div><\/div>","protected":false},"excerpt":{"rendered":"<p>Herramienta para calcular el porcentaje de incremento entre dos valores. Introduce los n\u00fameros en las cajas y pulsa &#8220;Calcular&#8221;. Texto alternativo para browsers que no aceptan iframes. Explicaci\u00f3n: A diario vemos en los peri\u00f3dicos noticias como: &#8220;Las muertes en accidentes &hellip; <a href=\"http:\/\/nosolomates.es\/?page_id=658\">Sigue leyendo <span class=\"meta-nav\">&rarr;<\/span><\/a><\/p>\n<div class=\"sharedaddy sd-sharing-enabled\"><div class=\"robots-nocontent sd-block sd-social sd-social-official sd-sharing\"><div class=\"sd-content\"><ul><li class=\"share-facebook\"><div class=\"fb-share-button\" data-href=\"http:\/\/nosolomates.es\/?page_id=658\" data-layout=\"button_count\"><\/div><\/li><li class=\"share-twitter\"><a href=\"https:\/\/twitter.com\/share\" class=\"twitter-share-button\" data-url=\"http:\/\/nosolomates.es\/?page_id=658\" data-text=\"Incremento porcentual\"  >Tweet<\/a><\/li><li class=\"share-linkedin\"><div class=\"linkedin_button\"><script type=\"in\/share\" data-url=\"http:\/\/nosolomates.es\/?page_id=658\" data-counter=\"right\"><\/script><\/div><\/li><li class=\"share-pinterest\"><div class=\"pinterest_button\"><a href=\"https:\/\/www.pinterest.com\/pin\/create\/button\/?url=http%3A%2F%2Fnosolomates.es%2F%3Fpage_id%3D658&#038;media=http%3A%2F%2F0.gravatar.com%2Favatar%2Fc9ba1828908559b850337a4baa073367%3Fs%3D96%26d%3Dmm%26r%3Dg&#038;description=Incremento%20porcentual\" data-pin-do=\"buttonPin\" data-pin-config=\"beside\"><img src=\"\/\/assets.pinterest.com\/images\/pidgets\/pinit_fg_en_rect_gray_20.png\" \/><\/a><\/div><\/li><li class=\"share-end\"><\/li><\/ul><\/div><\/div><\/div>","protected":false},"author":1,"featured_media":0,"parent":625,"menu_order":1,"comment_status":"open","ping_status":"open","template":"","meta":{"jetpack_post_was_ever_published":false,"footnotes":""},"jetpack_shortlink":"https:\/\/wp.me\/P9BfV-aC","jetpack_sharing_enabled":true,"_links":{"self":[{"href":"http:\/\/nosolomates.es\/index.php?rest_route=\/wp\/v2\/pages\/658"}],"collection":[{"href":"http:\/\/nosolomates.es\/index.php?rest_route=\/wp\/v2\/pages"}],"about":[{"href":"http:\/\/nosolomates.es\/index.php?rest_route=\/wp\/v2\/types\/page"}],"author":[{"embeddable":true,"href":"http:\/\/nosolomates.es\/index.php?rest_route=\/wp\/v2\/users\/1"}],"replies":[{"embeddable":true,"href":"http:\/\/nosolomates.es\/index.php?rest_route=%2Fwp%2Fv2%2Fcomments&post=658"}],"version-history":[{"count":1,"href":"http:\/\/nosolomates.es\/index.php?rest_route=\/wp\/v2\/pages\/658\/revisions"}],"predecessor-version":[{"id":659,"href":"http:\/\/nosolomates.es\/index.php?rest_route=\/wp\/v2\/pages\/658\/revisions\/659"}],"up":[{"embeddable":true,"href":"http:\/\/nosolomates.es\/index.php?rest_route=\/wp\/v2\/pages\/625"}],"wp:attachment":[{"href":"http:\/\/nosolomates.es\/index.php?rest_route=%2Fwp%2Fv2%2Fmedia&parent=658"}],"curies":[{"name":"wp","href":"https:\/\/api.w.org\/{rel}","templated":true}]}}