{"id":641,"date":"2012-04-01T00:06:58","date_gmt":"2012-03-31T23:06:58","guid":{"rendered":"http:\/\/nosolomates.es\/?page_id=641"},"modified":"2012-04-01T00:06:58","modified_gmt":"2012-03-31T23:06:58","slug":"fracciones","status":"publish","type":"page","link":"http:\/\/nosolomates.es\/?page_id=641","title":{"rendered":"Fracciones"},"content":{"rendered":"<p>Herramienta para resolver operaciones con fracciones. Escribe los numeradores y los denominadores de las dos fracciones y pulsa el bot\u00f3n correspondiente a la operaci\u00f3n que quieras hacer.<\/p>\n<p><center><\/p>\n<div id=\"utilidades\"><h7><iframe loading=\"lazy\" src=\"web\/fracciones.htm\" width=\"470\" height=\"240\" scrolling=\"auto\" frameborder=\"0\"><\/p>\n<p>Texto alternativo para browsers que no aceptan iframes.<\/p>\n<p>    <\/iframe><\/h7><\/div>\n<p><\/center><br \/>\n<\/p>\n<h1>Explicaci\u00f3n:<\/h1>\n<p><\/p>\n<p>Dadas dos fraciones <b>a\/b<\/b> y <b>c\/d<\/b> podemos obtener f\u00e1cilmente la suma, resta, multiplicaci\u00f3n y divisi\u00f3n de ambas.<\/p>\n<p><font color=\"blue\"><u>SUMA:<\/u><\/font><\/p>\n<p>Si es posible simplificar alguna fracci\u00f3n, se simplifica (dividiendo el numerador y el denominador por un mismo n\u00famero). Despu\u00e9s, se reducen las fracciones a com\u00fan denominador, es decir, se cambian por fracciones equivalentes cuyo denominador sea el m\u00ednimo com\u00fan m\u00faltiplo de los denominadores. Una vez que las dos fracciones tienen el mismo denominador, se suman los numeradores y se deja el denominador.<\/p>\n<\/div>\n<p><\/p>\n<p><font color=\"blue\"><u>RESTA:<\/u><\/font><\/p>\n<p>Si es posible simplificar alguna fracci\u00f3n, se simplifica (dividiendo el numerador y el denominador por un mismo n\u00famero). Despu\u00e9s, se reducen las fracciones a com\u00fan denominador, es decir, se cambian por fracciones equivalentes cuyo denominador sea el m\u00ednimo com\u00fan m\u00faltiplo de los denominadores. Una vez que las dos fracciones tienen el mismo denominador, se restan los numeradores y se deja el denominador<\/p>\n<p><font color=\"blue\"><u>PRODUCTO:<\/u><\/font><\/p>\n<p>Si es posible simplificar alguna fracci\u00f3n, se simplifica (dividiendo el numerador y el denominador por un mismo n\u00famero).  En el caso de las multiplicaciones, se puede simplificar cualquier numerador con cualquier denominador. Despu\u00e9s, simplemente se multiplica numerador por numerador y denominador por denominador<br \/>\n<center><img decoding=\"async\" src=\"web\/imagenes\/producto.gif\"><\/center><br \/>\n<font color=\"blue\"><u>DIVISI\u00d3N:<\/u><\/font><\/p>\n<p>Para dividir, se multiplica la primera fracci\u00f3n por la inversa de la segunda, aplicando ahora las reglas del producto.<br \/>\n<center><img decoding=\"async\" src=\"web\/imagenes\/division.gif\"><\/center><\/p>\n<p><font color=\"red\">NOTA: No olvides simplificar los resultados a fracciones equivalentes m\u00e1s sencillas en caso de ser posible.<\/font><\/p>\n<div><\/br>&nbsp;<\/div>\n<div class=\"sharedaddy sd-sharing-enabled\"><div class=\"robots-nocontent sd-block sd-social sd-social-official sd-sharing\"><div class=\"sd-content\"><ul><li class=\"share-facebook\"><div class=\"fb-share-button\" data-href=\"http:\/\/nosolomates.es\/?page_id=641\" data-layout=\"button_count\"><\/div><\/li><li class=\"share-twitter\"><a href=\"https:\/\/twitter.com\/share\" class=\"twitter-share-button\" data-url=\"http:\/\/nosolomates.es\/?page_id=641\" data-text=\"Fracciones\"  >Tweet<\/a><\/li><li class=\"share-linkedin\"><div class=\"linkedin_button\"><script type=\"in\/share\" data-url=\"http:\/\/nosolomates.es\/?page_id=641\" data-counter=\"right\"><\/script><\/div><\/li><li class=\"share-pinterest\"><div class=\"pinterest_button\"><a href=\"https:\/\/www.pinterest.com\/pin\/create\/button\/?url=http%3A%2F%2Fnosolomates.es%2F%3Fpage_id%3D641&#038;media=http%3A%2F%2F0.gravatar.com%2Favatar%2Fc9ba1828908559b850337a4baa073367%3Fs%3D96%26d%3Dmm%26r%3Dg&#038;description=Fracciones\" data-pin-do=\"buttonPin\" data-pin-config=\"beside\"><img src=\"\/\/assets.pinterest.com\/images\/pidgets\/pinit_fg_en_rect_gray_20.png\" \/><\/a><\/div><\/li><li class=\"share-end\"><\/li><\/ul><\/div><\/div><\/div>","protected":false},"excerpt":{"rendered":"<p>Herramienta para resolver operaciones con fracciones. Escribe los numeradores y los denominadores de las dos fracciones y pulsa el bot\u00f3n correspondiente a la operaci\u00f3n que quieras hacer. Texto alternativo para browsers que no aceptan iframes. Explicaci\u00f3n: Dadas dos fraciones a\/b &hellip; <a href=\"http:\/\/nosolomates.es\/?page_id=641\">Sigue leyendo <span class=\"meta-nav\">&rarr;<\/span><\/a><\/p>\n<div class=\"sharedaddy sd-sharing-enabled\"><div class=\"robots-nocontent sd-block sd-social sd-social-official sd-sharing\"><div class=\"sd-content\"><ul><li class=\"share-facebook\"><div class=\"fb-share-button\" data-href=\"http:\/\/nosolomates.es\/?page_id=641\" data-layout=\"button_count\"><\/div><\/li><li class=\"share-twitter\"><a href=\"https:\/\/twitter.com\/share\" class=\"twitter-share-button\" data-url=\"http:\/\/nosolomates.es\/?page_id=641\" data-text=\"Fracciones\"  >Tweet<\/a><\/li><li class=\"share-linkedin\"><div class=\"linkedin_button\"><script type=\"in\/share\" data-url=\"http:\/\/nosolomates.es\/?page_id=641\" data-counter=\"right\"><\/script><\/div><\/li><li class=\"share-pinterest\"><div class=\"pinterest_button\"><a href=\"https:\/\/www.pinterest.com\/pin\/create\/button\/?url=http%3A%2F%2Fnosolomates.es%2F%3Fpage_id%3D641&#038;media=http%3A%2F%2F0.gravatar.com%2Favatar%2Fc9ba1828908559b850337a4baa073367%3Fs%3D96%26d%3Dmm%26r%3Dg&#038;description=Fracciones\" data-pin-do=\"buttonPin\" data-pin-config=\"beside\"><img src=\"\/\/assets.pinterest.com\/images\/pidgets\/pinit_fg_en_rect_gray_20.png\" \/><\/a><\/div><\/li><li class=\"share-end\"><\/li><\/ul><\/div><\/div><\/div>","protected":false},"author":1,"featured_media":0,"parent":623,"menu_order":6,"comment_status":"open","ping_status":"open","template":"","meta":{"jetpack_post_was_ever_published":false,"footnotes":""},"jetpack_shortlink":"https:\/\/wp.me\/P9BfV-al","jetpack_sharing_enabled":true,"_links":{"self":[{"href":"http:\/\/nosolomates.es\/index.php?rest_route=\/wp\/v2\/pages\/641"}],"collection":[{"href":"http:\/\/nosolomates.es\/index.php?rest_route=\/wp\/v2\/pages"}],"about":[{"href":"http:\/\/nosolomates.es\/index.php?rest_route=\/wp\/v2\/types\/page"}],"author":[{"embeddable":true,"href":"http:\/\/nosolomates.es\/index.php?rest_route=\/wp\/v2\/users\/1"}],"replies":[{"embeddable":true,"href":"http:\/\/nosolomates.es\/index.php?rest_route=%2Fwp%2Fv2%2Fcomments&post=641"}],"version-history":[{"count":1,"href":"http:\/\/nosolomates.es\/index.php?rest_route=\/wp\/v2\/pages\/641\/revisions"}],"predecessor-version":[{"id":642,"href":"http:\/\/nosolomates.es\/index.php?rest_route=\/wp\/v2\/pages\/641\/revisions\/642"}],"up":[{"embeddable":true,"href":"http:\/\/nosolomates.es\/index.php?rest_route=\/wp\/v2\/pages\/623"}],"wp:attachment":[{"href":"http:\/\/nosolomates.es\/index.php?rest_route=%2Fwp%2Fv2%2Fmedia&parent=641"}],"curies":[{"name":"wp","href":"https:\/\/api.w.org\/{rel}","templated":true}]}}